{"id":1531,"date":"2016-02-03T18:47:02","date_gmt":"2016-02-03T18:47:02","guid":{"rendered":"https:\/\/cwn-rce.ca\/fr\/?page_id=1531"},"modified":"2025-09-24T14:01:19","modified_gmt":"2025-09-24T18:01:19","slug":"evenements","status":"publish","type":"page","link":"https:\/\/cwn-rce.ca\/fr\/evenements\/","title":{"rendered":"\u00c9v\u00e9nements"},"content":{"rendered":"<p><div class=\"fusion-fullwidth fullwidth-box fusion-builder-row-1 fusion-flex-container nonhundred-percent-fullwidth non-hundred-percent-height-scrolling\" style=\"--awb-background-position:left top;--awb-border-sizes-top:0px;--awb-border-sizes-bottom:0px;--awb-border-sizes-left:0px;--awb-border-sizes-right:0px;--awb-border-radius-top-left:0px;--awb-border-radius-top-right:0px;--awb-border-radius-bottom-right:0px;--awb-border-radius-bottom-left:0px;--awb-padding-top:30px;--awb-padding-bottom:0px;--awb-flex-wrap:wrap;\" ><div class=\"fusion-builder-row fusion-row fusion-flex-align-items-flex-start fusion-flex-content-wrap\" style=\"max-width:1144px;margin-left: calc(-4% \/ 2 );margin-right: calc(-4% \/ 2 );\"><div class=\"fusion-layout-column fusion_builder_column fusion-builder-column-0 fusion_builder_column_1_1 1_1 fusion-flex-column\" style=\"--awb-bg-blend:overlay;--awb-bg-size:cover;--awb-width-large:100%;--awb-margin-top-large:0px;--awb-spacing-right-large:1.92%;--awb-margin-bottom-large:20px;--awb-spacing-left-large:1.92%;--awb-width-medium:100%;--awb-spacing-right-medium:1.92%;--awb-spacing-left-medium:1.92%;--awb-width-small:100%;--awb-spacing-right-small:1.92%;--awb-spacing-left-small:1.92%;\"><div class=\"fusion-column-wrapper fusion-flex-justify-content-flex-start fusion-content-layout-column\"><div class=\"fusion-text fusion-text-1\"><p>Les participants reviennent ann\u00e9e apr\u00e8s ann\u00e9e aux \u00e9v\u00e9nements organis\u00e9s par le R\u00e9seau canadien de l\u2019eau (RCE). Ils viennent pour nouer des liens avec leurs pairs et des leaders d\u2019opinion. Les participants viennent \u00e9galement pour participer \u00e0 des discussions sur des solutions et des approches innovantes visant \u00e0 faire progresser les d\u00e9fis prioritaires en mati\u00e8re de gestion de l\u2019eau.<\/p>\n<p>Dans cette optique, nos \u00e9v\u00e9nements sont soigneusement con\u00e7us pour attirer et mettre en relation les bonnes personnes issues du gouvernement, de l\u2019industrie, du monde universitaire et d\u2019autres secteurs. Ces rassemblements offrent des occasions de r\u00e9seauter, de partager des id\u00e9es et de nouer des partenariats durables et fructueux. Il en r\u00e9sulte un environnement dynamique qui favorise les initiatives conjointes futures et des possibilit\u00e9s d\u2019apprentissage enrichissantes.<\/p>\n<\/div><\/div><\/div><\/div><\/div><div class=\"fusion-fullwidth fullwidth-box fusion-builder-row-2 fusion-flex-container nonhundred-percent-fullwidth non-hundred-percent-height-scrolling\" style=\"--awb-background-position:left top;--awb-border-sizes-top:0px;--awb-border-sizes-bottom:0px;--awb-border-sizes-left:0px;--awb-border-sizes-right:0px;--awb-border-radius-top-left:0px;--awb-border-radius-top-right:0px;--awb-border-radius-bottom-right:0px;--awb-border-radius-bottom-left:0px;--awb-padding-top:20px;--awb-padding-bottom:20px;--awb-flex-wrap:wrap;\" ><div class=\"fusion-builder-row fusion-row fusion-flex-align-items-center fusion-flex-content-wrap\" style=\"max-width:1144px;margin-left: calc(-4% \/ 2 );margin-right: calc(-4% \/ 2 );\"><div class=\"fusion-layout-column fusion_builder_column fusion-builder-column-1 fusion_builder_column_2_3 2_3 fusion-flex-column\" style=\"--awb-bg-blend:overlay;--awb-bg-size:cover;--awb-width-large:66.666666666667%;--awb-margin-top-large:0px;--awb-spacing-right-large:2.88%;--awb-margin-bottom-large:20px;--awb-spacing-left-large:2.88%;--awb-width-medium:100%;--awb-spacing-right-medium:1.92%;--awb-spacing-left-medium:1.92%;--awb-width-small:100%;--awb-spacing-right-small:1.92%;--awb-spacing-left-small:1.92%;\"><div class=\"fusion-column-wrapper fusion-flex-justify-content-center fusion-content-layout-column\"><div class=\"fusion-title title fusion-title-1 fusion-sep-none fusion-title-text fusion-title-size-one\"><h1 class=\"fusion-title-heading title-heading-left fusion-responsive-typography-calculated\" style=\"margin:0;--fontSize:34;line-height:1.41;\">Blue Cities<\/h1><\/div><div class=\"fusion-text fusion-text-2\"><p style=\"text-align: justify;\">Blue Cities est un lieu privil\u00e9gi\u00e9 de dialogue et de collaboration entre les d\u00e9cideurs des administrations locales, le secteur priv\u00e9, les chercheurs, les fournisseurs de connaissances et de technologies, ainsi que d\u2019autres instances gouvernementales et agences publiques. Le programme est ax\u00e9 sur les questions strat\u00e9giques importantes li\u00e9es \u00e0 la gestion municipale de l\u2019eau et \u00e0 la protection de la sant\u00e9 publique.<\/p>\n<\/div><div style=\"text-align:center;\"><a class=\"fusion-button button-flat button-xlarge button-default fusion-button-default button-1 fusion-button-span-yes fusion-button-default-type\" style=\"--button-border-radius-bottom-right:20px;--button_margin-bottom:15px;\" target=\"_self\" href=\"https:\/\/bluecities.ca\/\"><span class=\"fusion-button-text awb-button__text awb-button__text--default\">En savoir plus<\/span><\/a><\/div><\/div><\/div><div class=\"fusion-layout-column fusion_builder_column fusion-builder-column-2 fusion_builder_column_1_3 1_3 fusion-flex-column\" style=\"--awb-overflow:hidden;--awb-bg-blend:overlay;--awb-bg-size:cover;--awb-border-radius:0px 0px 30px 0px;--awb-width-large:33.333333333333%;--awb-margin-top-large:0px;--awb-spacing-right-large:0%;--awb-margin-bottom-large:0px;--awb-spacing-left-large:0%;--awb-width-medium:100%;--awb-spacing-right-medium:1.92%;--awb-spacing-left-medium:1.92%;--awb-width-small:100%;--awb-spacing-right-small:1.92%;--awb-spacing-left-small:1.92%;\"><div class=\"fusion-column-wrapper fusion-flex-justify-content-center fusion-content-layout-column\"><div class=\"fusion-image-element \" style=\"text-align:center;--awb-aspect-ratio: 100 \/ 75;--awb-object-position:35% 49%;--awb-caption-title-font-family:var(--h2_typography-font-family);--awb-caption-title-font-weight:var(--h2_typography-font-weight);--awb-caption-title-font-style:var(--h2_typography-font-style);--awb-caption-title-size:var(--h2_typography-font-size);--awb-caption-title-transform:var(--h2_typography-text-transform);--awb-caption-title-line-height:var(--h2_typography-line-height);--awb-caption-title-letter-spacing:var(--h2_typography-letter-spacing);\"><span class=\" fusion-imageframe imageframe-none imageframe-1 hover-type-none has-aspect-ratio\"><a class=\"fusion-no-lightbox\" href=\"https:\/\/bluecities.ca\/\" target=\"_blank\" aria-label=\"Blue-Cities-Background-Buildings\" rel=\"noopener noreferrer\"><img decoding=\"async\" width=\"400\" height=\"300\" src=\"https:\/\/cwn-rce.ca\/wp-content\/uploads\/Blue-Cities-Background-Buildings.jpg\" class=\"img-responsive wp-image-18503 img-with-aspect-ratio\" data-parent-fit=\"cover\" data-parent-container=\".fusion-image-element\" alt srcset=\"https:\/\/cwn-rce.ca\/wp-content\/uploads\/Blue-Cities-Background-Buildings-200x150.jpg 200w, https:\/\/cwn-rce.ca\/wp-content\/uploads\/Blue-Cities-Background-Buildings.jpg 400w\" sizes=\"(max-width: 1024px) 100vw, (max-width: 640px) 100vw, 400px\" \/><\/a><\/span><\/div><\/div><\/div><\/div><\/div><div class=\"fusion-fullwidth fullwidth-box fusion-builder-row-3 fusion-flex-container nonhundred-percent-fullwidth non-hundred-percent-height-scrolling\" style=\"--awb-background-position:left top;--awb-border-sizes-top:0px;--awb-border-sizes-bottom:0px;--awb-border-sizes-left:0px;--awb-border-sizes-right:0px;--awb-border-radius-top-left:0px;--awb-border-radius-top-right:0px;--awb-border-radius-bottom-right:0px;--awb-border-radius-bottom-left:0px;--awb-padding-top:0px;--awb-padding-bottom:0px;--awb-flex-wrap:wrap;\" ><div class=\"fusion-builder-row fusion-row fusion-flex-align-items-stretch fusion-flex-content-wrap\" style=\"max-width:1144px;margin-left: calc(-4% \/ 2 );margin-right: calc(-4% \/ 2 );\"><div class=\"fusion-layout-column fusion_builder_column fusion-builder-column-3 fusion_builder_column_2_3 2_3 fusion-flex-column\" style=\"--awb-bg-blend:overlay;--awb-bg-size:cover;--awb-width-large:66.666666666667%;--awb-margin-top-large:0px;--awb-spacing-right-large:2.88%;--awb-margin-bottom-large:20px;--awb-spacing-left-large:3.84%;--awb-width-medium:100%;--awb-spacing-right-medium:1.92%;--awb-spacing-left-medium:1.92%;--awb-width-small:100%;--awb-spacing-right-small:1.92%;--awb-spacing-left-small:1.92%;\"><div class=\"fusion-column-wrapper fusion-flex-justify-content-center fusion-content-layout-column\"><div class=\"fusion-title title fusion-title-2 fusion-sep-none fusion-title-text fusion-title-size-one\"><h1 class=\"fusion-title-heading title-heading-left fusion-responsive-typography-calculated\" style=\"margin:0;--fontSize:34;line-height:1.41;\"><p style=\"text-align: left;\">Webinaires<\/p><\/h1><\/div><div class=\"fusion-text fusion-text-3\"><p>Nos webinaires abordent des sujets d\u2019actualit\u00e9 pertinents, notamment les politiques, les pratiques, la recherche et les nouvelles tendances, qui offrent des informations pr\u00e9cieuses aux professionnels canadiens du secteur de l\u2019eau. Les enregistrements des webinaires sont disponibles \u00e0 la demande, ce qui garantit un acc\u00e8s continu \u00e0 des connaissances sp\u00e9cialis\u00e9es et \u00e0 des perspectives pratiques.<\/p>\n<\/div><div style=\"text-align:center;\"><a class=\"fusion-button button-flat button-xlarge button-default fusion-button-default button-2 fusion-button-span-yes fusion-button-default-type  avada-noscroll\" style=\"--button-border-radius-bottom-right:20px;--button_margin-bottom:15px;\" target=\"_self\" href=\"https:\/\/cwn-rce.ca\/fr\/rapports-recherche\/#cat=934&amp;sort=new-old\"><span class=\"fusion-button-text awb-button__text awb-button__text--default\">Voir les webinaires<\/span><\/a><\/div><\/div><\/div><div class=\"fusion-layout-column fusion_builder_column fusion-builder-column-4 fusion_builder_column_1_3 1_3 fusion-flex-column\" style=\"--awb-bg-blend:overlay;--awb-bg-size:cover;--awb-width-large:33.333333333333%;--awb-margin-top-large:0px;--awb-spacing-right-large:3.84%;--awb-margin-bottom-large:20px;--awb-spacing-left-large:5.76%;--awb-width-medium:100%;--awb-spacing-right-medium:1.92%;--awb-spacing-left-medium:1.92%;--awb-width-small:100%;--awb-spacing-right-small:1.92%;--awb-spacing-left-small:1.92%;\"><div class=\"fusion-column-wrapper fusion-flex-justify-content-center fusion-content-layout-column\"><div class=\"fusion-image-element \" style=\"text-align:center;--awb-caption-title-font-family:var(--h2_typography-font-family);--awb-caption-title-font-weight:var(--h2_typography-font-weight);--awb-caption-title-font-style:var(--h2_typography-font-style);--awb-caption-title-size:var(--h2_typography-font-size);--awb-caption-title-transform:var(--h2_typography-text-transform);--awb-caption-title-line-height:var(--h2_typography-line-height);--awb-caption-title-letter-spacing:var(--h2_typography-letter-spacing);\"><span class=\" fusion-imageframe imageframe-none imageframe-2 hover-type-none  avada-noscroll\"><a class=\"fusion-no-lightbox\" href=\"https:\/\/cwn-rce.ca\/fr\/rapports-recherche\/#cat=934&amp;sort=new-old\" target=\"_self\" aria-label=\"cwn-webinars-image\"><img decoding=\"async\" width=\"600\" height=\"434\" src=\"https:\/\/cwn-rce.ca\/wp-content\/uploads\/2016\/09\/cwn-webinars-image.jpg\" alt class=\"img-responsive wp-image-6172\" srcset=\"https:\/\/cwn-rce.ca\/wp-content\/uploads\/2016\/09\/cwn-webinars-image-200x145.jpg 200w, https:\/\/cwn-rce.ca\/wp-content\/uploads\/2016\/09\/cwn-webinars-image-400x289.jpg 400w, https:\/\/cwn-rce.ca\/wp-content\/uploads\/2016\/09\/cwn-webinars-image.jpg 600w\" sizes=\"(max-width: 1024px) 100vw, (max-width: 640px) 100vw, 400px\" \/><\/a><\/span><\/div><\/div><\/div><\/div><\/div><\/p>\n","protected":false},"excerpt":{"rendered":"","protected":false},"author":1,"featured_media":17887,"parent":0,"menu_order":57,"comment_status":"closed","ping_status":"closed","template":"100-width.php","meta":{"_acf_changed":false,"footnotes":""},"categories":[],"tags":[],"class_list":["post-1531","page","type-page","status-publish","has-post-thumbnail","hentry"],"acf":[],"yoast_head":"<!-- This site is optimized with the Yoast SEO plugin v26.8 - https:\/\/yoast.com\/product\/yoast-seo-wordpress\/ -->\n<title>\u00c9v\u00e9nements &#8211; R\u00e9seau canadien de l\u2019eau<\/title>\n<meta name=\"robots\" content=\"index, follow, max-snippet:-1, max-image-preview:large, max-video-preview:-1\" \/>\n<link rel=\"canonical\" href=\"https:\/\/cwn-rce.ca\/fr\/evenements\/\" \/>\n<meta property=\"og:locale\" content=\"fr_CA\" \/>\n<meta property=\"og:type\" content=\"article\" \/>\n<meta property=\"og:title\" content=\"\u00c9v\u00e9nements &#8211; R\u00e9seau canadien de l\u2019eau\" \/>\n<meta property=\"og:url\" content=\"https:\/\/cwn-rce.ca\/fr\/evenements\/\" \/>\n<meta property=\"og:site_name\" content=\"R\u00e9seau canadien de l\u2019eau\" \/>\n<meta property=\"article:publisher\" content=\"https:\/\/www.facebook.com\/CanadianWaterNetwork\/\" \/>\n<meta property=\"article:modified_time\" content=\"2025-09-24T18:01:19+00:00\" \/>\n<meta property=\"og:image\" content=\"https:\/\/cwn-rce.ca\/wp-content\/uploads\/iStock-670342172-scaled.jpg\" \/>\n\t<meta property=\"og:image:width\" content=\"2560\" \/>\n\t<meta property=\"og:image:height\" content=\"1707\" \/>\n\t<meta property=\"og:image:type\" content=\"image\/jpeg\" \/>\n<meta name=\"twitter:card\" content=\"summary_large_image\" \/>\n<meta name=\"twitter:site\" content=\"@CdnWaterNetwork\" \/>\n<meta name=\"twitter:label1\" content=\"Estimation du temps de lecture\" \/>\n\t<meta name=\"twitter:data1\" content=\"6 minutes\" \/>\n<script type=\"application\/ld+json\" class=\"yoast-schema-graph\">{\"@context\":\"https:\/\/schema.org\",\"@graph\":[{\"@type\":\"WebPage\",\"@id\":\"https:\/\/cwn-rce.ca\/fr\/evenements\/\",\"url\":\"https:\/\/cwn-rce.ca\/fr\/evenements\/\",\"name\":\"\u00c9v\u00e9nements &#8211; R\u00e9seau canadien de l\u2019eau\",\"isPartOf\":{\"@id\":\"https:\/\/cwn-rce.ca\/fr\/#website\"},\"primaryImageOfPage\":{\"@id\":\"https:\/\/cwn-rce.ca\/fr\/evenements\/#primaryimage\"},\"image\":{\"@id\":\"https:\/\/cwn-rce.ca\/fr\/evenements\/#primaryimage\"},\"thumbnailUrl\":\"https:\/\/cwn-rce.ca\/wp-content\/uploads\/iStock-670342172-scaled.jpg\",\"datePublished\":\"2016-02-03T18:47:02+00:00\",\"dateModified\":\"2025-09-24T18:01:19+00:00\",\"breadcrumb\":{\"@id\":\"https:\/\/cwn-rce.ca\/fr\/evenements\/#breadcrumb\"},\"inLanguage\":\"fr-CA\",\"potentialAction\":[{\"@type\":\"ReadAction\",\"target\":[\"https:\/\/cwn-rce.ca\/fr\/evenements\/\"]}]},{\"@type\":\"ImageObject\",\"inLanguage\":\"fr-CA\",\"@id\":\"https:\/\/cwn-rce.ca\/fr\/evenements\/#primaryimage\",\"url\":\"https:\/\/cwn-rce.ca\/wp-content\/uploads\/iStock-670342172-scaled.jpg\",\"contentUrl\":\"https:\/\/cwn-rce.ca\/wp-content\/uploads\/iStock-670342172-scaled.jpg\",\"width\":2560,\"height\":1707,\"caption\":\"Rippled pattern on blue water surface. Natural pattern.\"},{\"@type\":\"BreadcrumbList\",\"@id\":\"https:\/\/cwn-rce.ca\/fr\/evenements\/#breadcrumb\",\"itemListElement\":[{\"@type\":\"ListItem\",\"position\":1,\"name\":\"Home\",\"item\":\"https:\/\/cwn-rce.ca\/fr\/\"},{\"@type\":\"ListItem\",\"position\":2,\"name\":\"\u00c9v\u00e9nements\"}]},{\"@type\":\"WebSite\",\"@id\":\"https:\/\/cwn-rce.ca\/fr\/#website\",\"url\":\"https:\/\/cwn-rce.ca\/fr\/\",\"name\":\"R\u00e9seau canadien de l\u2019eau\",\"description\":\"\",\"publisher\":{\"@id\":\"https:\/\/cwn-rce.ca\/fr\/#organization\"},\"potentialAction\":[{\"@type\":\"SearchAction\",\"target\":{\"@type\":\"EntryPoint\",\"urlTemplate\":\"https:\/\/cwn-rce.ca\/fr\/?s={search_term_string}\"},\"query-input\":{\"@type\":\"PropertyValueSpecification\",\"valueRequired\":true,\"valueName\":\"search_term_string\"}}],\"inLanguage\":\"fr-CA\"},{\"@type\":\"Organization\",\"@id\":\"https:\/\/cwn-rce.ca\/fr\/#organization\",\"name\":\"Canadian Water Network\",\"url\":\"https:\/\/cwn-rce.ca\/fr\/\",\"logo\":{\"@type\":\"ImageObject\",\"inLanguage\":\"fr-CA\",\"@id\":\"https:\/\/cwn-rce.ca\/fr\/#\/schema\/logo\/image\/\",\"url\":\"https:\/\/cwn-rce.ca\/wp-content\/uploads\/2016\/02\/CWN-Logo-English.png\",\"contentUrl\":\"https:\/\/cwn-rce.ca\/wp-content\/uploads\/2016\/02\/CWN-Logo-English.png\",\"width\":1503,\"height\":525,\"caption\":\"Canadian Water Network\"},\"image\":{\"@id\":\"https:\/\/cwn-rce.ca\/fr\/#\/schema\/logo\/image\/\"},\"sameAs\":[\"https:\/\/www.facebook.com\/CanadianWaterNetwork\/\",\"https:\/\/x.com\/CdnWaterNetwork\",\"https:\/\/www.linkedin.com\/company\/canadian-water-network\/\",\"https:\/\/www.youtube.com\/channel\/UCEjwENtS0hTmIO1BQGQqUEw\"]}]}<\/script>\n<!-- \/ Yoast SEO plugin. -->","yoast_head_json":{"title":"\u00c9v\u00e9nements &#8211; R\u00e9seau canadien de l\u2019eau","robots":{"index":"index","follow":"follow","max-snippet":"max-snippet:-1","max-image-preview":"max-image-preview:large","max-video-preview":"max-video-preview:-1"},"canonical":"https:\/\/cwn-rce.ca\/fr\/evenements\/","og_locale":"fr_CA","og_type":"article","og_title":"\u00c9v\u00e9nements &#8211; R\u00e9seau canadien de l\u2019eau","og_url":"https:\/\/cwn-rce.ca\/fr\/evenements\/","og_site_name":"R\u00e9seau canadien de l\u2019eau","article_publisher":"https:\/\/www.facebook.com\/CanadianWaterNetwork\/","article_modified_time":"2025-09-24T18:01:19+00:00","og_image":[{"width":2560,"height":1707,"url":"https:\/\/cwn-rce.ca\/wp-content\/uploads\/iStock-670342172-scaled.jpg","type":"image\/jpeg"}],"twitter_card":"summary_large_image","twitter_site":"@CdnWaterNetwork","twitter_misc":{"Estimation du temps de lecture":"6 minutes"},"schema":{"@context":"https:\/\/schema.org","@graph":[{"@type":"WebPage","@id":"https:\/\/cwn-rce.ca\/fr\/evenements\/","url":"https:\/\/cwn-rce.ca\/fr\/evenements\/","name":"\u00c9v\u00e9nements &#8211; R\u00e9seau canadien de l\u2019eau","isPartOf":{"@id":"https:\/\/cwn-rce.ca\/fr\/#website"},"primaryImageOfPage":{"@id":"https:\/\/cwn-rce.ca\/fr\/evenements\/#primaryimage"},"image":{"@id":"https:\/\/cwn-rce.ca\/fr\/evenements\/#primaryimage"},"thumbnailUrl":"https:\/\/cwn-rce.ca\/wp-content\/uploads\/iStock-670342172-scaled.jpg","datePublished":"2016-02-03T18:47:02+00:00","dateModified":"2025-09-24T18:01:19+00:00","breadcrumb":{"@id":"https:\/\/cwn-rce.ca\/fr\/evenements\/#breadcrumb"},"inLanguage":"fr-CA","potentialAction":[{"@type":"ReadAction","target":["https:\/\/cwn-rce.ca\/fr\/evenements\/"]}]},{"@type":"ImageObject","inLanguage":"fr-CA","@id":"https:\/\/cwn-rce.ca\/fr\/evenements\/#primaryimage","url":"https:\/\/cwn-rce.ca\/wp-content\/uploads\/iStock-670342172-scaled.jpg","contentUrl":"https:\/\/cwn-rce.ca\/wp-content\/uploads\/iStock-670342172-scaled.jpg","width":2560,"height":1707,"caption":"Rippled pattern on blue water surface. Natural pattern."},{"@type":"BreadcrumbList","@id":"https:\/\/cwn-rce.ca\/fr\/evenements\/#breadcrumb","itemListElement":[{"@type":"ListItem","position":1,"name":"Home","item":"https:\/\/cwn-rce.ca\/fr\/"},{"@type":"ListItem","position":2,"name":"\u00c9v\u00e9nements"}]},{"@type":"WebSite","@id":"https:\/\/cwn-rce.ca\/fr\/#website","url":"https:\/\/cwn-rce.ca\/fr\/","name":"R\u00e9seau canadien de l\u2019eau","description":"","publisher":{"@id":"https:\/\/cwn-rce.ca\/fr\/#organization"},"potentialAction":[{"@type":"SearchAction","target":{"@type":"EntryPoint","urlTemplate":"https:\/\/cwn-rce.ca\/fr\/?s={search_term_string}"},"query-input":{"@type":"PropertyValueSpecification","valueRequired":true,"valueName":"search_term_string"}}],"inLanguage":"fr-CA"},{"@type":"Organization","@id":"https:\/\/cwn-rce.ca\/fr\/#organization","name":"Canadian Water Network","url":"https:\/\/cwn-rce.ca\/fr\/","logo":{"@type":"ImageObject","inLanguage":"fr-CA","@id":"https:\/\/cwn-rce.ca\/fr\/#\/schema\/logo\/image\/","url":"https:\/\/cwn-rce.ca\/wp-content\/uploads\/2016\/02\/CWN-Logo-English.png","contentUrl":"https:\/\/cwn-rce.ca\/wp-content\/uploads\/2016\/02\/CWN-Logo-English.png","width":1503,"height":525,"caption":"Canadian Water Network"},"image":{"@id":"https:\/\/cwn-rce.ca\/fr\/#\/schema\/logo\/image\/"},"sameAs":["https:\/\/www.facebook.com\/CanadianWaterNetwork\/","https:\/\/x.com\/CdnWaterNetwork","https:\/\/www.linkedin.com\/company\/canadian-water-network\/","https:\/\/www.youtube.com\/channel\/UCEjwENtS0hTmIO1BQGQqUEw"]}]}},"_links":{"self":[{"href":"https:\/\/cwn-rce.ca\/fr\/wp-json\/wp\/v2\/pages\/1531","targetHints":{"allow":["GET"]}}],"collection":[{"href":"https:\/\/cwn-rce.ca\/fr\/wp-json\/wp\/v2\/pages"}],"about":[{"href":"https:\/\/cwn-rce.ca\/fr\/wp-json\/wp\/v2\/types\/page"}],"author":[{"embeddable":true,"href":"https:\/\/cwn-rce.ca\/fr\/wp-json\/wp\/v2\/users\/1"}],"replies":[{"embeddable":true,"href":"https:\/\/cwn-rce.ca\/fr\/wp-json\/wp\/v2\/comments?post=1531"}],"version-history":[{"count":43,"href":"https:\/\/cwn-rce.ca\/fr\/wp-json\/wp\/v2\/pages\/1531\/revisions"}],"predecessor-version":[{"id":22241,"href":"https:\/\/cwn-rce.ca\/fr\/wp-json\/wp\/v2\/pages\/1531\/revisions\/22241"}],"wp:featuredmedia":[{"embeddable":true,"href":"https:\/\/cwn-rce.ca\/fr\/wp-json\/wp\/v2\/media\/17887"}],"wp:attachment":[{"href":"https:\/\/cwn-rce.ca\/fr\/wp-json\/wp\/v2\/media?parent=1531"}],"wp:term":[{"taxonomy":"category","embeddable":true,"href":"https:\/\/cwn-rce.ca\/fr\/wp-json\/wp\/v2\/categories?post=1531"},{"taxonomy":"post_tag","embeddable":true,"href":"https:\/\/cwn-rce.ca\/fr\/wp-json\/wp\/v2\/tags?post=1531"}],"curies":[{"name":"wp","href":"https:\/\/api.w.org\/{rel}","templated":true}]}}