{"id":18985,"date":"2025-01-27T13:07:35","date_gmt":"2025-01-27T18:07:35","guid":{"rendered":"https:\/\/cwn-rce.ca\/?page_id=18985"},"modified":"2025-09-29T15:38:49","modified_gmt":"2025-09-29T19:38:49","slug":"etats-financiers","status":"publish","type":"page","link":"https:\/\/cwn-rce.ca\/fr\/etats-financiers\/","title":{"rendered":"\u00c9tats financiers"},"content":{"rendered":"<div class=\"fusion-fullwidth fullwidth-box fusion-builder-row-1 fusion-flex-container has-pattern-background has-mask-background nonhundred-percent-fullwidth non-hundred-percent-height-scrolling\" style=\"--awb-border-radius-top-left:0px;--awb-border-radius-top-right:0px;--awb-border-radius-bottom-right:0px;--awb-border-radius-bottom-left:0px;--awb-flex-wrap:wrap;\" ><div class=\"fusion-builder-row fusion-row fusion-flex-align-items-flex-start fusion-flex-content-wrap\" style=\"max-width:1144px;margin-left: calc(-4% \/ 2 );margin-right: calc(-4% \/ 2 );\"><div class=\"fusion-layout-column fusion_builder_column fusion-builder-column-0 fusion_builder_column_1_1 1_1 fusion-flex-column\" style=\"--awb-bg-size:cover;--awb-width-large:100%;--awb-margin-top-large:0px;--awb-spacing-right-large:1.92%;--awb-margin-bottom-large:20px;--awb-spacing-left-large:1.92%;--awb-width-medium:100%;--awb-order-medium:0;--awb-spacing-right-medium:1.92%;--awb-spacing-left-medium:1.92%;--awb-width-small:100%;--awb-order-small:0;--awb-spacing-right-small:1.92%;--awb-spacing-left-small:1.92%;\"><div class=\"fusion-column-wrapper fusion-column-has-shadow fusion-flex-justify-content-flex-start fusion-content-layout-column\"><div class=\"fusion-text fusion-text-1\"><p>Le R\u00e9seau canadien de l&#8217;eau (RCE) est un organisme ind\u00e9pendant \u00e0 but non lucratif financ\u00e9 par diverses sources. Nos \u00e9tats financiers sont v\u00e9rifi\u00e9s chaque ann\u00e9e par une tierce partie conform\u00e9ment aux normes d&#8217;audit g\u00e9n\u00e9ralement reconnues au Canada.<\/p>\n<p><a href=\"https:\/\/cwn-rce.ca\/wp-content\/uploads\/2024-25-Audited-Financial-Statements-FR.pdf\" target=\"_blank\" rel=\"noopener\">2024-2025 \u00c9tats financiers<\/a><\/p>\n<p><a href=\"https:\/\/cwn-rce.ca\/wp-content\/uploads\/2023-24-Audited-Financial-Statements-FR.pdf\" target=\"_blank\" rel=\"noopener\">2023-2024 \u00c9tats financiers<\/a><\/p>\n<p><a href=\"https:\/\/cwn-rce.ca\/wp-content\/uploads\/2022-2023-Financial-Statements.pdf\" target=\"_blank\" rel=\"noopener\">2022-2023 \u00c9tats financiers<\/a> (<span data-olk-copy-source=\"MessageBody\">disponible en anglais seulement)<\/span><\/p>\n<p><a href=\"https:\/\/cwn-rce.ca\/wp-content\/uploads\/2021-2022-Financial-Statements-1.pdf\" target=\"_blank\" rel=\"noopener\">2021-2022 \u00c9tats financiers<\/a> (<span data-olk-copy-source=\"MessageBody\">disponible en anglais seulement)<\/span><\/p>\n<\/div><\/div><\/div><\/div><\/div>\n","protected":false},"excerpt":{"rendered":"","protected":false},"author":15,"featured_media":17887,"parent":0,"menu_order":45,"comment_status":"closed","ping_status":"closed","template":"","meta":{"_acf_changed":false,"footnotes":""},"categories":[],"tags":[],"class_list":["post-18985","page","type-page","status-publish","has-post-thumbnail","hentry"],"acf":[],"yoast_head":"<!-- This site is optimized with the Yoast SEO plugin v26.8 - https:\/\/yoast.com\/product\/yoast-seo-wordpress\/ -->\n<title>\u00c9tats financiers &#8211; R\u00e9seau canadien de l\u2019eau<\/title>\n<meta name=\"robots\" content=\"index, follow, max-snippet:-1, max-image-preview:large, max-video-preview:-1\" \/>\n<link rel=\"canonical\" href=\"https:\/\/cwn-rce.ca\/fr\/etats-financiers\/\" \/>\n<meta property=\"og:locale\" content=\"fr_CA\" \/>\n<meta property=\"og:type\" content=\"article\" \/>\n<meta property=\"og:title\" content=\"\u00c9tats financiers &#8211; R\u00e9seau canadien de l\u2019eau\" \/>\n<meta property=\"og:url\" content=\"https:\/\/cwn-rce.ca\/fr\/etats-financiers\/\" \/>\n<meta property=\"og:site_name\" content=\"R\u00e9seau canadien de l\u2019eau\" \/>\n<meta property=\"article:publisher\" content=\"https:\/\/www.facebook.com\/CanadianWaterNetwork\/\" \/>\n<meta property=\"article:modified_time\" content=\"2025-09-29T19:38:49+00:00\" \/>\n<meta property=\"og:image\" content=\"https:\/\/cwn-rce.ca\/wp-content\/uploads\/iStock-670342172-scaled.jpg\" \/>\n\t<meta property=\"og:image:width\" content=\"2560\" \/>\n\t<meta property=\"og:image:height\" content=\"1707\" \/>\n\t<meta property=\"og:image:type\" content=\"image\/jpeg\" \/>\n<meta name=\"twitter:card\" content=\"summary_large_image\" \/>\n<meta name=\"twitter:site\" content=\"@CdnWaterNetwork\" \/>\n<script type=\"application\/ld+json\" class=\"yoast-schema-graph\">{\"@context\":\"https:\/\/schema.org\",\"@graph\":[{\"@type\":\"WebPage\",\"@id\":\"https:\/\/cwn-rce.ca\/fr\/etats-financiers\/\",\"url\":\"https:\/\/cwn-rce.ca\/fr\/etats-financiers\/\",\"name\":\"\u00c9tats financiers &#8211; R\u00e9seau canadien de l\u2019eau\",\"isPartOf\":{\"@id\":\"https:\/\/cwn-rce.ca\/fr\/#website\"},\"primaryImageOfPage\":{\"@id\":\"https:\/\/cwn-rce.ca\/fr\/etats-financiers\/#primaryimage\"},\"image\":{\"@id\":\"https:\/\/cwn-rce.ca\/fr\/etats-financiers\/#primaryimage\"},\"thumbnailUrl\":\"https:\/\/cwn-rce.ca\/wp-content\/uploads\/iStock-670342172-scaled.jpg\",\"datePublished\":\"2025-01-27T18:07:35+00:00\",\"dateModified\":\"2025-09-29T19:38:49+00:00\",\"breadcrumb\":{\"@id\":\"https:\/\/cwn-rce.ca\/fr\/etats-financiers\/#breadcrumb\"},\"inLanguage\":\"fr-CA\",\"potentialAction\":[{\"@type\":\"ReadAction\",\"target\":[\"https:\/\/cwn-rce.ca\/fr\/etats-financiers\/\"]}]},{\"@type\":\"ImageObject\",\"inLanguage\":\"fr-CA\",\"@id\":\"https:\/\/cwn-rce.ca\/fr\/etats-financiers\/#primaryimage\",\"url\":\"https:\/\/cwn-rce.ca\/wp-content\/uploads\/iStock-670342172-scaled.jpg\",\"contentUrl\":\"https:\/\/cwn-rce.ca\/wp-content\/uploads\/iStock-670342172-scaled.jpg\",\"width\":2560,\"height\":1707,\"caption\":\"Rippled pattern on blue water surface. Natural pattern.\"},{\"@type\":\"BreadcrumbList\",\"@id\":\"https:\/\/cwn-rce.ca\/fr\/etats-financiers\/#breadcrumb\",\"itemListElement\":[{\"@type\":\"ListItem\",\"position\":1,\"name\":\"Home\",\"item\":\"https:\/\/cwn-rce.ca\/fr\/\"},{\"@type\":\"ListItem\",\"position\":2,\"name\":\"\u00c9tats financiers\"}]},{\"@type\":\"WebSite\",\"@id\":\"https:\/\/cwn-rce.ca\/fr\/#website\",\"url\":\"https:\/\/cwn-rce.ca\/fr\/\",\"name\":\"R\u00e9seau canadien de l\u2019eau\",\"description\":\"\",\"publisher\":{\"@id\":\"https:\/\/cwn-rce.ca\/fr\/#organization\"},\"potentialAction\":[{\"@type\":\"SearchAction\",\"target\":{\"@type\":\"EntryPoint\",\"urlTemplate\":\"https:\/\/cwn-rce.ca\/fr\/?s={search_term_string}\"},\"query-input\":{\"@type\":\"PropertyValueSpecification\",\"valueRequired\":true,\"valueName\":\"search_term_string\"}}],\"inLanguage\":\"fr-CA\"},{\"@type\":\"Organization\",\"@id\":\"https:\/\/cwn-rce.ca\/fr\/#organization\",\"name\":\"Canadian Water Network\",\"url\":\"https:\/\/cwn-rce.ca\/fr\/\",\"logo\":{\"@type\":\"ImageObject\",\"inLanguage\":\"fr-CA\",\"@id\":\"https:\/\/cwn-rce.ca\/fr\/#\/schema\/logo\/image\/\",\"url\":\"https:\/\/cwn-rce.ca\/wp-content\/uploads\/2016\/02\/CWN-Logo-English.png\",\"contentUrl\":\"https:\/\/cwn-rce.ca\/wp-content\/uploads\/2016\/02\/CWN-Logo-English.png\",\"width\":1503,\"height\":525,\"caption\":\"Canadian Water Network\"},\"image\":{\"@id\":\"https:\/\/cwn-rce.ca\/fr\/#\/schema\/logo\/image\/\"},\"sameAs\":[\"https:\/\/www.facebook.com\/CanadianWaterNetwork\/\",\"https:\/\/x.com\/CdnWaterNetwork\",\"https:\/\/www.linkedin.com\/company\/canadian-water-network\/\",\"https:\/\/www.youtube.com\/channel\/UCEjwENtS0hTmIO1BQGQqUEw\"]}]}<\/script>\n<!-- \/ Yoast SEO plugin. -->","yoast_head_json":{"title":"\u00c9tats financiers &#8211; R\u00e9seau canadien de l\u2019eau","robots":{"index":"index","follow":"follow","max-snippet":"max-snippet:-1","max-image-preview":"max-image-preview:large","max-video-preview":"max-video-preview:-1"},"canonical":"https:\/\/cwn-rce.ca\/fr\/etats-financiers\/","og_locale":"fr_CA","og_type":"article","og_title":"\u00c9tats financiers &#8211; R\u00e9seau canadien de l\u2019eau","og_url":"https:\/\/cwn-rce.ca\/fr\/etats-financiers\/","og_site_name":"R\u00e9seau canadien de l\u2019eau","article_publisher":"https:\/\/www.facebook.com\/CanadianWaterNetwork\/","article_modified_time":"2025-09-29T19:38:49+00:00","og_image":[{"width":2560,"height":1707,"url":"https:\/\/cwn-rce.ca\/wp-content\/uploads\/iStock-670342172-scaled.jpg","type":"image\/jpeg"}],"twitter_card":"summary_large_image","twitter_site":"@CdnWaterNetwork","schema":{"@context":"https:\/\/schema.org","@graph":[{"@type":"WebPage","@id":"https:\/\/cwn-rce.ca\/fr\/etats-financiers\/","url":"https:\/\/cwn-rce.ca\/fr\/etats-financiers\/","name":"\u00c9tats financiers &#8211; R\u00e9seau canadien de l\u2019eau","isPartOf":{"@id":"https:\/\/cwn-rce.ca\/fr\/#website"},"primaryImageOfPage":{"@id":"https:\/\/cwn-rce.ca\/fr\/etats-financiers\/#primaryimage"},"image":{"@id":"https:\/\/cwn-rce.ca\/fr\/etats-financiers\/#primaryimage"},"thumbnailUrl":"https:\/\/cwn-rce.ca\/wp-content\/uploads\/iStock-670342172-scaled.jpg","datePublished":"2025-01-27T18:07:35+00:00","dateModified":"2025-09-29T19:38:49+00:00","breadcrumb":{"@id":"https:\/\/cwn-rce.ca\/fr\/etats-financiers\/#breadcrumb"},"inLanguage":"fr-CA","potentialAction":[{"@type":"ReadAction","target":["https:\/\/cwn-rce.ca\/fr\/etats-financiers\/"]}]},{"@type":"ImageObject","inLanguage":"fr-CA","@id":"https:\/\/cwn-rce.ca\/fr\/etats-financiers\/#primaryimage","url":"https:\/\/cwn-rce.ca\/wp-content\/uploads\/iStock-670342172-scaled.jpg","contentUrl":"https:\/\/cwn-rce.ca\/wp-content\/uploads\/iStock-670342172-scaled.jpg","width":2560,"height":1707,"caption":"Rippled pattern on blue water surface. Natural pattern."},{"@type":"BreadcrumbList","@id":"https:\/\/cwn-rce.ca\/fr\/etats-financiers\/#breadcrumb","itemListElement":[{"@type":"ListItem","position":1,"name":"Home","item":"https:\/\/cwn-rce.ca\/fr\/"},{"@type":"ListItem","position":2,"name":"\u00c9tats financiers"}]},{"@type":"WebSite","@id":"https:\/\/cwn-rce.ca\/fr\/#website","url":"https:\/\/cwn-rce.ca\/fr\/","name":"R\u00e9seau canadien de l\u2019eau","description":"","publisher":{"@id":"https:\/\/cwn-rce.ca\/fr\/#organization"},"potentialAction":[{"@type":"SearchAction","target":{"@type":"EntryPoint","urlTemplate":"https:\/\/cwn-rce.ca\/fr\/?s={search_term_string}"},"query-input":{"@type":"PropertyValueSpecification","valueRequired":true,"valueName":"search_term_string"}}],"inLanguage":"fr-CA"},{"@type":"Organization","@id":"https:\/\/cwn-rce.ca\/fr\/#organization","name":"Canadian Water Network","url":"https:\/\/cwn-rce.ca\/fr\/","logo":{"@type":"ImageObject","inLanguage":"fr-CA","@id":"https:\/\/cwn-rce.ca\/fr\/#\/schema\/logo\/image\/","url":"https:\/\/cwn-rce.ca\/wp-content\/uploads\/2016\/02\/CWN-Logo-English.png","contentUrl":"https:\/\/cwn-rce.ca\/wp-content\/uploads\/2016\/02\/CWN-Logo-English.png","width":1503,"height":525,"caption":"Canadian Water Network"},"image":{"@id":"https:\/\/cwn-rce.ca\/fr\/#\/schema\/logo\/image\/"},"sameAs":["https:\/\/www.facebook.com\/CanadianWaterNetwork\/","https:\/\/x.com\/CdnWaterNetwork","https:\/\/www.linkedin.com\/company\/canadian-water-network\/","https:\/\/www.youtube.com\/channel\/UCEjwENtS0hTmIO1BQGQqUEw"]}]}},"_links":{"self":[{"href":"https:\/\/cwn-rce.ca\/fr\/wp-json\/wp\/v2\/pages\/18985","targetHints":{"allow":["GET"]}}],"collection":[{"href":"https:\/\/cwn-rce.ca\/fr\/wp-json\/wp\/v2\/pages"}],"about":[{"href":"https:\/\/cwn-rce.ca\/fr\/wp-json\/wp\/v2\/types\/page"}],"author":[{"embeddable":true,"href":"https:\/\/cwn-rce.ca\/fr\/wp-json\/wp\/v2\/users\/15"}],"replies":[{"embeddable":true,"href":"https:\/\/cwn-rce.ca\/fr\/wp-json\/wp\/v2\/comments?post=18985"}],"version-history":[{"count":4,"href":"https:\/\/cwn-rce.ca\/fr\/wp-json\/wp\/v2\/pages\/18985\/revisions"}],"predecessor-version":[{"id":22277,"href":"https:\/\/cwn-rce.ca\/fr\/wp-json\/wp\/v2\/pages\/18985\/revisions\/22277"}],"wp:featuredmedia":[{"embeddable":true,"href":"https:\/\/cwn-rce.ca\/fr\/wp-json\/wp\/v2\/media\/17887"}],"wp:attachment":[{"href":"https:\/\/cwn-rce.ca\/fr\/wp-json\/wp\/v2\/media?parent=18985"}],"wp:term":[{"taxonomy":"category","embeddable":true,"href":"https:\/\/cwn-rce.ca\/fr\/wp-json\/wp\/v2\/categories?post=18985"},{"taxonomy":"post_tag","embeddable":true,"href":"https:\/\/cwn-rce.ca\/fr\/wp-json\/wp\/v2\/tags?post=18985"}],"curies":[{"name":"wp","href":"https:\/\/api.w.org\/{rel}","templated":true}]}}