{"id":19063,"date":"2025-03-13T15:18:05","date_gmt":"2025-03-13T19:18:05","guid":{"rendered":"https:\/\/cwn-rce.ca\/?page_id=19063"},"modified":"2025-03-13T15:52:34","modified_gmt":"2025-03-13T19:52:34","slug":"se-mobiliser","status":"publish","type":"page","link":"https:\/\/cwn-rce.ca\/fr\/tracer-la-voie-vers-une-eau-carboneutre\/se-mobiliser\/","title":{"rendered":"Se mobiliser"},"content":{"rendered":"<div class=\"fusion-fullwidth fullwidth-box fusion-builder-row-1 fusion-flex-container has-pattern-background has-mask-background nonhundred-percent-fullwidth non-hundred-percent-height-scrolling\" style=\"--awb-border-radius-top-left:0px;--awb-border-radius-top-right:0px;--awb-border-radius-bottom-right:0px;--awb-border-radius-bottom-left:0px;--awb-flex-wrap:wrap;\" ><div class=\"fusion-builder-row fusion-row fusion-flex-align-items-flex-start fusion-flex-content-wrap\" style=\"max-width:1144px;margin-left: calc(-4% \/ 2 );margin-right: calc(-4% \/ 2 );\"><div class=\"fusion-layout-column fusion_builder_column fusion-builder-column-0 fusion_builder_column_1_1 1_1 fusion-flex-column\" style=\"--awb-bg-size:cover;--awb-width-large:100%;--awb-margin-top-large:0px;--awb-spacing-right-large:1.92%;--awb-margin-bottom-large:20px;--awb-spacing-left-large:1.92%;--awb-width-medium:100%;--awb-order-medium:0;--awb-spacing-right-medium:1.92%;--awb-spacing-left-medium:1.92%;--awb-width-small:100%;--awb-order-small:0;--awb-spacing-right-small:1.92%;--awb-spacing-left-small:1.92%;\"><div class=\"fusion-column-wrapper fusion-column-has-shadow fusion-flex-justify-content-flex-start fusion-content-layout-column\"><div class=\"fusion-text fusion-text-1\"><p><strong>Participez \u00e0 un r\u00e9seau national<\/strong><\/p>\n<p>Le projet <em>Tracer la voie vers une eau carboneutre <\/em>fait appel \u00e0 un r\u00e9seau national d&#8217;experts, de d\u00e9cideurs et de collaborateurs qui partagent un objectif commun : r\u00e9duire les \u00e9missions de GES dans les services d&#8217;eau, d&#8217;eaux us\u00e9es et d&#8217;eaux pluviales. Il n&#8217;est pas trop tard pour vous y joindre : le r\u00e9seau s&#8217;\u00e9largira tout au long du projet.<\/p>\n<\/div><div style=\"text-align:center;\"><a class=\"fusion-button button-flat fusion-button-default-size button-default fusion-button-default button-1 fusion-button-default-span fusion-button-default-type\" style=\"--button_margin-bottom:10px;\" target=\"_self\" href=\"https:\/\/forms.monday.com\/forms\/f4c0d6377bcad4e6056484bbe60b7048?r=use1\"><i class=\"fa-user-plus fas awb-button__icon awb-button__icon--default button-icon-left\" aria-hidden=\"true\"><\/i><span class=\"fusion-button-text awb-button__text awb-button__text--default\">Rejoignez le r\u00e9seau de l\u2019eau carboneutre<\/span><\/a><\/div><div class=\"fusion-image-element \" style=\"text-align:center;--awb-caption-title-font-family:var(--h2_typography-font-family);--awb-caption-title-font-weight:var(--h2_typography-font-weight);--awb-caption-title-font-style:var(--h2_typography-font-style);--awb-caption-title-size:var(--h2_typography-font-size);--awb-caption-title-transform:var(--h2_typography-text-transform);--awb-caption-title-line-height:var(--h2_typography-line-height);--awb-caption-title-letter-spacing:var(--h2_typography-letter-spacing);\"><span class=\" fusion-imageframe imageframe-none imageframe-1 hover-type-none\"><img decoding=\"async\" width=\"1776\" height=\"1232\" title=\"Canadian Net Zero Water network map March 5 F Logo\" src=\"https:\/\/cwn-rce.ca\/wp-content\/uploads\/Canadian-Net-Zero-Water-network-map-March-5-F-Logo.png\" alt class=\"img-responsive wp-image-19269\" srcset=\"https:\/\/cwn-rce.ca\/wp-content\/uploads\/Canadian-Net-Zero-Water-network-map-March-5-F-Logo-200x139.png 200w, https:\/\/cwn-rce.ca\/wp-content\/uploads\/Canadian-Net-Zero-Water-network-map-March-5-F-Logo-400x277.png 400w, https:\/\/cwn-rce.ca\/wp-content\/uploads\/Canadian-Net-Zero-Water-network-map-March-5-F-Logo-600x416.png 600w, https:\/\/cwn-rce.ca\/wp-content\/uploads\/Canadian-Net-Zero-Water-network-map-March-5-F-Logo-800x555.png 800w, https:\/\/cwn-rce.ca\/wp-content\/uploads\/Canadian-Net-Zero-Water-network-map-March-5-F-Logo-1200x832.png 1200w, https:\/\/cwn-rce.ca\/wp-content\/uploads\/Canadian-Net-Zero-Water-network-map-March-5-F-Logo.png 1776w\" sizes=\"(max-width: 1024px) 100vw, (max-width: 640px) 100vw, 1200px\" \/><\/span><\/div><\/div><\/div><\/div><\/div>\n","protected":false},"excerpt":{"rendered":"","protected":false},"author":1,"featured_media":17887,"parent":18927,"menu_order":0,"comment_status":"closed","ping_status":"closed","template":"","meta":{"_acf_changed":false,"footnotes":""},"categories":[],"tags":[],"class_list":["post-19063","page","type-page","status-publish","has-post-thumbnail","hentry"],"acf":[],"yoast_head":"<!-- This site is optimized with the Yoast SEO plugin v26.8 - https:\/\/yoast.com\/product\/yoast-seo-wordpress\/ -->\n<title>Se mobiliser &#8211; R\u00e9seau canadien de l\u2019eau<\/title>\n<meta name=\"description\" content=\"Le projet Tracer la voie vers une eau carboneutre fait appel \u00e0 un r\u00e9seau national d\u2019experts, de d\u00e9cideurs et de collaborateurs qui partagent un objectif commun : r\u00e9duire les \u00e9missions de GES dans les services d\u2019eau, d\u2019eaux us\u00e9es et d\u2019eaux pluviales.\" \/>\n<meta name=\"robots\" content=\"index, follow, max-snippet:-1, max-image-preview:large, max-video-preview:-1\" \/>\n<link rel=\"canonical\" href=\"https:\/\/cwn-rce.ca\/fr\/tracer-la-voie-vers-une-eau-carboneutre\/se-mobiliser\/\" \/>\n<meta property=\"og:locale\" content=\"fr_CA\" \/>\n<meta property=\"og:type\" content=\"article\" \/>\n<meta property=\"og:title\" content=\"Se mobiliser &#8211; R\u00e9seau canadien de l\u2019eau\" \/>\n<meta property=\"og:description\" content=\"Le projet Tracer la voie vers une eau carboneutre fait appel \u00e0 un r\u00e9seau national d\u2019experts, de d\u00e9cideurs et de collaborateurs qui partagent un objectif commun : r\u00e9duire les \u00e9missions de GES dans les services d\u2019eau, d\u2019eaux us\u00e9es et d\u2019eaux pluviales.\" \/>\n<meta property=\"og:url\" content=\"https:\/\/cwn-rce.ca\/fr\/tracer-la-voie-vers-une-eau-carboneutre\/se-mobiliser\/\" \/>\n<meta property=\"og:site_name\" content=\"R\u00e9seau canadien de l\u2019eau\" \/>\n<meta property=\"article:publisher\" content=\"https:\/\/www.facebook.com\/CanadianWaterNetwork\/\" \/>\n<meta property=\"article:modified_time\" content=\"2025-03-13T19:52:34+00:00\" \/>\n<meta name=\"twitter:card\" content=\"summary_large_image\" \/>\n<meta name=\"twitter:site\" content=\"@CdnWaterNetwork\" \/>\n<meta name=\"twitter:label1\" content=\"Estimation du temps de lecture\" \/>\n\t<meta name=\"twitter:data1\" content=\"1 minute\" \/>\n<script type=\"application\/ld+json\" class=\"yoast-schema-graph\">{\"@context\":\"https:\/\/schema.org\",\"@graph\":[{\"@type\":\"WebPage\",\"@id\":\"https:\/\/cwn-rce.ca\/fr\/tracer-la-voie-vers-une-eau-carboneutre\/se-mobiliser\/\",\"url\":\"https:\/\/cwn-rce.ca\/fr\/tracer-la-voie-vers-une-eau-carboneutre\/se-mobiliser\/\",\"name\":\"Se mobiliser &#8211; R\u00e9seau canadien de l\u2019eau\",\"isPartOf\":{\"@id\":\"https:\/\/cwn-rce.ca\/fr\/#website\"},\"primaryImageOfPage\":{\"@id\":\"https:\/\/cwn-rce.ca\/fr\/tracer-la-voie-vers-une-eau-carboneutre\/se-mobiliser\/#primaryimage\"},\"image\":{\"@id\":\"https:\/\/cwn-rce.ca\/fr\/tracer-la-voie-vers-une-eau-carboneutre\/se-mobiliser\/#primaryimage\"},\"thumbnailUrl\":\"https:\/\/cwn-rce.ca\/wp-content\/uploads\/iStock-670342172-scaled.jpg\",\"datePublished\":\"2025-03-13T19:18:05+00:00\",\"dateModified\":\"2025-03-13T19:52:34+00:00\",\"description\":\"Le projet Tracer la voie vers une eau carboneutre fait appel \u00e0 un r\u00e9seau national d\u2019experts, de d\u00e9cideurs et de collaborateurs qui partagent un objectif commun : r\u00e9duire les \u00e9missions de GES dans les services d\u2019eau, d\u2019eaux us\u00e9es et d\u2019eaux pluviales.\",\"breadcrumb\":{\"@id\":\"https:\/\/cwn-rce.ca\/fr\/tracer-la-voie-vers-une-eau-carboneutre\/se-mobiliser\/#breadcrumb\"},\"inLanguage\":\"fr-CA\",\"potentialAction\":[{\"@type\":\"ReadAction\",\"target\":[\"https:\/\/cwn-rce.ca\/fr\/tracer-la-voie-vers-une-eau-carboneutre\/se-mobiliser\/\"]}]},{\"@type\":\"ImageObject\",\"inLanguage\":\"fr-CA\",\"@id\":\"https:\/\/cwn-rce.ca\/fr\/tracer-la-voie-vers-une-eau-carboneutre\/se-mobiliser\/#primaryimage\",\"url\":\"https:\/\/cwn-rce.ca\/wp-content\/uploads\/iStock-670342172-scaled.jpg\",\"contentUrl\":\"https:\/\/cwn-rce.ca\/wp-content\/uploads\/iStock-670342172-scaled.jpg\",\"width\":2560,\"height\":1707,\"caption\":\"Rippled pattern on blue water surface. Natural pattern.\"},{\"@type\":\"BreadcrumbList\",\"@id\":\"https:\/\/cwn-rce.ca\/fr\/tracer-la-voie-vers-une-eau-carboneutre\/se-mobiliser\/#breadcrumb\",\"itemListElement\":[{\"@type\":\"ListItem\",\"position\":1,\"name\":\"Home\",\"item\":\"https:\/\/cwn-rce.ca\/fr\/\"},{\"@type\":\"ListItem\",\"position\":2,\"name\":\"Tracer la voie vers une eau carboneutre\",\"item\":\"https:\/\/cwn-rce.ca\/fr\/tracer-la-voie-vers-une-eau-carboneutre\/\"},{\"@type\":\"ListItem\",\"position\":3,\"name\":\"Se mobiliser\"}]},{\"@type\":\"WebSite\",\"@id\":\"https:\/\/cwn-rce.ca\/fr\/#website\",\"url\":\"https:\/\/cwn-rce.ca\/fr\/\",\"name\":\"R\u00e9seau canadien de l\u2019eau\",\"description\":\"\",\"publisher\":{\"@id\":\"https:\/\/cwn-rce.ca\/fr\/#organization\"},\"potentialAction\":[{\"@type\":\"SearchAction\",\"target\":{\"@type\":\"EntryPoint\",\"urlTemplate\":\"https:\/\/cwn-rce.ca\/fr\/?s={search_term_string}\"},\"query-input\":{\"@type\":\"PropertyValueSpecification\",\"valueRequired\":true,\"valueName\":\"search_term_string\"}}],\"inLanguage\":\"fr-CA\"},{\"@type\":\"Organization\",\"@id\":\"https:\/\/cwn-rce.ca\/fr\/#organization\",\"name\":\"Canadian Water Network\",\"url\":\"https:\/\/cwn-rce.ca\/fr\/\",\"logo\":{\"@type\":\"ImageObject\",\"inLanguage\":\"fr-CA\",\"@id\":\"https:\/\/cwn-rce.ca\/fr\/#\/schema\/logo\/image\/\",\"url\":\"https:\/\/cwn-rce.ca\/wp-content\/uploads\/2016\/02\/CWN-Logo-English.png\",\"contentUrl\":\"https:\/\/cwn-rce.ca\/wp-content\/uploads\/2016\/02\/CWN-Logo-English.png\",\"width\":1503,\"height\":525,\"caption\":\"Canadian Water Network\"},\"image\":{\"@id\":\"https:\/\/cwn-rce.ca\/fr\/#\/schema\/logo\/image\/\"},\"sameAs\":[\"https:\/\/www.facebook.com\/CanadianWaterNetwork\/\",\"https:\/\/x.com\/CdnWaterNetwork\",\"https:\/\/www.linkedin.com\/company\/canadian-water-network\/\",\"https:\/\/www.youtube.com\/channel\/UCEjwENtS0hTmIO1BQGQqUEw\"]}]}<\/script>\n<!-- \/ Yoast SEO plugin. -->","yoast_head_json":{"title":"Se mobiliser &#8211; R\u00e9seau canadien de l\u2019eau","description":"Le projet Tracer la voie vers une eau carboneutre fait appel \u00e0 un r\u00e9seau national d\u2019experts, de d\u00e9cideurs et de collaborateurs qui partagent un objectif commun : r\u00e9duire les \u00e9missions de GES dans les services d\u2019eau, d\u2019eaux us\u00e9es et d\u2019eaux pluviales.","robots":{"index":"index","follow":"follow","max-snippet":"max-snippet:-1","max-image-preview":"max-image-preview:large","max-video-preview":"max-video-preview:-1"},"canonical":"https:\/\/cwn-rce.ca\/fr\/tracer-la-voie-vers-une-eau-carboneutre\/se-mobiliser\/","og_locale":"fr_CA","og_type":"article","og_title":"Se mobiliser &#8211; R\u00e9seau canadien de l\u2019eau","og_description":"Le projet Tracer la voie vers une eau carboneutre fait appel \u00e0 un r\u00e9seau national d\u2019experts, de d\u00e9cideurs et de collaborateurs qui partagent un objectif commun : r\u00e9duire les \u00e9missions de GES dans les services d\u2019eau, d\u2019eaux us\u00e9es et d\u2019eaux pluviales.","og_url":"https:\/\/cwn-rce.ca\/fr\/tracer-la-voie-vers-une-eau-carboneutre\/se-mobiliser\/","og_site_name":"R\u00e9seau canadien de l\u2019eau","article_publisher":"https:\/\/www.facebook.com\/CanadianWaterNetwork\/","article_modified_time":"2025-03-13T19:52:34+00:00","twitter_card":"summary_large_image","twitter_site":"@CdnWaterNetwork","twitter_misc":{"Estimation du temps de lecture":"1 minute"},"schema":{"@context":"https:\/\/schema.org","@graph":[{"@type":"WebPage","@id":"https:\/\/cwn-rce.ca\/fr\/tracer-la-voie-vers-une-eau-carboneutre\/se-mobiliser\/","url":"https:\/\/cwn-rce.ca\/fr\/tracer-la-voie-vers-une-eau-carboneutre\/se-mobiliser\/","name":"Se mobiliser &#8211; R\u00e9seau canadien de l\u2019eau","isPartOf":{"@id":"https:\/\/cwn-rce.ca\/fr\/#website"},"primaryImageOfPage":{"@id":"https:\/\/cwn-rce.ca\/fr\/tracer-la-voie-vers-une-eau-carboneutre\/se-mobiliser\/#primaryimage"},"image":{"@id":"https:\/\/cwn-rce.ca\/fr\/tracer-la-voie-vers-une-eau-carboneutre\/se-mobiliser\/#primaryimage"},"thumbnailUrl":"https:\/\/cwn-rce.ca\/wp-content\/uploads\/iStock-670342172-scaled.jpg","datePublished":"2025-03-13T19:18:05+00:00","dateModified":"2025-03-13T19:52:34+00:00","description":"Le projet Tracer la voie vers une eau carboneutre fait appel \u00e0 un r\u00e9seau national d\u2019experts, de d\u00e9cideurs et de collaborateurs qui partagent un objectif commun : r\u00e9duire les \u00e9missions de GES dans les services d\u2019eau, d\u2019eaux us\u00e9es et d\u2019eaux pluviales.","breadcrumb":{"@id":"https:\/\/cwn-rce.ca\/fr\/tracer-la-voie-vers-une-eau-carboneutre\/se-mobiliser\/#breadcrumb"},"inLanguage":"fr-CA","potentialAction":[{"@type":"ReadAction","target":["https:\/\/cwn-rce.ca\/fr\/tracer-la-voie-vers-une-eau-carboneutre\/se-mobiliser\/"]}]},{"@type":"ImageObject","inLanguage":"fr-CA","@id":"https:\/\/cwn-rce.ca\/fr\/tracer-la-voie-vers-une-eau-carboneutre\/se-mobiliser\/#primaryimage","url":"https:\/\/cwn-rce.ca\/wp-content\/uploads\/iStock-670342172-scaled.jpg","contentUrl":"https:\/\/cwn-rce.ca\/wp-content\/uploads\/iStock-670342172-scaled.jpg","width":2560,"height":1707,"caption":"Rippled pattern on blue water surface. Natural pattern."},{"@type":"BreadcrumbList","@id":"https:\/\/cwn-rce.ca\/fr\/tracer-la-voie-vers-une-eau-carboneutre\/se-mobiliser\/#breadcrumb","itemListElement":[{"@type":"ListItem","position":1,"name":"Home","item":"https:\/\/cwn-rce.ca\/fr\/"},{"@type":"ListItem","position":2,"name":"Tracer la voie vers une eau carboneutre","item":"https:\/\/cwn-rce.ca\/fr\/tracer-la-voie-vers-une-eau-carboneutre\/"},{"@type":"ListItem","position":3,"name":"Se mobiliser"}]},{"@type":"WebSite","@id":"https:\/\/cwn-rce.ca\/fr\/#website","url":"https:\/\/cwn-rce.ca\/fr\/","name":"R\u00e9seau canadien de l\u2019eau","description":"","publisher":{"@id":"https:\/\/cwn-rce.ca\/fr\/#organization"},"potentialAction":[{"@type":"SearchAction","target":{"@type":"EntryPoint","urlTemplate":"https:\/\/cwn-rce.ca\/fr\/?s={search_term_string}"},"query-input":{"@type":"PropertyValueSpecification","valueRequired":true,"valueName":"search_term_string"}}],"inLanguage":"fr-CA"},{"@type":"Organization","@id":"https:\/\/cwn-rce.ca\/fr\/#organization","name":"Canadian Water Network","url":"https:\/\/cwn-rce.ca\/fr\/","logo":{"@type":"ImageObject","inLanguage":"fr-CA","@id":"https:\/\/cwn-rce.ca\/fr\/#\/schema\/logo\/image\/","url":"https:\/\/cwn-rce.ca\/wp-content\/uploads\/2016\/02\/CWN-Logo-English.png","contentUrl":"https:\/\/cwn-rce.ca\/wp-content\/uploads\/2016\/02\/CWN-Logo-English.png","width":1503,"height":525,"caption":"Canadian Water Network"},"image":{"@id":"https:\/\/cwn-rce.ca\/fr\/#\/schema\/logo\/image\/"},"sameAs":["https:\/\/www.facebook.com\/CanadianWaterNetwork\/","https:\/\/x.com\/CdnWaterNetwork","https:\/\/www.linkedin.com\/company\/canadian-water-network\/","https:\/\/www.youtube.com\/channel\/UCEjwENtS0hTmIO1BQGQqUEw"]}]}},"_links":{"self":[{"href":"https:\/\/cwn-rce.ca\/fr\/wp-json\/wp\/v2\/pages\/19063","targetHints":{"allow":["GET"]}}],"collection":[{"href":"https:\/\/cwn-rce.ca\/fr\/wp-json\/wp\/v2\/pages"}],"about":[{"href":"https:\/\/cwn-rce.ca\/fr\/wp-json\/wp\/v2\/types\/page"}],"author":[{"embeddable":true,"href":"https:\/\/cwn-rce.ca\/fr\/wp-json\/wp\/v2\/users\/1"}],"replies":[{"embeddable":true,"href":"https:\/\/cwn-rce.ca\/fr\/wp-json\/wp\/v2\/comments?post=19063"}],"version-history":[{"count":4,"href":"https:\/\/cwn-rce.ca\/fr\/wp-json\/wp\/v2\/pages\/19063\/revisions"}],"predecessor-version":[{"id":19286,"href":"https:\/\/cwn-rce.ca\/fr\/wp-json\/wp\/v2\/pages\/19063\/revisions\/19286"}],"up":[{"embeddable":true,"href":"https:\/\/cwn-rce.ca\/fr\/wp-json\/wp\/v2\/pages\/18927"}],"wp:featuredmedia":[{"embeddable":true,"href":"https:\/\/cwn-rce.ca\/fr\/wp-json\/wp\/v2\/media\/17887"}],"wp:attachment":[{"href":"https:\/\/cwn-rce.ca\/fr\/wp-json\/wp\/v2\/media?parent=19063"}],"wp:term":[{"taxonomy":"category","embeddable":true,"href":"https:\/\/cwn-rce.ca\/fr\/wp-json\/wp\/v2\/categories?post=19063"},{"taxonomy":"post_tag","embeddable":true,"href":"https:\/\/cwn-rce.ca\/fr\/wp-json\/wp\/v2\/tags?post=19063"}],"curies":[{"name":"wp","href":"https:\/\/api.w.org\/{rel}","templated":true}]}}