{"id":19136,"date":"2025-03-13T15:09:25","date_gmt":"2025-03-13T19:09:25","guid":{"rendered":"https:\/\/cwn-rce.ca\/?page_id=19136"},"modified":"2025-03-26T15:26:48","modified_gmt":"2025-03-26T19:26:48","slug":"partenaires-et-comites","status":"publish","type":"page","link":"https:\/\/cwn-rce.ca\/fr\/tracer-la-voie-vers-une-eau-carboneutre\/partenaires-et-comites\/","title":{"rendered":"Partenaires et comit\u00e9s"},"content":{"rendered":"<div class=\"fusion-fullwidth fullwidth-box fusion-builder-row-1 fusion-flex-container has-pattern-background has-mask-background nonhundred-percent-fullwidth non-hundred-percent-height-scrolling\" style=\"--awb-border-radius-top-left:0px;--awb-border-radius-top-right:0px;--awb-border-radius-bottom-right:0px;--awb-border-radius-bottom-left:0px;--awb-flex-wrap:wrap;\" ><div class=\"fusion-builder-row fusion-row fusion-flex-align-items-flex-start fusion-flex-content-wrap\" style=\"max-width:1144px;margin-left: calc(-4% \/ 2 );margin-right: calc(-4% \/ 2 );\"><div class=\"fusion-layout-column fusion_builder_column fusion-builder-column-0 fusion_builder_column_1_1 1_1 fusion-flex-column\" style=\"--awb-bg-size:cover;--awb-width-large:100%;--awb-margin-top-large:0px;--awb-spacing-right-large:1.92%;--awb-margin-bottom-large:20px;--awb-spacing-left-large:1.92%;--awb-width-medium:100%;--awb-order-medium:0;--awb-spacing-right-medium:1.92%;--awb-spacing-left-medium:1.92%;--awb-width-small:100%;--awb-order-small:0;--awb-spacing-right-small:1.92%;--awb-spacing-left-small:1.92%;\"><div class=\"fusion-column-wrapper fusion-column-has-shadow fusion-flex-justify-content-flex-start fusion-content-layout-column\"><div class=\"fusion-text fusion-text-1\"><p>Le projet Tracer la voie vers une eau carboneutre mobilise un r\u00e9seau national d&#8217;experts, de d\u00e9cideurs et de collaborateurs qui partagent un objectif commun : r\u00e9duire les \u00e9missions de gaz \u00e0 effet de serre dans les services de l&#8217;eau, des eaux us\u00e9es et des eaux pluviales.<\/p>\n<\/div><div class=\"accordian fusion-accordian\" style=\"--awb-border-size:1px;--awb-icon-size:15px;--awb-content-font-size:20px;--awb-icon-alignment:left;--awb-hover-color:#f9f9f9;--awb-border-color:#cccccc;--awb-background-color:#ffffff;--awb-divider-color:#e0dede;--awb-divider-hover-color:#e0dede;--awb-icon-color:#ffffff;--awb-title-color:#77b043;--awb-content-color:#383838;--awb-icon-box-color:#333333;--awb-toggle-hover-accent-color:#0068ac;--awb-title-font-family:&quot;Antic Slab&quot;;--awb-title-font-weight:400;--awb-title-font-style:normal;--awb-title-font-size:20px;--awb-content-font-family:&quot;PT Sans&quot;;--awb-content-font-style:normal;--awb-content-font-weight:400;\"><div class=\"panel-group fusion-toggle-icon-boxed\" id=\"accordion-19136-1\"><div class=\"fusion-panel panel-default panel-66a8ccb38bd3495b8 fusion-toggle-has-divider\"><div class=\"panel-heading\"><h4 class=\"panel-title toggle\" id=\"toggle_66a8ccb38bd3495b8\"><a aria-expanded=\"false\" aria-controls=\"66a8ccb38bd3495b8\" role=\"button\" data-toggle=\"collapse\" data-parent=\"#accordion-19136-1\" data-target=\"#66a8ccb38bd3495b8\" href=\"#66a8ccb38bd3495b8\"><span class=\"fusion-toggle-icon-wrapper\" aria-hidden=\"true\"><i class=\"fa-fusion-box active-icon awb-icon-minus\" aria-hidden=\"true\"><\/i><i class=\"fa-fusion-box inactive-icon awb-icon-plus\" aria-hidden=\"true\"><\/i><\/span><span class=\"fusion-toggle-heading\">Comit\u00e9 consultatif national<\/span><\/a><\/h4><\/div><div id=\"66a8ccb38bd3495b8\" class=\"panel-collapse collapse \" aria-labelledby=\"toggle_66a8ccb38bd3495b8\"><div class=\"panel-body toggle-content fusion-clearfix\">\n<div class=\"table-1 undefined\">\n<table width=\"100%\">\n<tbody>\n<tr>\n<td align=\"left\">Canadian Biogas Association (CBA)<\/td>\n<td align=\"left\">Sarah Stadnyk<\/td>\n<\/tr>\n<tr>\n<td align=\"left\">Region of Durham<\/td>\n<td align=\"left\">Joe Green<\/td>\n<\/tr>\n<tr>\n<td align=\"left\">EPCOR<\/td>\n<td align=\"left\">Craig Bonneville<\/td>\n<\/tr>\n<tr>\n<td align=\"left\">FCM<\/td>\n<td align=\"left\">Hugues Charbonneau<\/td>\n<\/tr>\n<tr>\n<td align=\"left\">GHD<\/td>\n<td align=\"left\">Jeremy Kraemer<\/td>\n<\/tr>\n<tr>\n<td align=\"left\">Halton Region<\/td>\n<td align=\"left\">Mark Connell<\/td>\n<\/tr>\n<tr>\n<td align=\"left\">City of Hamilton<\/td>\n<td align=\"left\">Deborah Goudreau<\/td>\n<\/tr>\n<tr>\n<td align=\"left\">Jacobs<\/td>\n<td align=\"left\">Emma Shen<br \/>\nMaika Pellegrino<\/td>\n<\/tr>\n<tr>\n<td align=\"left\">Metro Vancouver<\/td>\n<td align=\"left\">Jeff Carmichael<\/td>\n<\/tr>\n<tr>\n<td align=\"left\">Ontario Clean Water Agency (OCWA)<\/td>\n<td align=\"left\">Sangeeta Chopra<\/td>\n<\/tr>\n<tr>\n<td align=\"left\">Ontario Water and Wastewater Association (OWWA)<\/td>\n<td align=\"left\">Michele Grenier<\/td>\n<\/tr>\n<tr>\n<td align=\"left\">City of Ottawa<\/td>\n<td align=\"left\">Scott Laberge<\/td>\n<\/tr>\n<tr>\n<td align=\"left\">Peel Region<\/td>\n<td align=\"left\">Farshad Salehzadeh<\/td>\n<\/tr>\n<tr>\n<td align=\"left\">Regional Public Works Commissioners of Ontario (RPWCO)<\/td>\n<td align=\"left\">Kirby Oudekerk<\/td>\n<\/tr>\n<tr>\n<td align=\"left\">City of Saskatoon<\/td>\n<td align=\"left\">Russ Munro<\/td>\n<\/tr>\n<tr>\n<td align=\"left\">City of Toronto<\/td>\n<td align=\"left\">Liza Ballantyne<\/td>\n<\/tr>\n<tr>\n<td align=\"left\">Region of Waterloo<\/td>\n<td align=\"left\">Mari MacNeil<\/td>\n<\/tr>\n<tr>\n<td align=\"left\">Xylem<\/td>\n<td align=\"left\">Austin Alexander<\/td>\n<\/tr>\n<tr>\n<td align=\"left\">York Region<\/td>\n<td align=\"left\">David Szeptycki<\/td>\n<\/tr>\n<\/tbody>\n<\/table>\n<\/div>\n<\/div><\/div><\/div><div class=\"fusion-panel panel-default panel-9c9edcb807b76730a fusion-toggle-has-divider\"><div class=\"panel-heading\"><h4 class=\"panel-title toggle\" id=\"toggle_9c9edcb807b76730a\"><a aria-expanded=\"false\" aria-controls=\"9c9edcb807b76730a\" role=\"button\" data-toggle=\"collapse\" data-parent=\"#accordion-19136-1\" data-target=\"#9c9edcb807b76730a\" href=\"#9c9edcb807b76730a\"><span class=\"fusion-toggle-icon-wrapper\" aria-hidden=\"true\"><i class=\"fa-fusion-box active-icon awb-icon-minus\" aria-hidden=\"true\"><\/i><i class=\"fa-fusion-box inactive-icon awb-icon-plus\" aria-hidden=\"true\"><\/i><\/span><span class=\"fusion-toggle-heading\">Comit\u00e9 consultatif technique<\/span><\/a><\/h4><\/div><div id=\"9c9edcb807b76730a\" class=\"panel-collapse collapse \" aria-labelledby=\"toggle_9c9edcb807b76730a\"><div class=\"panel-body toggle-content fusion-clearfix\">\n<div class=\"table-1 undefined\">\n<table width=\"100%\">\n<tbody>\n<tr>\n<td align=\"left\">AECOM<\/td>\n<td align=\"left\">Nancy Hill<\/td>\n<\/tr>\n<tr>\n<td align=\"left\">Aquafy<\/td>\n<td align=\"left\">Max Rao<\/td>\n<\/tr>\n<tr>\n<td align=\"left\">Foresight Canada<\/td>\n<td align=\"left\">Bonita Mathew<br \/>\nNina Bader<\/td>\n<\/tr>\n<tr>\n<td align=\"left\">GHD<\/td>\n<td align=\"left\">Don Holland<\/td>\n<\/tr>\n<tr>\n<td align=\"left\">Jacobs<\/td>\n<td align=\"left\">Maika Pellegrino<\/td>\n<\/tr>\n<tr>\n<td align=\"left\">Unisense Environment<\/td>\n<td align=\"left\">Mikkel Holmen Andersen<\/td>\n<\/tr>\n<tr>\n<td align=\"left\">Xylem<\/td>\n<td align=\"left\">Adam Ryder<\/td>\n<\/tr>\n<\/tbody>\n<\/table>\n<\/div>\n<\/div><\/div><\/div><div class=\"fusion-panel panel-default panel-62b92e983662da2eb fusion-toggle-has-divider\"><div class=\"panel-heading\"><h4 class=\"panel-title toggle\" id=\"toggle_62b92e983662da2eb\"><a aria-expanded=\"false\" aria-controls=\"62b92e983662da2eb\" role=\"button\" data-toggle=\"collapse\" data-parent=\"#accordion-19136-1\" data-target=\"#62b92e983662da2eb\" href=\"#62b92e983662da2eb\"><span class=\"fusion-toggle-icon-wrapper\" aria-hidden=\"true\"><i class=\"fa-fusion-box active-icon awb-icon-minus\" aria-hidden=\"true\"><\/i><i class=\"fa-fusion-box inactive-icon awb-icon-plus\" aria-hidden=\"true\"><\/i><\/span><span class=\"fusion-toggle-heading\">Communaut\u00e9s de pratique <\/span><\/a><\/h4><\/div><div id=\"62b92e983662da2eb\" class=\"panel-collapse collapse \" aria-labelledby=\"toggle_62b92e983662da2eb\"><div class=\"panel-body toggle-content fusion-clearfix\">\n<p>Prochainement<\/p>\n<\/div><\/div><\/div><\/div><\/div><div class=\"fusion-image-element \" style=\"--awb-margin-top:20px;--awb-caption-title-font-family:var(--h2_typography-font-family);--awb-caption-title-font-weight:var(--h2_typography-font-weight);--awb-caption-title-font-style:var(--h2_typography-font-style);--awb-caption-title-size:var(--h2_typography-font-size);--awb-caption-title-transform:var(--h2_typography-text-transform);--awb-caption-title-line-height:var(--h2_typography-line-height);--awb-caption-title-letter-spacing:var(--h2_typography-letter-spacing);\"><span class=\" fusion-imageframe imageframe-none imageframe-1 hover-type-none\"><img decoding=\"async\" width=\"1200\" height=\"561\" title=\"Net-Zero-Partners-FR\" src=\"https:\/\/cwn-rce.ca\/wp-content\/uploads\/Net-Zero-Partners-FR.jpg\" alt class=\"img-responsive wp-image-19294\" srcset=\"https:\/\/cwn-rce.ca\/wp-content\/uploads\/Net-Zero-Partners-FR-200x94.jpg 200w, https:\/\/cwn-rce.ca\/wp-content\/uploads\/Net-Zero-Partners-FR-400x187.jpg 400w, https:\/\/cwn-rce.ca\/wp-content\/uploads\/Net-Zero-Partners-FR-600x281.jpg 600w, https:\/\/cwn-rce.ca\/wp-content\/uploads\/Net-Zero-Partners-FR-800x374.jpg 800w, https:\/\/cwn-rce.ca\/wp-content\/uploads\/Net-Zero-Partners-FR.jpg 1200w\" sizes=\"(max-width: 1024px) 100vw, (max-width: 640px) 100vw, 1200px\" \/><\/span><\/div><\/div><\/div><\/div><\/div>\n","protected":false},"excerpt":{"rendered":"","protected":false},"author":1,"featured_media":17887,"parent":18927,"menu_order":0,"comment_status":"closed","ping_status":"closed","template":"","meta":{"_acf_changed":false,"footnotes":""},"categories":[],"tags":[],"class_list":["post-19136","page","type-page","status-publish","has-post-thumbnail","hentry"],"acf":[],"yoast_head":"<!-- This site is optimized with the Yoast SEO plugin v26.8 - https:\/\/yoast.com\/product\/yoast-seo-wordpress\/ -->\n<title>Partenaires et comit\u00e9s &#8211; R\u00e9seau canadien de l\u2019eau<\/title>\n<meta name=\"description\" content=\"Dans le cadre du projet de Feuille de route vers la carboneutralit\u00e9 de l\u2019eau, le RCE met sur pied un r\u00e9seau national d\u2019experts, de d\u00e9cideurs et de collaborateurs.\" \/>\n<meta name=\"robots\" content=\"index, follow, max-snippet:-1, max-image-preview:large, max-video-preview:-1\" \/>\n<link rel=\"canonical\" href=\"https:\/\/cwn-rce.ca\/fr\/tracer-la-voie-vers-une-eau-carboneutre\/partenaires-et-comites\/\" \/>\n<meta property=\"og:locale\" content=\"fr_CA\" \/>\n<meta property=\"og:type\" content=\"article\" \/>\n<meta property=\"og:title\" content=\"Partenaires et comit\u00e9s &#8211; R\u00e9seau canadien de l\u2019eau\" \/>\n<meta property=\"og:description\" content=\"Dans le cadre du projet de Feuille de route vers la carboneutralit\u00e9 de l\u2019eau, le RCE met sur pied un r\u00e9seau national d\u2019experts, de d\u00e9cideurs et de collaborateurs.\" \/>\n<meta property=\"og:url\" content=\"https:\/\/cwn-rce.ca\/fr\/tracer-la-voie-vers-une-eau-carboneutre\/partenaires-et-comites\/\" \/>\n<meta property=\"og:site_name\" content=\"R\u00e9seau canadien de l\u2019eau\" \/>\n<meta property=\"article:publisher\" content=\"https:\/\/www.facebook.com\/CanadianWaterNetwork\/\" \/>\n<meta property=\"article:modified_time\" content=\"2025-03-26T19:26:48+00:00\" \/>\n<meta name=\"twitter:card\" content=\"summary_large_image\" \/>\n<meta name=\"twitter:site\" content=\"@CdnWaterNetwork\" \/>\n<meta name=\"twitter:label1\" content=\"Estimation du temps de lecture\" \/>\n\t<meta name=\"twitter:data1\" content=\"1 minute\" \/>\n<script type=\"application\/ld+json\" class=\"yoast-schema-graph\">{\"@context\":\"https:\/\/schema.org\",\"@graph\":[{\"@type\":\"WebPage\",\"@id\":\"https:\/\/cwn-rce.ca\/fr\/tracer-la-voie-vers-une-eau-carboneutre\/partenaires-et-comites\/\",\"url\":\"https:\/\/cwn-rce.ca\/fr\/tracer-la-voie-vers-une-eau-carboneutre\/partenaires-et-comites\/\",\"name\":\"Partenaires et comit\u00e9s &#8211; R\u00e9seau canadien de l\u2019eau\",\"isPartOf\":{\"@id\":\"https:\/\/cwn-rce.ca\/fr\/#website\"},\"primaryImageOfPage\":{\"@id\":\"https:\/\/cwn-rce.ca\/fr\/tracer-la-voie-vers-une-eau-carboneutre\/partenaires-et-comites\/#primaryimage\"},\"image\":{\"@id\":\"https:\/\/cwn-rce.ca\/fr\/tracer-la-voie-vers-une-eau-carboneutre\/partenaires-et-comites\/#primaryimage\"},\"thumbnailUrl\":\"https:\/\/cwn-rce.ca\/wp-content\/uploads\/iStock-670342172-scaled.jpg\",\"datePublished\":\"2025-03-13T19:09:25+00:00\",\"dateModified\":\"2025-03-26T19:26:48+00:00\",\"description\":\"Dans le cadre du projet de Feuille de route vers la carboneutralit\u00e9 de l\u2019eau, le RCE met sur pied un r\u00e9seau national d\u2019experts, de d\u00e9cideurs et de collaborateurs.\",\"breadcrumb\":{\"@id\":\"https:\/\/cwn-rce.ca\/fr\/tracer-la-voie-vers-une-eau-carboneutre\/partenaires-et-comites\/#breadcrumb\"},\"inLanguage\":\"fr-CA\",\"potentialAction\":[{\"@type\":\"ReadAction\",\"target\":[\"https:\/\/cwn-rce.ca\/fr\/tracer-la-voie-vers-une-eau-carboneutre\/partenaires-et-comites\/\"]}]},{\"@type\":\"ImageObject\",\"inLanguage\":\"fr-CA\",\"@id\":\"https:\/\/cwn-rce.ca\/fr\/tracer-la-voie-vers-une-eau-carboneutre\/partenaires-et-comites\/#primaryimage\",\"url\":\"https:\/\/cwn-rce.ca\/wp-content\/uploads\/iStock-670342172-scaled.jpg\",\"contentUrl\":\"https:\/\/cwn-rce.ca\/wp-content\/uploads\/iStock-670342172-scaled.jpg\",\"width\":2560,\"height\":1707,\"caption\":\"Rippled pattern on blue water surface. Natural pattern.\"},{\"@type\":\"BreadcrumbList\",\"@id\":\"https:\/\/cwn-rce.ca\/fr\/tracer-la-voie-vers-une-eau-carboneutre\/partenaires-et-comites\/#breadcrumb\",\"itemListElement\":[{\"@type\":\"ListItem\",\"position\":1,\"name\":\"Home\",\"item\":\"https:\/\/cwn-rce.ca\/fr\/\"},{\"@type\":\"ListItem\",\"position\":2,\"name\":\"Tracer la voie vers une eau carboneutre\",\"item\":\"https:\/\/cwn-rce.ca\/fr\/tracer-la-voie-vers-une-eau-carboneutre\/\"},{\"@type\":\"ListItem\",\"position\":3,\"name\":\"Partenaires et comit\u00e9s\"}]},{\"@type\":\"WebSite\",\"@id\":\"https:\/\/cwn-rce.ca\/fr\/#website\",\"url\":\"https:\/\/cwn-rce.ca\/fr\/\",\"name\":\"R\u00e9seau canadien de l\u2019eau\",\"description\":\"\",\"publisher\":{\"@id\":\"https:\/\/cwn-rce.ca\/fr\/#organization\"},\"potentialAction\":[{\"@type\":\"SearchAction\",\"target\":{\"@type\":\"EntryPoint\",\"urlTemplate\":\"https:\/\/cwn-rce.ca\/fr\/?s={search_term_string}\"},\"query-input\":{\"@type\":\"PropertyValueSpecification\",\"valueRequired\":true,\"valueName\":\"search_term_string\"}}],\"inLanguage\":\"fr-CA\"},{\"@type\":\"Organization\",\"@id\":\"https:\/\/cwn-rce.ca\/fr\/#organization\",\"name\":\"Canadian Water Network\",\"url\":\"https:\/\/cwn-rce.ca\/fr\/\",\"logo\":{\"@type\":\"ImageObject\",\"inLanguage\":\"fr-CA\",\"@id\":\"https:\/\/cwn-rce.ca\/fr\/#\/schema\/logo\/image\/\",\"url\":\"https:\/\/cwn-rce.ca\/wp-content\/uploads\/2016\/02\/CWN-Logo-English.png\",\"contentUrl\":\"https:\/\/cwn-rce.ca\/wp-content\/uploads\/2016\/02\/CWN-Logo-English.png\",\"width\":1503,\"height\":525,\"caption\":\"Canadian Water Network\"},\"image\":{\"@id\":\"https:\/\/cwn-rce.ca\/fr\/#\/schema\/logo\/image\/\"},\"sameAs\":[\"https:\/\/www.facebook.com\/CanadianWaterNetwork\/\",\"https:\/\/x.com\/CdnWaterNetwork\",\"https:\/\/www.linkedin.com\/company\/canadian-water-network\/\",\"https:\/\/www.youtube.com\/channel\/UCEjwENtS0hTmIO1BQGQqUEw\"]}]}<\/script>\n<!-- \/ Yoast SEO plugin. -->","yoast_head_json":{"title":"Partenaires et comit\u00e9s &#8211; R\u00e9seau canadien de l\u2019eau","description":"Dans le cadre du projet de Feuille de route vers la carboneutralit\u00e9 de l\u2019eau, le RCE met sur pied un r\u00e9seau national d\u2019experts, de d\u00e9cideurs et de collaborateurs.","robots":{"index":"index","follow":"follow","max-snippet":"max-snippet:-1","max-image-preview":"max-image-preview:large","max-video-preview":"max-video-preview:-1"},"canonical":"https:\/\/cwn-rce.ca\/fr\/tracer-la-voie-vers-une-eau-carboneutre\/partenaires-et-comites\/","og_locale":"fr_CA","og_type":"article","og_title":"Partenaires et comit\u00e9s &#8211; R\u00e9seau canadien de l\u2019eau","og_description":"Dans le cadre du projet de Feuille de route vers la carboneutralit\u00e9 de l\u2019eau, le RCE met sur pied un r\u00e9seau national d\u2019experts, de d\u00e9cideurs et de collaborateurs.","og_url":"https:\/\/cwn-rce.ca\/fr\/tracer-la-voie-vers-une-eau-carboneutre\/partenaires-et-comites\/","og_site_name":"R\u00e9seau canadien de l\u2019eau","article_publisher":"https:\/\/www.facebook.com\/CanadianWaterNetwork\/","article_modified_time":"2025-03-26T19:26:48+00:00","twitter_card":"summary_large_image","twitter_site":"@CdnWaterNetwork","twitter_misc":{"Estimation du temps de lecture":"1 minute"},"schema":{"@context":"https:\/\/schema.org","@graph":[{"@type":"WebPage","@id":"https:\/\/cwn-rce.ca\/fr\/tracer-la-voie-vers-une-eau-carboneutre\/partenaires-et-comites\/","url":"https:\/\/cwn-rce.ca\/fr\/tracer-la-voie-vers-une-eau-carboneutre\/partenaires-et-comites\/","name":"Partenaires et comit\u00e9s &#8211; R\u00e9seau canadien de l\u2019eau","isPartOf":{"@id":"https:\/\/cwn-rce.ca\/fr\/#website"},"primaryImageOfPage":{"@id":"https:\/\/cwn-rce.ca\/fr\/tracer-la-voie-vers-une-eau-carboneutre\/partenaires-et-comites\/#primaryimage"},"image":{"@id":"https:\/\/cwn-rce.ca\/fr\/tracer-la-voie-vers-une-eau-carboneutre\/partenaires-et-comites\/#primaryimage"},"thumbnailUrl":"https:\/\/cwn-rce.ca\/wp-content\/uploads\/iStock-670342172-scaled.jpg","datePublished":"2025-03-13T19:09:25+00:00","dateModified":"2025-03-26T19:26:48+00:00","description":"Dans le cadre du projet de Feuille de route vers la carboneutralit\u00e9 de l\u2019eau, le RCE met sur pied un r\u00e9seau national d\u2019experts, de d\u00e9cideurs et de collaborateurs.","breadcrumb":{"@id":"https:\/\/cwn-rce.ca\/fr\/tracer-la-voie-vers-une-eau-carboneutre\/partenaires-et-comites\/#breadcrumb"},"inLanguage":"fr-CA","potentialAction":[{"@type":"ReadAction","target":["https:\/\/cwn-rce.ca\/fr\/tracer-la-voie-vers-une-eau-carboneutre\/partenaires-et-comites\/"]}]},{"@type":"ImageObject","inLanguage":"fr-CA","@id":"https:\/\/cwn-rce.ca\/fr\/tracer-la-voie-vers-une-eau-carboneutre\/partenaires-et-comites\/#primaryimage","url":"https:\/\/cwn-rce.ca\/wp-content\/uploads\/iStock-670342172-scaled.jpg","contentUrl":"https:\/\/cwn-rce.ca\/wp-content\/uploads\/iStock-670342172-scaled.jpg","width":2560,"height":1707,"caption":"Rippled pattern on blue water surface. Natural pattern."},{"@type":"BreadcrumbList","@id":"https:\/\/cwn-rce.ca\/fr\/tracer-la-voie-vers-une-eau-carboneutre\/partenaires-et-comites\/#breadcrumb","itemListElement":[{"@type":"ListItem","position":1,"name":"Home","item":"https:\/\/cwn-rce.ca\/fr\/"},{"@type":"ListItem","position":2,"name":"Tracer la voie vers une eau carboneutre","item":"https:\/\/cwn-rce.ca\/fr\/tracer-la-voie-vers-une-eau-carboneutre\/"},{"@type":"ListItem","position":3,"name":"Partenaires et comit\u00e9s"}]},{"@type":"WebSite","@id":"https:\/\/cwn-rce.ca\/fr\/#website","url":"https:\/\/cwn-rce.ca\/fr\/","name":"R\u00e9seau canadien de l\u2019eau","description":"","publisher":{"@id":"https:\/\/cwn-rce.ca\/fr\/#organization"},"potentialAction":[{"@type":"SearchAction","target":{"@type":"EntryPoint","urlTemplate":"https:\/\/cwn-rce.ca\/fr\/?s={search_term_string}"},"query-input":{"@type":"PropertyValueSpecification","valueRequired":true,"valueName":"search_term_string"}}],"inLanguage":"fr-CA"},{"@type":"Organization","@id":"https:\/\/cwn-rce.ca\/fr\/#organization","name":"Canadian Water Network","url":"https:\/\/cwn-rce.ca\/fr\/","logo":{"@type":"ImageObject","inLanguage":"fr-CA","@id":"https:\/\/cwn-rce.ca\/fr\/#\/schema\/logo\/image\/","url":"https:\/\/cwn-rce.ca\/wp-content\/uploads\/2016\/02\/CWN-Logo-English.png","contentUrl":"https:\/\/cwn-rce.ca\/wp-content\/uploads\/2016\/02\/CWN-Logo-English.png","width":1503,"height":525,"caption":"Canadian Water Network"},"image":{"@id":"https:\/\/cwn-rce.ca\/fr\/#\/schema\/logo\/image\/"},"sameAs":["https:\/\/www.facebook.com\/CanadianWaterNetwork\/","https:\/\/x.com\/CdnWaterNetwork","https:\/\/www.linkedin.com\/company\/canadian-water-network\/","https:\/\/www.youtube.com\/channel\/UCEjwENtS0hTmIO1BQGQqUEw"]}]}},"_links":{"self":[{"href":"https:\/\/cwn-rce.ca\/fr\/wp-json\/wp\/v2\/pages\/19136","targetHints":{"allow":["GET"]}}],"collection":[{"href":"https:\/\/cwn-rce.ca\/fr\/wp-json\/wp\/v2\/pages"}],"about":[{"href":"https:\/\/cwn-rce.ca\/fr\/wp-json\/wp\/v2\/types\/page"}],"author":[{"embeddable":true,"href":"https:\/\/cwn-rce.ca\/fr\/wp-json\/wp\/v2\/users\/1"}],"replies":[{"embeddable":true,"href":"https:\/\/cwn-rce.ca\/fr\/wp-json\/wp\/v2\/comments?post=19136"}],"version-history":[{"count":7,"href":"https:\/\/cwn-rce.ca\/fr\/wp-json\/wp\/v2\/pages\/19136\/revisions"}],"predecessor-version":[{"id":19465,"href":"https:\/\/cwn-rce.ca\/fr\/wp-json\/wp\/v2\/pages\/19136\/revisions\/19465"}],"up":[{"embeddable":true,"href":"https:\/\/cwn-rce.ca\/fr\/wp-json\/wp\/v2\/pages\/18927"}],"wp:featuredmedia":[{"embeddable":true,"href":"https:\/\/cwn-rce.ca\/fr\/wp-json\/wp\/v2\/media\/17887"}],"wp:attachment":[{"href":"https:\/\/cwn-rce.ca\/fr\/wp-json\/wp\/v2\/media?parent=19136"}],"wp:term":[{"taxonomy":"category","embeddable":true,"href":"https:\/\/cwn-rce.ca\/fr\/wp-json\/wp\/v2\/categories?post=19136"},{"taxonomy":"post_tag","embeddable":true,"href":"https:\/\/cwn-rce.ca\/fr\/wp-json\/wp\/v2\/tags?post=19136"}],"curies":[{"name":"wp","href":"https:\/\/api.w.org\/{rel}","templated":true}]}}