{"id":21859,"date":"2025-09-16T20:59:04","date_gmt":"2025-09-17T00:59:04","guid":{"rendered":"https:\/\/cwn-rce.ca\/reconciliation-avec-les-peuples-autochtones\/"},"modified":"2025-09-16T20:59:04","modified_gmt":"2025-09-17T00:59:04","slug":"reconciliation-avec-les-peuples-autochtones","status":"publish","type":"page","link":"https:\/\/cwn-rce.ca\/fr\/reconciliation-avec-les-peuples-autochtones\/","title":{"rendered":"R\u00e9conciliation avec les peuples autochtones"},"content":{"rendered":"<p><div class=\"fusion-fullwidth fullwidth-box fusion-builder-row-1 fusion-flex-container has-pattern-background has-mask-background nonhundred-percent-fullwidth non-hundred-percent-height-scrolling\" style=\"--awb-border-radius-top-left:0px;--awb-border-radius-top-right:0px;--awb-border-radius-bottom-right:0px;--awb-border-radius-bottom-left:0px;--awb-padding-top-small:0px;--awb-margin-top:0px;--awb-margin-bottom:35px;--awb-margin-top-small:30px;--awb-flex-wrap:wrap;\" ><div class=\"fusion-builder-row fusion-row fusion-flex-align-items-center fusion-flex-content-wrap\" style=\"max-width:calc( 1100px + 5px );margin-left: calc(-5px \/ 2 );margin-right: calc(-5px \/ 2 );\"><div class=\"fusion-layout-column fusion_builder_column fusion-builder-column-0 fusion_builder_column_1_2 1_2 fusion-flex-column\" style=\"--awb-bg-size:cover;--awb-transform:translateX(0px);--awb-transform-hover:translateX(15px);--awb-width-large:50%;--awb-margin-top-large:0px;--awb-spacing-right-large:2.5px;--awb-margin-bottom-large:0px;--awb-spacing-left-large:2.5px;--awb-width-medium:100%;--awb-order-medium:1;--awb-spacing-right-medium:2.5px;--awb-spacing-left-medium:2.5px;--awb-width-small:100%;--awb-order-small:2;--awb-spacing-right-small:2.5px;--awb-spacing-left-small:2.5px;\"><div class=\"fusion-column-wrapper fusion-column-has-shadow fusion-flex-justify-content-flex-start fusion-content-layout-column\"><div class=\"fusion-image-element \" style=\"--awb-aspect-ratio: 100 \/ 87;--awb-object-position:52% 28%;--awb-caption-title-color:hsla(var(--awb-color1-h),var(--awb-color1-s),var(--awb-color1-l),calc(var(--awb-color1-a) - 100%));--awb-caption-overlay-color:hsla(var(--awb-color1-h),var(--awb-color1-s),calc(var(--awb-color1-l) - 100%),calc(var(--awb-color1-a) - 50%));--awb-caption-title-font-family:var(--h2_typography-font-family);--awb-caption-title-font-weight:var(--h2_typography-font-weight);--awb-caption-title-font-style:var(--h2_typography-font-style);--awb-caption-title-size:var(--h2_typography-font-size);--awb-caption-title-transform:var(--h2_typography-text-transform);--awb-caption-title-line-height:var(--h2_typography-line-height);--awb-caption-title-letter-spacing:var(--h2_typography-letter-spacing);\"><span class=\" fusion-imageframe imageframe-none imageframe-1 hover-type-none has-aspect-ratio\" style=\"border-radius:0px 0px 50px 0px;\"><img decoding=\"async\" width=\"1066\" height=\"814\" title=\"ndtr_ig_sticker_eng\" src=\"https:\/\/cwn-rce.ca\/wp-content\/uploads\/ndtr_ig_sticker_eng-1.jpg\" class=\"img-responsive wp-image-21201 img-with-aspect-ratio\" data-parent-fit=\"cover\" data-parent-container=\".fusion-image-element\" alt srcset=\"https:\/\/cwn-rce.ca\/wp-content\/uploads\/ndtr_ig_sticker_eng-1-200x153.jpg 200w, https:\/\/cwn-rce.ca\/wp-content\/uploads\/ndtr_ig_sticker_eng-1-400x305.jpg 400w, https:\/\/cwn-rce.ca\/wp-content\/uploads\/ndtr_ig_sticker_eng-1-600x458.jpg 600w, https:\/\/cwn-rce.ca\/wp-content\/uploads\/ndtr_ig_sticker_eng-1-800x611.jpg 800w, https:\/\/cwn-rce.ca\/wp-content\/uploads\/ndtr_ig_sticker_eng-1.jpg 1066w\" sizes=\"(max-width: 1024px) 100vw, (max-width: 640px) 100vw, 600px\" \/><\/span><\/div><\/div><\/div><div class=\"fusion-layout-column fusion_builder_column fusion-builder-column-1 fusion_builder_column_1_2 1_2 fusion-flex-column fusion-flex-align-self-center\" style=\"--awb-padding-left-medium:0px;--awb-padding-right-small:0px;--awb-padding-left-small:0px;--awb-bg-size:cover;--awb-width-large:50%;--awb-margin-top-large:0px;--awb-spacing-right-large:2.5px;--awb-margin-bottom-large:0px;--awb-spacing-left-large:32.5px;--awb-width-medium:100%;--awb-order-medium:0;--awb-spacing-right-medium:2.5px;--awb-spacing-left-medium:2.5px;--awb-width-small:100%;--awb-order-small:1;--awb-spacing-right-small:2.5px;--awb-margin-bottom-small:0px;--awb-spacing-left-small:2.5px;\"><div class=\"fusion-column-wrapper fusion-column-has-shadow fusion-flex-justify-content-flex-start fusion-content-layout-column\"><div class=\"fusion-title title fusion-title-1 fusion-sep-none fusion-title-text fusion-title-size-one\" style=\"--awb-margin-top:20px;--awb-margin-bottom:15px;\"><h1 class=\"fusion-title-heading title-heading-left fusion-responsive-typography-calculated\" style=\"margin:0;--fontSize:34;line-height:1.2;\">Notre engagement envers la r\u00e9conciliation avec les peuples autochtones<\/h1><\/div><div class=\"fusion-text fusion-text-1 fusion-text-no-margin\" style=\"--awb-margin-bottom:20px;\"><p>Au R\u00e9seau canadien de l\u2019eau (RCE), nous reconnaissons que la r\u00e9conciliation commence par la v\u00e9rit\u00e9. Nous nous engageons \u00e0 apprendre et \u00e0 reconna\u00eetre l\u2019h\u00e9ritage n\u00e9faste du colonialisme au Canada. Nous nous engageons \u00e9galement \u00e0 \u00e9tablir des relations respectueuses et durables avec les peuples, les communaut\u00e9s et les organisations autochtones.<\/p>\n<p>L\u2019engagement et la r\u00e9conciliation avec les peuples et les organisations autochtones ne sont pas des efforts isol\u00e9s. Ils font partie int\u00e9grante de tout ce que nous faisons. Le RCE s\u2019est engag\u00e9 \u00e0 int\u00e9grer les relations avec les Autochtones et la r\u00e9conciliation dans toutes ses activit\u00e9s.<\/p>\n<\/div><\/div><\/div><\/div><\/div><div class=\"fusion-fullwidth fullwidth-box fusion-builder-row-2 fusion-flex-container has-pattern-background has-mask-background nonhundred-percent-fullwidth non-hundred-percent-height-scrolling\" style=\"--awb-border-radius-top-left:0px;--awb-border-radius-top-right:0px;--awb-border-radius-bottom-right:0px;--awb-border-radius-bottom-left:0px;--awb-flex-wrap:wrap;\" ><div class=\"fusion-builder-row fusion-row fusion-flex-align-items-flex-start fusion-flex-content-wrap\" style=\"max-width:1144px;margin-left: calc(-4% \/ 2 );margin-right: calc(-4% \/ 2 );\"><div class=\"fusion-layout-column fusion_builder_column fusion-builder-column-2 fusion_builder_column_1_1 1_1 fusion-flex-column\" style=\"--awb-bg-size:cover;--awb-width-large:100%;--awb-margin-top-large:0px;--awb-spacing-right-large:1.92%;--awb-margin-bottom-large:20px;--awb-spacing-left-large:1.92%;--awb-width-medium:100%;--awb-order-medium:0;--awb-spacing-right-medium:1.92%;--awb-spacing-left-medium:1.92%;--awb-width-small:100%;--awb-order-small:0;--awb-spacing-right-small:1.92%;--awb-spacing-left-small:1.92%;\"><div class=\"fusion-column-wrapper fusion-column-has-shadow fusion-flex-justify-content-flex-start fusion-content-layout-column\"><div class=\"fusion-text fusion-text-2\"><h2 class=\"fusion-responsive-typography-calculated\" style=\"--fontsize: 25; line-height: 1.3; --minfontsize: 25;\" data-fontsize=\"25\" data-lineheight=\"32.5px\">Sur la voie de la r\u00e9conciliation<\/h2>\n<p>Notre approche de la r\u00e9conciliation repose sur l\u2019action. Nous collaborons avec des organisations et des entreprises dirig\u00e9es par des Autochtones dans le cadre de projets qui soutiennent la souverainet\u00e9 autochtone, la prosp\u00e9rit\u00e9 \u00e9conomique et la protection de la sant\u00e9 humaine et environnementale. Gr\u00e2ce \u00e0 ces partenariats, nous souhaitons contribuer de mani\u00e8re significative au bien-\u00eatre et \u00e0 l\u2019autod\u00e9termination des communaut\u00e9s autochtones.<\/p>\n<h2 class=\"fusion-responsive-typography-calculated\" style=\"--fontsize: 25; line-height: 1.3; --minfontsize: 25;\" data-fontsize=\"25\" data-lineheight=\"32.5px\">PAIR Engagement certifi\u00e9 par le programme PAIR<\/h2>\n<p>Dans le cadre de notre d\u00e9marche de r\u00e9conciliation, le RCE est fier de participer au Programme d\u2019accr\u00e9ditation des partenariats en relations autochtones (PAIR) dirig\u00e9 par le Conseil canadien pour l\u2019entreprise autochtone (CCEA). Le PAIR est la seule certification de responsabilit\u00e9 sociale des entreprises au Canada ax\u00e9e sur les relations avec les Autochtones. Il fournit une v\u00e9rification ind\u00e9pendante par un tiers de nos efforts et de nos progr\u00e8s dans quatre domaines cl\u00e9s\u00a0:<\/p>\n<ol>\n<li>Leadership\u00a0: int\u00e9grer la r\u00e9conciliation dans nos valeurs et nos actions organisationnelles.<\/li>\n<li>Emploi\u00a0: soutenir les talents autochtones et les pratiques inclusives en milieu de travail.<\/li>\n<li>D\u00e9veloppement commercial\u00a0: \u00e9tablir des relations solides et mutuellement b\u00e9n\u00e9fiques avec les entreprises appartenant \u00e0 des Autochtones.<\/li>\n<li>Relations communautaires\u00a0: s\u2019engager de mani\u00e8re significative aupr\u00e8s des communaut\u00e9s autochtones et offrir un soutien qui refl\u00e8te leurs priorit\u00e9s.<\/li>\n<\/ol>\n<p>Gr\u00e2ce au PAIR, nous sommes tenus de respecter des normes \u00e9lev\u00e9es et guid\u00e9s dans notre am\u00e9lioration continue. La participation du RCE t\u00e9moigne de notre engagement \u00e0 \u00eatre un partenaire de confiance, un employeur responsable et un alli\u00e9 dans la promotion de la prosp\u00e9rit\u00e9 des Autochtones.<\/p>\n<\/div><div style=\"text-align:left;\"><a class=\"fusion-button button-flat button-xlarge button-default fusion-button-default button-1 fusion-button-span-no fusion-button-default-type\" style=\"--button-border-radius-bottom-right:20px;--button_margin-top:10px;--button_margin-bottom:40px;\" target=\"_blank\" rel=\"noopener noreferrer\" href=\"https:\/\/www.ccab.com\/pair\/\"><span class=\"fusion-button-text awb-button__text awb-button__text--default\">En savoir sur plus sur le PAIR<\/span><\/a><\/div><div class=\"fusion-image-element \" style=\"--awb-caption-title-font-family:var(--h2_typography-font-family);--awb-caption-title-font-weight:var(--h2_typography-font-weight);--awb-caption-title-font-style:var(--h2_typography-font-style);--awb-caption-title-size:var(--h2_typography-font-size);--awb-caption-title-transform:var(--h2_typography-text-transform);--awb-caption-title-line-height:var(--h2_typography-line-height);--awb-caption-title-letter-spacing:var(--h2_typography-letter-spacing);\"><span class=\" fusion-imageframe imageframe-none imageframe-2 hover-type-none\"><a class=\"fusion-no-lightbox\" href=\"https:\/\/www.ccab.com\/pair\/\" target=\"_self\" aria-label=\"PAIR-Logo-colour\"><img decoding=\"async\" width=\"1754\" height=\"319\" src=\"https:\/\/cwn-rce.ca\/wp-content\/uploads\/PAIR-Logo-colour.jpg\" alt class=\"img-responsive wp-image-21088\" srcset=\"https:\/\/cwn-rce.ca\/wp-content\/uploads\/PAIR-Logo-colour-200x36.jpg 200w, https:\/\/cwn-rce.ca\/wp-content\/uploads\/PAIR-Logo-colour-400x73.jpg 400w, https:\/\/cwn-rce.ca\/wp-content\/uploads\/PAIR-Logo-colour-600x109.jpg 600w, https:\/\/cwn-rce.ca\/wp-content\/uploads\/PAIR-Logo-colour-800x145.jpg 800w, https:\/\/cwn-rce.ca\/wp-content\/uploads\/PAIR-Logo-colour-1200x218.jpg 1200w, https:\/\/cwn-rce.ca\/wp-content\/uploads\/PAIR-Logo-colour.jpg 1754w\" sizes=\"(max-width: 1024px) 100vw, (max-width: 640px) 100vw, 1200px\" \/><\/a><\/span><\/div><\/div><\/div><\/div><\/div><\/p>\n","protected":false},"excerpt":{"rendered":"","protected":false},"author":1,"featured_media":17887,"parent":0,"menu_order":0,"comment_status":"closed","ping_status":"closed","template":"","meta":{"_acf_changed":false,"footnotes":""},"categories":[],"tags":[],"class_list":["post-21859","page","type-page","status-publish","has-post-thumbnail","hentry"],"acf":[],"yoast_head":"<!-- This site is optimized with the Yoast SEO plugin v26.8 - https:\/\/yoast.com\/product\/yoast-seo-wordpress\/ -->\n<title>R\u00e9conciliation avec les peuples autochtones &#8211; R\u00e9seau canadien de l\u2019eau<\/title>\n<meta name=\"robots\" content=\"index, follow, max-snippet:-1, max-image-preview:large, max-video-preview:-1\" \/>\n<link rel=\"canonical\" href=\"https:\/\/cwn-rce.ca\/fr\/reconciliation-avec-les-peuples-autochtones\/\" \/>\n<meta property=\"og:locale\" content=\"fr_CA\" \/>\n<meta property=\"og:type\" content=\"article\" \/>\n<meta property=\"og:title\" content=\"R\u00e9conciliation avec les peuples autochtones &#8211; R\u00e9seau canadien de l\u2019eau\" \/>\n<meta property=\"og:url\" content=\"https:\/\/cwn-rce.ca\/fr\/reconciliation-avec-les-peuples-autochtones\/\" \/>\n<meta property=\"og:site_name\" content=\"R\u00e9seau canadien de l\u2019eau\" \/>\n<meta property=\"article:publisher\" content=\"https:\/\/www.facebook.com\/CanadianWaterNetwork\/\" \/>\n<meta property=\"og:image\" content=\"https:\/\/cwn-rce.ca\/wp-content\/uploads\/iStock-670342172-scaled.jpg\" \/>\n\t<meta property=\"og:image:width\" content=\"2560\" \/>\n\t<meta property=\"og:image:height\" content=\"1707\" \/>\n\t<meta property=\"og:image:type\" content=\"image\/jpeg\" \/>\n<meta name=\"twitter:card\" content=\"summary_large_image\" \/>\n<meta name=\"twitter:site\" content=\"@CdnWaterNetwork\" \/>\n<meta name=\"twitter:label1\" content=\"Estimation du temps de lecture\" \/>\n\t<meta name=\"twitter:data1\" content=\"11 minutes\" \/>\n<script type=\"application\/ld+json\" class=\"yoast-schema-graph\">{\"@context\":\"https:\/\/schema.org\",\"@graph\":[{\"@type\":\"WebPage\",\"@id\":\"https:\/\/cwn-rce.ca\/fr\/reconciliation-avec-les-peuples-autochtones\/\",\"url\":\"https:\/\/cwn-rce.ca\/fr\/reconciliation-avec-les-peuples-autochtones\/\",\"name\":\"R\u00e9conciliation avec les peuples autochtones &#8211; R\u00e9seau canadien de l\u2019eau\",\"isPartOf\":{\"@id\":\"https:\/\/cwn-rce.ca\/fr\/#website\"},\"primaryImageOfPage\":{\"@id\":\"https:\/\/cwn-rce.ca\/fr\/reconciliation-avec-les-peuples-autochtones\/#primaryimage\"},\"image\":{\"@id\":\"https:\/\/cwn-rce.ca\/fr\/reconciliation-avec-les-peuples-autochtones\/#primaryimage\"},\"thumbnailUrl\":\"https:\/\/cwn-rce.ca\/wp-content\/uploads\/iStock-670342172-scaled.jpg\",\"datePublished\":\"2025-09-17T00:59:04+00:00\",\"breadcrumb\":{\"@id\":\"https:\/\/cwn-rce.ca\/fr\/reconciliation-avec-les-peuples-autochtones\/#breadcrumb\"},\"inLanguage\":\"fr-CA\",\"potentialAction\":[{\"@type\":\"ReadAction\",\"target\":[\"https:\/\/cwn-rce.ca\/fr\/reconciliation-avec-les-peuples-autochtones\/\"]}]},{\"@type\":\"ImageObject\",\"inLanguage\":\"fr-CA\",\"@id\":\"https:\/\/cwn-rce.ca\/fr\/reconciliation-avec-les-peuples-autochtones\/#primaryimage\",\"url\":\"https:\/\/cwn-rce.ca\/wp-content\/uploads\/iStock-670342172-scaled.jpg\",\"contentUrl\":\"https:\/\/cwn-rce.ca\/wp-content\/uploads\/iStock-670342172-scaled.jpg\",\"width\":2560,\"height\":1707,\"caption\":\"Rippled pattern on blue water surface. Natural pattern.\"},{\"@type\":\"BreadcrumbList\",\"@id\":\"https:\/\/cwn-rce.ca\/fr\/reconciliation-avec-les-peuples-autochtones\/#breadcrumb\",\"itemListElement\":[{\"@type\":\"ListItem\",\"position\":1,\"name\":\"Home\",\"item\":\"https:\/\/cwn-rce.ca\/fr\/\"},{\"@type\":\"ListItem\",\"position\":2,\"name\":\"R\u00e9conciliation avec les peuples autochtones\"}]},{\"@type\":\"WebSite\",\"@id\":\"https:\/\/cwn-rce.ca\/fr\/#website\",\"url\":\"https:\/\/cwn-rce.ca\/fr\/\",\"name\":\"R\u00e9seau canadien de l\u2019eau\",\"description\":\"\",\"publisher\":{\"@id\":\"https:\/\/cwn-rce.ca\/fr\/#organization\"},\"potentialAction\":[{\"@type\":\"SearchAction\",\"target\":{\"@type\":\"EntryPoint\",\"urlTemplate\":\"https:\/\/cwn-rce.ca\/fr\/?s={search_term_string}\"},\"query-input\":{\"@type\":\"PropertyValueSpecification\",\"valueRequired\":true,\"valueName\":\"search_term_string\"}}],\"inLanguage\":\"fr-CA\"},{\"@type\":\"Organization\",\"@id\":\"https:\/\/cwn-rce.ca\/fr\/#organization\",\"name\":\"Canadian Water Network\",\"url\":\"https:\/\/cwn-rce.ca\/fr\/\",\"logo\":{\"@type\":\"ImageObject\",\"inLanguage\":\"fr-CA\",\"@id\":\"https:\/\/cwn-rce.ca\/fr\/#\/schema\/logo\/image\/\",\"url\":\"https:\/\/cwn-rce.ca\/wp-content\/uploads\/2016\/02\/CWN-Logo-English.png\",\"contentUrl\":\"https:\/\/cwn-rce.ca\/wp-content\/uploads\/2016\/02\/CWN-Logo-English.png\",\"width\":1503,\"height\":525,\"caption\":\"Canadian Water Network\"},\"image\":{\"@id\":\"https:\/\/cwn-rce.ca\/fr\/#\/schema\/logo\/image\/\"},\"sameAs\":[\"https:\/\/www.facebook.com\/CanadianWaterNetwork\/\",\"https:\/\/x.com\/CdnWaterNetwork\",\"https:\/\/www.linkedin.com\/company\/canadian-water-network\/\",\"https:\/\/www.youtube.com\/channel\/UCEjwENtS0hTmIO1BQGQqUEw\"]}]}<\/script>\n<!-- \/ Yoast SEO plugin. -->","yoast_head_json":{"title":"R\u00e9conciliation avec les peuples autochtones &#8211; R\u00e9seau canadien de l\u2019eau","robots":{"index":"index","follow":"follow","max-snippet":"max-snippet:-1","max-image-preview":"max-image-preview:large","max-video-preview":"max-video-preview:-1"},"canonical":"https:\/\/cwn-rce.ca\/fr\/reconciliation-avec-les-peuples-autochtones\/","og_locale":"fr_CA","og_type":"article","og_title":"R\u00e9conciliation avec les peuples autochtones &#8211; R\u00e9seau canadien de l\u2019eau","og_url":"https:\/\/cwn-rce.ca\/fr\/reconciliation-avec-les-peuples-autochtones\/","og_site_name":"R\u00e9seau canadien de l\u2019eau","article_publisher":"https:\/\/www.facebook.com\/CanadianWaterNetwork\/","og_image":[{"width":2560,"height":1707,"url":"https:\/\/cwn-rce.ca\/wp-content\/uploads\/iStock-670342172-scaled.jpg","type":"image\/jpeg"}],"twitter_card":"summary_large_image","twitter_site":"@CdnWaterNetwork","twitter_misc":{"Estimation du temps de lecture":"11 minutes"},"schema":{"@context":"https:\/\/schema.org","@graph":[{"@type":"WebPage","@id":"https:\/\/cwn-rce.ca\/fr\/reconciliation-avec-les-peuples-autochtones\/","url":"https:\/\/cwn-rce.ca\/fr\/reconciliation-avec-les-peuples-autochtones\/","name":"R\u00e9conciliation avec les peuples autochtones &#8211; R\u00e9seau canadien de l\u2019eau","isPartOf":{"@id":"https:\/\/cwn-rce.ca\/fr\/#website"},"primaryImageOfPage":{"@id":"https:\/\/cwn-rce.ca\/fr\/reconciliation-avec-les-peuples-autochtones\/#primaryimage"},"image":{"@id":"https:\/\/cwn-rce.ca\/fr\/reconciliation-avec-les-peuples-autochtones\/#primaryimage"},"thumbnailUrl":"https:\/\/cwn-rce.ca\/wp-content\/uploads\/iStock-670342172-scaled.jpg","datePublished":"2025-09-17T00:59:04+00:00","breadcrumb":{"@id":"https:\/\/cwn-rce.ca\/fr\/reconciliation-avec-les-peuples-autochtones\/#breadcrumb"},"inLanguage":"fr-CA","potentialAction":[{"@type":"ReadAction","target":["https:\/\/cwn-rce.ca\/fr\/reconciliation-avec-les-peuples-autochtones\/"]}]},{"@type":"ImageObject","inLanguage":"fr-CA","@id":"https:\/\/cwn-rce.ca\/fr\/reconciliation-avec-les-peuples-autochtones\/#primaryimage","url":"https:\/\/cwn-rce.ca\/wp-content\/uploads\/iStock-670342172-scaled.jpg","contentUrl":"https:\/\/cwn-rce.ca\/wp-content\/uploads\/iStock-670342172-scaled.jpg","width":2560,"height":1707,"caption":"Rippled pattern on blue water surface. Natural pattern."},{"@type":"BreadcrumbList","@id":"https:\/\/cwn-rce.ca\/fr\/reconciliation-avec-les-peuples-autochtones\/#breadcrumb","itemListElement":[{"@type":"ListItem","position":1,"name":"Home","item":"https:\/\/cwn-rce.ca\/fr\/"},{"@type":"ListItem","position":2,"name":"R\u00e9conciliation avec les peuples autochtones"}]},{"@type":"WebSite","@id":"https:\/\/cwn-rce.ca\/fr\/#website","url":"https:\/\/cwn-rce.ca\/fr\/","name":"R\u00e9seau canadien de l\u2019eau","description":"","publisher":{"@id":"https:\/\/cwn-rce.ca\/fr\/#organization"},"potentialAction":[{"@type":"SearchAction","target":{"@type":"EntryPoint","urlTemplate":"https:\/\/cwn-rce.ca\/fr\/?s={search_term_string}"},"query-input":{"@type":"PropertyValueSpecification","valueRequired":true,"valueName":"search_term_string"}}],"inLanguage":"fr-CA"},{"@type":"Organization","@id":"https:\/\/cwn-rce.ca\/fr\/#organization","name":"Canadian Water Network","url":"https:\/\/cwn-rce.ca\/fr\/","logo":{"@type":"ImageObject","inLanguage":"fr-CA","@id":"https:\/\/cwn-rce.ca\/fr\/#\/schema\/logo\/image\/","url":"https:\/\/cwn-rce.ca\/wp-content\/uploads\/2016\/02\/CWN-Logo-English.png","contentUrl":"https:\/\/cwn-rce.ca\/wp-content\/uploads\/2016\/02\/CWN-Logo-English.png","width":1503,"height":525,"caption":"Canadian Water Network"},"image":{"@id":"https:\/\/cwn-rce.ca\/fr\/#\/schema\/logo\/image\/"},"sameAs":["https:\/\/www.facebook.com\/CanadianWaterNetwork\/","https:\/\/x.com\/CdnWaterNetwork","https:\/\/www.linkedin.com\/company\/canadian-water-network\/","https:\/\/www.youtube.com\/channel\/UCEjwENtS0hTmIO1BQGQqUEw"]}]}},"_links":{"self":[{"href":"https:\/\/cwn-rce.ca\/fr\/wp-json\/wp\/v2\/pages\/21859","targetHints":{"allow":["GET"]}}],"collection":[{"href":"https:\/\/cwn-rce.ca\/fr\/wp-json\/wp\/v2\/pages"}],"about":[{"href":"https:\/\/cwn-rce.ca\/fr\/wp-json\/wp\/v2\/types\/page"}],"author":[{"embeddable":true,"href":"https:\/\/cwn-rce.ca\/fr\/wp-json\/wp\/v2\/users\/1"}],"replies":[{"embeddable":true,"href":"https:\/\/cwn-rce.ca\/fr\/wp-json\/wp\/v2\/comments?post=21859"}],"version-history":[{"count":2,"href":"https:\/\/cwn-rce.ca\/fr\/wp-json\/wp\/v2\/pages\/21859\/revisions"}],"predecessor-version":[{"id":21861,"href":"https:\/\/cwn-rce.ca\/fr\/wp-json\/wp\/v2\/pages\/21859\/revisions\/21861"}],"wp:featuredmedia":[{"embeddable":true,"href":"https:\/\/cwn-rce.ca\/fr\/wp-json\/wp\/v2\/media\/17887"}],"wp:attachment":[{"href":"https:\/\/cwn-rce.ca\/fr\/wp-json\/wp\/v2\/media?parent=21859"}],"wp:term":[{"taxonomy":"category","embeddable":true,"href":"https:\/\/cwn-rce.ca\/fr\/wp-json\/wp\/v2\/categories?post=21859"},{"taxonomy":"post_tag","embeddable":true,"href":"https:\/\/cwn-rce.ca\/fr\/wp-json\/wp\/v2\/tags?post=21859"}],"curies":[{"name":"wp","href":"https:\/\/api.w.org\/{rel}","templated":true}]}}