{"id":22698,"date":"2025-11-13T15:53:41","date_gmt":"2025-11-13T20:53:41","guid":{"rendered":"https:\/\/cwn-rce.ca\/planification-adaptative-pour-faire-face-a-lincertitude-future\/investigating-best-practices\/"},"modified":"2025-11-27T14:50:09","modified_gmt":"2025-11-27T19:50:09","slug":"recherche-des-meilleures-pratiques","status":"publish","type":"page","link":"https:\/\/cwn-rce.ca\/fr\/planification-adaptative-pour-faire-face-a-lincertitude-future\/recherche-des-meilleures-pratiques\/","title":{"rendered":"Recherche des meilleures pratiques"},"content":{"rendered":"<p><div class=\"fusion-fullwidth fullwidth-box fusion-builder-row-1 fusion-flex-container has-pattern-background has-mask-background nonhundred-percent-fullwidth non-hundred-percent-height-scrolling\" style=\"--awb-border-radius-top-left:0px;--awb-border-radius-top-right:0px;--awb-border-radius-bottom-right:0px;--awb-border-radius-bottom-left:0px;--awb-padding-top-medium:0px;--awb-margin-top:30px;--awb-margin-bottom:35px;--awb-margin-top-medium:20px;--awb-margin-bottom-medium:14px;--awb-flex-wrap:wrap;\" ><div class=\"fusion-builder-row fusion-row fusion-flex-align-items-center fusion-flex-content-wrap\" style=\"max-width:calc( 1100px + 5px );margin-left: calc(-5px \/ 2 );margin-right: calc(-5px \/ 2 );\"><div class=\"fusion-layout-column fusion_builder_column fusion-builder-column-0 fusion_builder_column_1_2 1_2 fusion-flex-column fusion-no-small-visibility fusion-no-medium-visibility\" style=\"--awb-bg-size:cover;--awb-transform:translateX(0px);--awb-transform-hover:translateX(15px);--awb-width-large:50%;--awb-margin-top-large:0px;--awb-spacing-right-large:2.5px;--awb-margin-bottom-large:0px;--awb-spacing-left-large:2.5px;--awb-width-medium:100%;--awb-order-medium:0;--awb-spacing-right-medium:2.5px;--awb-spacing-left-medium:2.5px;--awb-width-small:100%;--awb-order-small:2;--awb-spacing-right-small:2.5px;--awb-spacing-left-small:2.5px;\"><div class=\"fusion-column-wrapper fusion-column-has-shadow fusion-flex-justify-content-flex-start fusion-content-layout-column\"><div class=\"fusion-image-element \" style=\"--awb-aspect-ratio: 100 \/ 39;--awb-object-position:65% 55%;--awb-caption-title-color:hsla(var(--awb-color1-h),var(--awb-color1-s),var(--awb-color1-l),calc(var(--awb-color1-a) - 100%));--awb-caption-overlay-color:hsla(var(--awb-color1-h),var(--awb-color1-s),calc(var(--awb-color1-l) - 100%),calc(var(--awb-color1-a) - 50%));--awb-caption-title-font-family:var(--h2_typography-font-family);--awb-caption-title-font-weight:var(--h2_typography-font-weight);--awb-caption-title-font-style:var(--h2_typography-font-style);--awb-caption-title-size:var(--h2_typography-font-size);--awb-caption-title-transform:var(--h2_typography-text-transform);--awb-caption-title-line-height:var(--h2_typography-line-height);--awb-caption-title-letter-spacing:var(--h2_typography-letter-spacing);\"><span class=\" fusion-imageframe imageframe-none imageframe-1 hover-type-none has-aspect-ratio\" style=\"border-radius:0px 0px 50px 0px;\"><img decoding=\"async\" width=\"1000\" height=\"552\" title=\"iStock-1470205353\" src=\"https:\/\/cwn-rce.ca\/wp-content\/uploads\/iStock-1470205353-1.jpg\" class=\"img-responsive wp-image-21726 img-with-aspect-ratio\" data-parent-fit=\"cover\" data-parent-container=\".fusion-image-element\" alt srcset=\"https:\/\/cwn-rce.ca\/wp-content\/uploads\/iStock-1470205353-1-200x110.jpg 200w, https:\/\/cwn-rce.ca\/wp-content\/uploads\/iStock-1470205353-1-400x221.jpg 400w, https:\/\/cwn-rce.ca\/wp-content\/uploads\/iStock-1470205353-1-600x331.jpg 600w, https:\/\/cwn-rce.ca\/wp-content\/uploads\/iStock-1470205353-1-800x442.jpg 800w, https:\/\/cwn-rce.ca\/wp-content\/uploads\/iStock-1470205353-1.jpg 1000w\" sizes=\"(max-width: 1024px) 100vw, (max-width: 640px) 100vw, 600px\" \/><\/span><\/div><\/div><\/div><div class=\"fusion-layout-column fusion_builder_column fusion-builder-column-1 fusion_builder_column_1_2 1_2 fusion-flex-column fusion-flex-align-self-center\" style=\"--awb-padding-left-medium:0px;--awb-padding-right-small:0px;--awb-padding-left-small:0px;--awb-bg-size:cover;--awb-width-large:50%;--awb-margin-top-large:0px;--awb-spacing-right-large:2.5px;--awb-margin-bottom-large:0px;--awb-spacing-left-large:48.5px;--awb-width-medium:100%;--awb-order-medium:1;--awb-spacing-right-medium:2.5px;--awb-margin-bottom-medium:0px;--awb-spacing-left-medium:2.5px;--awb-width-small:100%;--awb-order-small:1;--awb-spacing-right-small:2.5px;--awb-margin-bottom-small:0px;--awb-spacing-left-small:2.5px;\"><div class=\"fusion-column-wrapper fusion-column-has-shadow fusion-flex-justify-content-flex-start fusion-content-layout-column\"><div class=\"fusion-text fusion-text-1 fusion-text-no-margin\" style=\"--awb-margin-bottom:20px;--awb-margin-bottom-medium:0px;\"><p>En octobre 2024, le R\u00e9seau canadien de l\u2019eau (RCE) a tenu \u00e0 Montr\u00e9al le tout premier atelier en personne du projet avec le comit\u00e9 directeur national. Les membres du comit\u00e9 y ont discut\u00e9 des lacunes et des besoins en mati\u00e8re de connaissances des municipalit\u00e9s urbaines canadiennes, ainsi que de l\u2019orientation qu\u2019ils souhaiteraient voir prendre au projet.<\/p>\n<\/div><\/div><\/div><\/div><\/div><div class=\"fusion-fullwidth fullwidth-box fusion-builder-row-2 fusion-flex-container has-pattern-background has-mask-background nonhundred-percent-fullwidth non-hundred-percent-height-scrolling\" style=\"--awb-border-radius-top-left:0px;--awb-border-radius-top-right:0px;--awb-border-radius-bottom-right:0px;--awb-border-radius-bottom-left:0px;--awb-flex-wrap:wrap;\" ><div class=\"fusion-builder-row fusion-row fusion-flex-align-items-flex-start fusion-flex-content-wrap\" style=\"max-width:1144px;margin-left: calc(-4% \/ 2 );margin-right: calc(-4% \/ 2 );\"><div class=\"fusion-layout-column fusion_builder_column fusion-builder-column-2 fusion_builder_column_1_1 1_1 fusion-flex-column\" style=\"--awb-bg-size:cover;--awb-width-large:100%;--awb-margin-top-large:0px;--awb-spacing-right-large:1.92%;--awb-margin-bottom-large:20px;--awb-spacing-left-large:1.92%;--awb-width-medium:100%;--awb-order-medium:0;--awb-spacing-right-medium:1.92%;--awb-margin-bottom-medium:0px;--awb-spacing-left-medium:1.92%;--awb-width-small:100%;--awb-order-small:0;--awb-spacing-right-small:1.92%;--awb-spacing-left-small:1.92%;\"><div class=\"fusion-column-wrapper fusion-column-has-shadow fusion-flex-justify-content-flex-start fusion-content-layout-column\"><div class=\"fusion-text fusion-text-2\"><p>Les membres du comit\u00e9 ont soulign\u00e9 l\u2019importance de reconna\u00eetre l\u2019aspect dynamique de la planification adaptative, car elle implique la planification de plusieurs sc\u00e9narios futurs plut\u00f4t que d\u2019un seul; ce concept est essentiel \u00e0 la r\u00e9ussite d\u2019une planification g\u00e9n\u00e9rale ax\u00e9e sur l\u2019avenir.<\/p>\n<p>Ils ont \u00e9galement pr\u00e9cis\u00e9 que l\u2019adh\u00e9sion de la haute direction et des \u00e9lus est essentielle \u00e0 la mise en \u0153uvre r\u00e9ussie d\u2019un cadre de planification adaptative. De plus, les membres ont indiqu\u00e9 que toutes les parties prenantes cl\u00e9s, y compris les membres des communaut\u00e9s autochtones, devraient \u00eatre impliqu\u00e9es tout au long du processus de mise en \u0153uvre.<\/p>\n<p>Dans le contexte canadien, les membres du comit\u00e9 ont pr\u00e9cis\u00e9 que les directives en mati\u00e8re de planification adaptative devraient s\u2019appliquer tant au niveau de la planification d\u2019entreprise qu\u2019\u00e0 celui de la planification des infrastructures, et tenir compte de multiples publics cibles, notamment les utilisateurs finaux (gestionnaires de projets de services publics) et les d\u00e9cideurs (dirigeants de services publics, membres du conseil).<\/p>\n<p><strong>R\u00e9sultats <\/strong><\/p>\n<ul>\n<li>Am\u00e9lioration des connaissances des municipalit\u00e9s urbaines et des services publics canadiens sur les principes d\u2019adaptation li\u00e9s \u00e0 la planification urbaine de l\u2019eau et des bassins versants.<\/li>\n<li>Mise en place d\u2019un solide r\u00e9seau de hauts responsables municipaux des services publics d\u2019eau et d\u2019eaux us\u00e9es et d\u2019autres d\u00e9cideurs qui s\u2019engagent \u00e0 faire progresser la planification adaptative partout au pays.<\/li>\n<li>Int\u00e9gration accrue du cadre de planification adaptative dans les plans directeurs et autres documents de planification \u00e0 long terme.<\/li>\n<\/ul>\n<\/div><div class=\"fusion-image-element fusion-no-large-visibility\" style=\"--awb-aspect-ratio: 100 \/ 26;--awb-object-position:50% 44%;--awb-margin-bottom-medium:20px;--awb-caption-title-color:hsla(var(--awb-color1-h),var(--awb-color1-s),var(--awb-color1-l),calc(var(--awb-color1-a) - 100%));--awb-caption-overlay-color:hsla(var(--awb-color1-h),var(--awb-color1-s),calc(var(--awb-color1-l) - 100%),calc(var(--awb-color1-a) - 50%));--awb-caption-title-font-family:var(--h2_typography-font-family);--awb-caption-title-font-weight:var(--h2_typography-font-weight);--awb-caption-title-font-style:var(--h2_typography-font-style);--awb-caption-title-size:var(--h2_typography-font-size);--awb-caption-title-transform:var(--h2_typography-text-transform);--awb-caption-title-line-height:var(--h2_typography-line-height);--awb-caption-title-letter-spacing:var(--h2_typography-letter-spacing);\"><span class=\" fusion-imageframe imageframe-none imageframe-2 hover-type-none has-aspect-ratio\" style=\"border-radius:0px 0px 50px 0px;\"><img decoding=\"async\" width=\"1000\" height=\"552\" title=\"iStock-1470205353\" src=\"https:\/\/cwn-rce.ca\/wp-content\/uploads\/iStock-1470205353-1.jpg\" class=\"img-responsive wp-image-21726 img-with-aspect-ratio\" data-parent-fit=\"cover\" data-parent-container=\".fusion-image-element\" alt srcset=\"https:\/\/cwn-rce.ca\/wp-content\/uploads\/iStock-1470205353-1-200x110.jpg 200w, https:\/\/cwn-rce.ca\/wp-content\/uploads\/iStock-1470205353-1-400x221.jpg 400w, https:\/\/cwn-rce.ca\/wp-content\/uploads\/iStock-1470205353-1-600x331.jpg 600w, https:\/\/cwn-rce.ca\/wp-content\/uploads\/iStock-1470205353-1-800x442.jpg 800w, https:\/\/cwn-rce.ca\/wp-content\/uploads\/iStock-1470205353-1.jpg 1000w\" sizes=\"(max-width: 1024px) 100vw, (max-width: 640px) 100vw, 1000px\" \/><\/span><\/div><div class=\"fusion-testimonials classic awb-speech-bubble-show fusion-testimonials-1\" style=\"--awb-textcolor:#747474;--awb-backgroundcolor:#f6f3f3;--awb-testimonial-border-style:solid;--awb-testimonial-border-color:var(--awb-color3);--awb-navigation-size:12px;--awb-border-top-left-radius:0px;--awb-border-top-right-radius:0px;--awb-border-bottom-left-radius:0px;--awb-border-bottom-right-radius:0px;--testimonial-border-width-top:0px;--testimonial-border-width-right:0px;--testimonial-border-width-bottom:0px;--testimonial-border-width-left:0px;\" data-random=\"0\" data-speed=\"4000\"><div class=\"reviews\"><div class=\"review active-testimonial no-avatar\"><blockquote><div class=\"awb-quote\"><div class=\"awb-quote-content\">\n<p>\u00ab\u2009Les r\u00e9percussions li\u00e9es aux changements climatiques se font d\u00e9j\u00e0 sentir sur le plan environnemental et \u00e9conomique dans toutes les r\u00e9gions du Canada, y compris dans le sud de l\u2019Ontario. C\u2019est pourquoi le gouvernement f\u00e9d\u00e9ral agit d\u00e8s maintenant pour aider nos collectivit\u00e9s et notre \u00e9conomie \u00e0 se pr\u00e9parer et \u00e0 se prot\u00e9ger contre la menace des changements climatiques. Les projets d\u2019adaptation aux changements climatiques du R\u00e9seau canadien de l\u2019eau, financ\u00e9s par les programmes d\u2019adaptation du gouvernement f\u00e9d\u00e9ral, appuieront les efforts communautaires essentiels \u00e0 long terme visant \u00e0 assurer la s\u00e9curit\u00e9 des gens aujourd\u2019hui et \u00e0 l\u2019avenir.\u2009\u00bb<\/p>\n<\/div><\/div><span class=\"awb-triangle\"><\/span><\/blockquote><div class=\"author\"><span class=\"company-name\"><strong>L\u2019honorable Jonathan Wilkinson<\/strong><span>, <\/span><span>ministre de l\u2019\u00c9nergie et des Ressources naturelles<\/span><\/span><\/div><\/div><\/div><\/div><\/div><\/div><\/div><\/div><div class=\"fusion-fullwidth fullwidth-box fusion-builder-row-3 fusion-flex-container has-pattern-background has-mask-background nonhundred-percent-fullwidth non-hundred-percent-height-scrolling fusion-animated\" style=\"--awb-border-radius-top-left:0px;--awb-border-radius-top-right:0px;--awb-border-radius-bottom-right:0px;--awb-border-radius-bottom-left:0px;--awb-padding-bottom:0px;--awb-flex-wrap:wrap;\" data-animationType=\"fadeIn\" data-animationDuration=\"1.0\" data-animationOffset=\"top-into-view\" ><div class=\"fusion-builder-row fusion-row fusion-flex-align-items-flex-start fusion-flex-content-wrap\" style=\"max-width:1144px;margin-left: calc(-4% \/ 2 );margin-right: calc(-4% \/ 2 );\"><div class=\"fusion-layout-column fusion_builder_column fusion-builder-column-3 fusion_builder_column_1_1 1_1 fusion-flex-column\" style=\"--awb-padding-top:20px;--awb-padding-right:25px;--awb-padding-bottom:36px;--awb-padding-left:25px;--awb-overflow:hidden;--awb-bg-color:var(--awb-color7);--awb-bg-color-hover:var(--awb-color7);--awb-bg-size:cover;--awb-box-shadow:5px 5px 3px 0px #004684;;--awb-border-radius:0px 0px 50px 0px;--awb-width-large:100%;--awb-margin-top-large:0px;--awb-spacing-right-large:1.92%;--awb-margin-bottom-large:20px;--awb-spacing-left-large:1.92%;--awb-width-medium:100%;--awb-order-medium:0;--awb-margin-top-medium:36px;--awb-spacing-right-medium:1.92%;--awb-spacing-left-medium:1.92%;--awb-width-small:100%;--awb-order-small:0;--awb-spacing-right-small:1.92%;--awb-spacing-left-small:1.92%;\"><div class=\"fusion-column-wrapper fusion-column-has-shadow fusion-flex-justify-content-flex-start fusion-content-layout-column\"><div class=\"fusion-text fusion-text-3 fusion-text-no-margin\" style=\"--awb-font-size:25px;--awb-text-color:var(--awb-color1);--awb-text-font-family:-apple-system, BlinkMacSystemFont, &#039;Segoe UI&#039;, Roboto, Oxygen-Sans, Ubuntu, Cantarell, &#039;Helvetica Neue&#039; ,sans-serif;--awb-text-font-style:normal;--awb-text-font-weight:700;\"><p style=\"text-align: center;\">Nous menons des entrevues aupr\u00e8s de municipalit\u00e9s et de services publics canadiens afin de faire conna\u00eetre les meilleures pratiques en mati\u00e8re de planification adaptative. Si votre organisation est \u00e0 l\u2019avant-garde dans la mise en \u0153uvre de certains aspects de la planification adaptative et que vous souhaitez participer \u00e0 cette initiative, veuillez communiquer avec Tracy Patterson (<a href=\"mailto:tpatterson@rce.ca\">tpatterson@rce.ca<\/a>) ou Meghan Ewing (<a href=\"mailto:mewing@rce.ca\">mewing@rce.ca<\/a>) pour obtenir plus de d\u00e9tails.<\/p>\n<\/div><\/div><\/div><\/div><\/div><\/p>\n","protected":false},"excerpt":{"rendered":"","protected":false},"author":1,"featured_media":17888,"parent":21915,"menu_order":0,"comment_status":"closed","ping_status":"closed","template":"100-width.php","meta":{"_acf_changed":false,"footnotes":""},"categories":[],"tags":[],"class_list":["post-22698","page","type-page","status-publish","has-post-thumbnail","hentry"],"acf":[],"yoast_head":"<!-- This site is optimized with the Yoast SEO plugin v26.8 - https:\/\/yoast.com\/product\/yoast-seo-wordpress\/ -->\n<title>Recherche des meilleures pratiques &#8211; R\u00e9seau canadien de l\u2019eau<\/title>\n<meta name=\"robots\" content=\"index, follow, max-snippet:-1, max-image-preview:large, max-video-preview:-1\" \/>\n<link rel=\"canonical\" href=\"https:\/\/cwn-rce.ca\/fr\/planification-adaptative-pour-faire-face-a-lincertitude-future\/recherche-des-meilleures-pratiques\/\" \/>\n<meta property=\"og:locale\" content=\"fr_CA\" \/>\n<meta property=\"og:type\" content=\"article\" \/>\n<meta property=\"og:title\" content=\"Recherche des meilleures pratiques &#8211; R\u00e9seau canadien de l\u2019eau\" \/>\n<meta property=\"og:url\" content=\"https:\/\/cwn-rce.ca\/fr\/planification-adaptative-pour-faire-face-a-lincertitude-future\/recherche-des-meilleures-pratiques\/\" \/>\n<meta property=\"og:site_name\" content=\"R\u00e9seau canadien de l\u2019eau\" \/>\n<meta property=\"article:publisher\" content=\"https:\/\/www.facebook.com\/CanadianWaterNetwork\/\" \/>\n<meta property=\"article:modified_time\" content=\"2025-11-27T19:50:09+00:00\" \/>\n<meta property=\"og:image\" content=\"https:\/\/cwn-rce.ca\/wp-content\/uploads\/iStock-670342172-scaled.jpg\" \/>\n\t<meta property=\"og:image:width\" content=\"2560\" \/>\n\t<meta property=\"og:image:height\" content=\"1707\" \/>\n\t<meta property=\"og:image:type\" content=\"image\/jpeg\" \/>\n<meta name=\"twitter:card\" content=\"summary_large_image\" \/>\n<meta name=\"twitter:site\" content=\"@CdnWaterNetwork\" \/>\n<meta name=\"twitter:label1\" content=\"Estimation du temps de lecture\" \/>\n\t<meta name=\"twitter:data1\" content=\"2 minutes\" \/>\n<script type=\"application\/ld+json\" class=\"yoast-schema-graph\">{\"@context\":\"https:\/\/schema.org\",\"@graph\":[{\"@type\":\"WebPage\",\"@id\":\"https:\/\/cwn-rce.ca\/fr\/planification-adaptative-pour-faire-face-a-lincertitude-future\/recherche-des-meilleures-pratiques\/\",\"url\":\"https:\/\/cwn-rce.ca\/fr\/planification-adaptative-pour-faire-face-a-lincertitude-future\/recherche-des-meilleures-pratiques\/\",\"name\":\"Recherche des meilleures pratiques &#8211; R\u00e9seau canadien de l\u2019eau\",\"isPartOf\":{\"@id\":\"https:\/\/cwn-rce.ca\/fr\/#website\"},\"primaryImageOfPage\":{\"@id\":\"https:\/\/cwn-rce.ca\/fr\/planification-adaptative-pour-faire-face-a-lincertitude-future\/recherche-des-meilleures-pratiques\/#primaryimage\"},\"image\":{\"@id\":\"https:\/\/cwn-rce.ca\/fr\/planification-adaptative-pour-faire-face-a-lincertitude-future\/recherche-des-meilleures-pratiques\/#primaryimage\"},\"thumbnailUrl\":\"https:\/\/cwn-rce.ca\/wp-content\/uploads\/iStock-670342172-scaled.jpg\",\"datePublished\":\"2025-11-13T20:53:41+00:00\",\"dateModified\":\"2025-11-27T19:50:09+00:00\",\"breadcrumb\":{\"@id\":\"https:\/\/cwn-rce.ca\/fr\/planification-adaptative-pour-faire-face-a-lincertitude-future\/recherche-des-meilleures-pratiques\/#breadcrumb\"},\"inLanguage\":\"fr-CA\",\"potentialAction\":[{\"@type\":\"ReadAction\",\"target\":[\"https:\/\/cwn-rce.ca\/fr\/planification-adaptative-pour-faire-face-a-lincertitude-future\/recherche-des-meilleures-pratiques\/\"]}]},{\"@type\":\"ImageObject\",\"inLanguage\":\"fr-CA\",\"@id\":\"https:\/\/cwn-rce.ca\/fr\/planification-adaptative-pour-faire-face-a-lincertitude-future\/recherche-des-meilleures-pratiques\/#primaryimage\",\"url\":\"https:\/\/cwn-rce.ca\/wp-content\/uploads\/iStock-670342172-scaled.jpg\",\"contentUrl\":\"https:\/\/cwn-rce.ca\/wp-content\/uploads\/iStock-670342172-scaled.jpg\",\"width\":2560,\"height\":1707,\"caption\":\"Rippled pattern on blue water surface. Natural pattern.\"},{\"@type\":\"BreadcrumbList\",\"@id\":\"https:\/\/cwn-rce.ca\/fr\/planification-adaptative-pour-faire-face-a-lincertitude-future\/recherche-des-meilleures-pratiques\/#breadcrumb\",\"itemListElement\":[{\"@type\":\"ListItem\",\"position\":1,\"name\":\"Home\",\"item\":\"https:\/\/cwn-rce.ca\/fr\/\"},{\"@type\":\"ListItem\",\"position\":2,\"name\":\"Planification adaptative pour faire face \u00e0 l\u2019incertitude future\",\"item\":\"https:\/\/cwn-rce.ca\/fr\/planification-adaptative-pour-faire-face-a-lincertitude-future\/\"},{\"@type\":\"ListItem\",\"position\":3,\"name\":\"Recherche des meilleures pratiques\"}]},{\"@type\":\"WebSite\",\"@id\":\"https:\/\/cwn-rce.ca\/fr\/#website\",\"url\":\"https:\/\/cwn-rce.ca\/fr\/\",\"name\":\"R\u00e9seau canadien de l\u2019eau\",\"description\":\"\",\"publisher\":{\"@id\":\"https:\/\/cwn-rce.ca\/fr\/#organization\"},\"potentialAction\":[{\"@type\":\"SearchAction\",\"target\":{\"@type\":\"EntryPoint\",\"urlTemplate\":\"https:\/\/cwn-rce.ca\/fr\/?s={search_term_string}\"},\"query-input\":{\"@type\":\"PropertyValueSpecification\",\"valueRequired\":true,\"valueName\":\"search_term_string\"}}],\"inLanguage\":\"fr-CA\"},{\"@type\":\"Organization\",\"@id\":\"https:\/\/cwn-rce.ca\/fr\/#organization\",\"name\":\"Canadian Water Network\",\"url\":\"https:\/\/cwn-rce.ca\/fr\/\",\"logo\":{\"@type\":\"ImageObject\",\"inLanguage\":\"fr-CA\",\"@id\":\"https:\/\/cwn-rce.ca\/fr\/#\/schema\/logo\/image\/\",\"url\":\"https:\/\/cwn-rce.ca\/wp-content\/uploads\/2016\/02\/CWN-Logo-English.png\",\"contentUrl\":\"https:\/\/cwn-rce.ca\/wp-content\/uploads\/2016\/02\/CWN-Logo-English.png\",\"width\":1503,\"height\":525,\"caption\":\"Canadian Water Network\"},\"image\":{\"@id\":\"https:\/\/cwn-rce.ca\/fr\/#\/schema\/logo\/image\/\"},\"sameAs\":[\"https:\/\/www.facebook.com\/CanadianWaterNetwork\/\",\"https:\/\/x.com\/CdnWaterNetwork\",\"https:\/\/www.linkedin.com\/company\/canadian-water-network\/\",\"https:\/\/www.youtube.com\/channel\/UCEjwENtS0hTmIO1BQGQqUEw\"]}]}<\/script>\n<!-- \/ Yoast SEO plugin. -->","yoast_head_json":{"title":"Recherche des meilleures pratiques &#8211; R\u00e9seau canadien de l\u2019eau","robots":{"index":"index","follow":"follow","max-snippet":"max-snippet:-1","max-image-preview":"max-image-preview:large","max-video-preview":"max-video-preview:-1"},"canonical":"https:\/\/cwn-rce.ca\/fr\/planification-adaptative-pour-faire-face-a-lincertitude-future\/recherche-des-meilleures-pratiques\/","og_locale":"fr_CA","og_type":"article","og_title":"Recherche des meilleures pratiques &#8211; R\u00e9seau canadien de l\u2019eau","og_url":"https:\/\/cwn-rce.ca\/fr\/planification-adaptative-pour-faire-face-a-lincertitude-future\/recherche-des-meilleures-pratiques\/","og_site_name":"R\u00e9seau canadien de l\u2019eau","article_publisher":"https:\/\/www.facebook.com\/CanadianWaterNetwork\/","article_modified_time":"2025-11-27T19:50:09+00:00","og_image":[{"width":2560,"height":1707,"url":"https:\/\/cwn-rce.ca\/wp-content\/uploads\/iStock-670342172-scaled.jpg","type":"image\/jpeg"}],"twitter_card":"summary_large_image","twitter_site":"@CdnWaterNetwork","twitter_misc":{"Estimation du temps de lecture":"2 minutes"},"schema":{"@context":"https:\/\/schema.org","@graph":[{"@type":"WebPage","@id":"https:\/\/cwn-rce.ca\/fr\/planification-adaptative-pour-faire-face-a-lincertitude-future\/recherche-des-meilleures-pratiques\/","url":"https:\/\/cwn-rce.ca\/fr\/planification-adaptative-pour-faire-face-a-lincertitude-future\/recherche-des-meilleures-pratiques\/","name":"Recherche des meilleures pratiques &#8211; R\u00e9seau canadien de l\u2019eau","isPartOf":{"@id":"https:\/\/cwn-rce.ca\/fr\/#website"},"primaryImageOfPage":{"@id":"https:\/\/cwn-rce.ca\/fr\/planification-adaptative-pour-faire-face-a-lincertitude-future\/recherche-des-meilleures-pratiques\/#primaryimage"},"image":{"@id":"https:\/\/cwn-rce.ca\/fr\/planification-adaptative-pour-faire-face-a-lincertitude-future\/recherche-des-meilleures-pratiques\/#primaryimage"},"thumbnailUrl":"https:\/\/cwn-rce.ca\/wp-content\/uploads\/iStock-670342172-scaled.jpg","datePublished":"2025-11-13T20:53:41+00:00","dateModified":"2025-11-27T19:50:09+00:00","breadcrumb":{"@id":"https:\/\/cwn-rce.ca\/fr\/planification-adaptative-pour-faire-face-a-lincertitude-future\/recherche-des-meilleures-pratiques\/#breadcrumb"},"inLanguage":"fr-CA","potentialAction":[{"@type":"ReadAction","target":["https:\/\/cwn-rce.ca\/fr\/planification-adaptative-pour-faire-face-a-lincertitude-future\/recherche-des-meilleures-pratiques\/"]}]},{"@type":"ImageObject","inLanguage":"fr-CA","@id":"https:\/\/cwn-rce.ca\/fr\/planification-adaptative-pour-faire-face-a-lincertitude-future\/recherche-des-meilleures-pratiques\/#primaryimage","url":"https:\/\/cwn-rce.ca\/wp-content\/uploads\/iStock-670342172-scaled.jpg","contentUrl":"https:\/\/cwn-rce.ca\/wp-content\/uploads\/iStock-670342172-scaled.jpg","width":2560,"height":1707,"caption":"Rippled pattern on blue water surface. Natural pattern."},{"@type":"BreadcrumbList","@id":"https:\/\/cwn-rce.ca\/fr\/planification-adaptative-pour-faire-face-a-lincertitude-future\/recherche-des-meilleures-pratiques\/#breadcrumb","itemListElement":[{"@type":"ListItem","position":1,"name":"Home","item":"https:\/\/cwn-rce.ca\/fr\/"},{"@type":"ListItem","position":2,"name":"Planification adaptative pour faire face \u00e0 l\u2019incertitude future","item":"https:\/\/cwn-rce.ca\/fr\/planification-adaptative-pour-faire-face-a-lincertitude-future\/"},{"@type":"ListItem","position":3,"name":"Recherche des meilleures pratiques"}]},{"@type":"WebSite","@id":"https:\/\/cwn-rce.ca\/fr\/#website","url":"https:\/\/cwn-rce.ca\/fr\/","name":"R\u00e9seau canadien de l\u2019eau","description":"","publisher":{"@id":"https:\/\/cwn-rce.ca\/fr\/#organization"},"potentialAction":[{"@type":"SearchAction","target":{"@type":"EntryPoint","urlTemplate":"https:\/\/cwn-rce.ca\/fr\/?s={search_term_string}"},"query-input":{"@type":"PropertyValueSpecification","valueRequired":true,"valueName":"search_term_string"}}],"inLanguage":"fr-CA"},{"@type":"Organization","@id":"https:\/\/cwn-rce.ca\/fr\/#organization","name":"Canadian Water Network","url":"https:\/\/cwn-rce.ca\/fr\/","logo":{"@type":"ImageObject","inLanguage":"fr-CA","@id":"https:\/\/cwn-rce.ca\/fr\/#\/schema\/logo\/image\/","url":"https:\/\/cwn-rce.ca\/wp-content\/uploads\/2016\/02\/CWN-Logo-English.png","contentUrl":"https:\/\/cwn-rce.ca\/wp-content\/uploads\/2016\/02\/CWN-Logo-English.png","width":1503,"height":525,"caption":"Canadian Water Network"},"image":{"@id":"https:\/\/cwn-rce.ca\/fr\/#\/schema\/logo\/image\/"},"sameAs":["https:\/\/www.facebook.com\/CanadianWaterNetwork\/","https:\/\/x.com\/CdnWaterNetwork","https:\/\/www.linkedin.com\/company\/canadian-water-network\/","https:\/\/www.youtube.com\/channel\/UCEjwENtS0hTmIO1BQGQqUEw"]}]}},"_links":{"self":[{"href":"https:\/\/cwn-rce.ca\/fr\/wp-json\/wp\/v2\/pages\/22698","targetHints":{"allow":["GET"]}}],"collection":[{"href":"https:\/\/cwn-rce.ca\/fr\/wp-json\/wp\/v2\/pages"}],"about":[{"href":"https:\/\/cwn-rce.ca\/fr\/wp-json\/wp\/v2\/types\/page"}],"author":[{"embeddable":true,"href":"https:\/\/cwn-rce.ca\/fr\/wp-json\/wp\/v2\/users\/1"}],"replies":[{"embeddable":true,"href":"https:\/\/cwn-rce.ca\/fr\/wp-json\/wp\/v2\/comments?post=22698"}],"version-history":[{"count":4,"href":"https:\/\/cwn-rce.ca\/fr\/wp-json\/wp\/v2\/pages\/22698\/revisions"}],"predecessor-version":[{"id":22702,"href":"https:\/\/cwn-rce.ca\/fr\/wp-json\/wp\/v2\/pages\/22698\/revisions\/22702"}],"up":[{"embeddable":true,"href":"https:\/\/cwn-rce.ca\/fr\/wp-json\/wp\/v2\/pages\/21915"}],"wp:featuredmedia":[{"embeddable":true,"href":"https:\/\/cwn-rce.ca\/fr\/wp-json\/wp\/v2\/media\/17888"}],"wp:attachment":[{"href":"https:\/\/cwn-rce.ca\/fr\/wp-json\/wp\/v2\/media?parent=22698"}],"wp:term":[{"taxonomy":"category","embeddable":true,"href":"https:\/\/cwn-rce.ca\/fr\/wp-json\/wp\/v2\/categories?post=22698"},{"taxonomy":"post_tag","embeddable":true,"href":"https:\/\/cwn-rce.ca\/fr\/wp-json\/wp\/v2\/tags?post=22698"}],"curies":[{"name":"wp","href":"https:\/\/api.w.org\/{rel}","templated":true}]}}