{"id":5175,"date":"2018-08-29T18:00:38","date_gmt":"2018-08-29T18:00:38","guid":{"rendered":"http:\/\/new.cwn-rce.ca\/?page_id=5175"},"modified":"2026-02-11T13:37:04","modified_gmt":"2026-02-11T18:37:04","slug":"carrieres","status":"publish","type":"page","link":"https:\/\/cwn-rce.ca\/fr\/carrieres\/","title":{"rendered":"Carri\u00e8res"},"content":{"rendered":"<p><div class=\"fusion-fullwidth fullwidth-box fusion-builder-row-1 hundred-percent-fullwidth non-hundred-percent-height-scrolling\" style=\"--awb-border-radius-top-left:0px;--awb-border-radius-top-right:0px;--awb-border-radius-bottom-right:0px;--awb-border-radius-bottom-left:0px;--awb-padding-top:0px;--awb-padding-right:30px;--awb-padding-bottom:0px;--awb-padding-left:30px;--awb-margin-top:0px;--awb-margin-bottom:0px;--awb-flex-wrap:wrap;\" ><div class=\"fusion-builder-row fusion-row\"><div class=\"fusion-layout-column fusion_builder_column fusion-builder-column-0 fusion_builder_column_1_1 1_1 fusion-one-full fusion-column-first fusion-column-last fusion-column-no-min-height\" style=\"--awb-bg-blend:overlay;--awb-bg-size:cover;--awb-margin-bottom:0px;\"><div class=\"fusion-column-wrapper fusion-flex-column-wrapper-legacy\"><style>\r\n     .dark-section p, .dark-section h1, .dark-section h2, .dark-section h3, .dark-section h4 {\r\n          color: white;\r\n     }\r\n<\/style>\r\n\r\n<style>\r\n@charset \"utf-8\";\r\n\r\nimg.water-drop {\r\n     width: 65px; \r\n     margin-bottom: 2px;\r\n}\r\n\r\ndiv .first_paragraph {\r\n\tfont-size:12pt !important; \r\n\tletter-spacing:normal !important;\r\n}\r\n\r\n.category_boxes {\r\n\tfloat: left;\r\n\tmargin-top: 0px !important;\r\n\tmargin-bottom: 5px !important;\r\n\twidth: 100%;\r\n}\r\n\r\n.dark_blue_bg {\r\n\tbackground-color: #0068ac;\t\r\n}\r\n\r\n.light_blue_bg {\r\n\tbackground-color: #e2f1f8;\t\r\n}\r\n\r\n.green_bg {\r\n\tbackground-color: #e2f1f8;\t\r\n}\r\n\r\n.box_arrow {\r\n\theight: 251px;\r\n\twidth: 39px;\r\n\tfloat: left;\r\n}\r\n\r\n.box_arrow img {\r\n\tmargin-bottom: 0px !important;\r\n}\r\n\r\n.box_text_main {\r\n\twidth: 661px;\r\n\tfloat: left;\r\n\theight: 300px;\r\n\tmargin-left: 0px;\r\n\tmargin-right: 0px;\r\n\tpadding-left: 30px;\r\n\tpadding-right: 0px;\r\n\tposition: relative;\r\n}\r\n\r\n.box_text_main_top {\r\n\twidth: 661px;\r\n\tfloat: left;\r\n\theight: 230px;\r\n\tmargin-left: 0px;\r\n\tmargin-right: 0px;\r\n\tpadding-left: 30px;\r\n\tpadding-right: 0px;\r\n\tposition: relative;\r\n}\r\n\r\n.wave_bg{\r\n\tbackground-image: url(http:\/\/www.cwn-rce.ca\/assets\/custom\/about-us\/img\/waves.png);\r\n\tbackground-repeat: no-repeat;\r\n\tbackground-position: 0% 107%;\r\n}\r\n.box_text_left {\r\n\twidth: 50%;\r\n\tfloat: left;\r\n\tmargin-top: 16px;\r\n}\r\n.box_text_sector {\r\n\twidth: 145px;\r\n\tfloat: left;\r\n\tmargin-bottom: 0px;\r\n\ttext-align: center;\r\n        font-weight: bold;\r\n        color: #0068AC;\r\n        font-size: 17px;\r\n}\r\n.box_text_sector_div {\t\r\n        margin-bottom: 8px !important;\r\n        display: inline-block;\r\n}\r\n.about_clear {\r\n\tclear: both;\r\n\tmargin: 0px 0px 0px 0px !important;\r\n}\r\n.box_text_right {\r\n\t\r\n\ttext-align: center;\r\n\tpadding-top: 28px;\r\n\tpadding-left: 0px;\r\n}\r\n.ripple {\r\n\ttext-align: center;\r\n\tbottom: 0px;\r\n\tmargin-left: 0px;\r\n\t\r\n}\r\n\r\n.ripple p {\r\n\tfont-size: 18px !important;\r\n\tfont-weight:700;\r\n\tfont-style:italic;\t\r\n\tcolor:#75B343 !important;\r\n\tmargin-top: 8px;\r\n}\r\n\r\n<\/style><div class=\"fusion-clearfix\"><\/div><\/div><\/div><\/div><\/div><div class=\"fusion-fullwidth fullwidth-box fusion-builder-row-2 fusion-flex-container nonhundred-percent-fullwidth non-hundred-percent-height-scrolling\" style=\"--awb-background-position:left top;--awb-border-sizes-top:0px;--awb-border-sizes-bottom:0px;--awb-border-sizes-left:0px;--awb-border-sizes-right:0px;--awb-border-radius-top-left:0px;--awb-border-radius-top-right:0px;--awb-border-radius-bottom-right:0px;--awb-border-radius-bottom-left:0px;--awb-padding-bottom:20px;--awb-flex-wrap:wrap;\" ><div class=\"fusion-builder-row fusion-row fusion-flex-align-items-stretch fusion-flex-content-wrap\" style=\"max-width:1144px;margin-left: calc(-4% \/ 2 );margin-right: calc(-4% \/ 2 );\"><div class=\"fusion-layout-column fusion_builder_column fusion-builder-column-1 fusion_builder_column_1_1 1_1 fusion-flex-column\" style=\"--awb-bg-blend:overlay;--awb-bg-size:cover;--awb-width-large:100%;--awb-margin-top-large:20px;--awb-spacing-right-large:1.92%;--awb-margin-bottom-large:19px;--awb-spacing-left-large:1.92%;--awb-width-medium:100%;--awb-spacing-right-medium:1.92%;--awb-spacing-left-medium:1.92%;--awb-width-small:100%;--awb-spacing-right-small:1.92%;--awb-spacing-left-small:1.92%;\"><div class=\"fusion-column-wrapper fusion-flex-justify-content-center fusion-content-layout-column\"><div class=\"fusion-text fusion-text-1\"><h1 class=\"JobsBlankState__title fusion-responsive-typography-calculated\" data-fontsize=\"25\" data-lineheight=\"37.5px\">Pourquoi travailler au R\u00e9seau canadien de l&#8217;eau (RCE) ?<\/h1>\n<p>Travailler au RCE est une exp\u00e9rience passionnante et enrichissante pour les employ\u00e9s. Voici quelques raisons d&#8217;envisager de postuler \u00e0 un emploi au RCE :<\/p>\n<ol>\n<li><strong>Notre politique de travail flexible :<\/strong> Nous reconnaissons l&#8217;importance de l&#8217;\u00e9quilibre dans nos vies et nous vous encourageons \u00e0 donner la priorit\u00e9 \u00e0 l&#8217;\u00e9quilibre dans la v\u00f4tre. Nous vous soutiendrons sur le lieu de travail et en dehors afin que vous puissiez \u00eatre pleinement pr\u00e9sent au travail et \u00e0 la maison.<\/li>\n<li><strong>Culture de collaboration :<\/strong> Notre \u00e9quipe est compos\u00e9e de personnes sinc\u00e8res qui se soutiennent mutuellement pour atteindre des objectifs communs.<\/li>\n<li><strong>Un travail utile :<\/strong> Le RCE acc\u00e9l\u00e8re, fait progresser et am\u00e9liore les d\u00e9cisions en mati\u00e8re de gestion de l&#8217;eau au Canada. Les employ\u00e9s du RCE travaillent sur des projets qui font une r\u00e9elle diff\u00e9rence aux niveaux local et national.<\/li>\n<li><strong>Une r\u00e9mun\u00e9ration et des avantages sociaux comp\u00e9titifs :<\/strong> Le RCE offre des r\u00e9gimes de r\u00e9mun\u00e9ration concurrentiels.<\/li>\n<li><strong>Perfectionnement professionnel :<\/strong> Le RCE soutient le perfectionnement professionnel qui aide les employ\u00e9s \u00e0 d\u00e9velopper de nouvelles comp\u00e9tences et \u00e0 acqu\u00e9rir des connaissances.<\/li>\n<\/ol>\n<\/div><div class=\"fusion-separator fusion-full-width-sep\" style=\"align-self: center;margin-left: auto;margin-right: auto;width:100%;\"><div class=\"fusion-separator-border sep-single sep-solid\" style=\"--awb-height:20px;--awb-amount:20px;border-color:#e0dede;border-top-width:1px;\"><\/div><\/div><\/div><\/div><\/div><\/div><div class=\"fusion-fullwidth fullwidth-box fusion-builder-row-3 has-pattern-background has-mask-background nonhundred-percent-fullwidth non-hundred-percent-height-scrolling fusion-equal-height-columns hide\" style=\"--awb-background-position:left top;--awb-border-sizes-top:0px;--awb-border-sizes-bottom:0px;--awb-border-sizes-left:0px;--awb-border-sizes-right:0px;--awb-border-radius-top-left:0px;--awb-border-radius-top-right:0px;--awb-border-radius-bottom-right:0px;--awb-border-radius-bottom-left:0px;--awb-padding-bottom:20px;--awb-flex-wrap:wrap;\" ><div class=\"fusion-builder-row fusion-row\"><div class=\"fusion-layout-column fusion_builder_column fusion-builder-column-2 fusion_builder_column_1_1 1_1 fusion-one-full fusion-column-first fusion-column-last\" style=\"--awb-bg-blend:overlay;--awb-bg-size:cover;--awb-margin-bottom:0px;\"><div class=\"fusion-column-wrapper fusion-flex-column-wrapper-legacy\"><div class=\"fusion-column-content-centered\"><div class=\"fusion-column-content\"><div class=\"fusion-text fusion-text-2\"><h2 class=\"JobsBlankState__title\" data-fontsize=\"25\" data-lineheight=\"37.5px\">Opportunit\u00e9s actuelles<\/h2>\n<p>Malheureusement, nous ne recrutons pas pour le moment. N&#8217;h\u00e9sitez pas \u00e0 revenir, car nous serons certainement \u00e0 la recherche d&#8217;excellents candidats pour rejoindre notre \u00e9quipe \u00e0 l&#8217;avenir.<\/p>\n<\/div><div class=\"fusion-sep-clear\"><\/div><div class=\"fusion-separator fusion-full-width-sep\" style=\"margin-left: auto;margin-right: auto;width:100%;\"><div class=\"fusion-separator-border sep-single sep-solid\" style=\"--awb-height:20px;--awb-amount:20px;border-color:#e0dede;border-top-width:1px;\"><\/div><\/div><div class=\"fusion-sep-clear\"><\/div><\/div><\/div><div class=\"fusion-clearfix\"><\/div><\/div><\/div><\/div><\/div><div class=\"fusion-fullwidth fullwidth-box fusion-builder-row-4 fusion-flex-container has-pattern-background has-mask-background nonhundred-percent-fullwidth non-hundred-percent-height-scrolling\" style=\"--awb-background-position:left top;--awb-border-sizes-top:0px;--awb-border-sizes-bottom:0px;--awb-border-sizes-left:0px;--awb-border-sizes-right:0px;--awb-border-radius-top-left:0px;--awb-border-radius-top-right:0px;--awb-border-radius-bottom-right:0px;--awb-border-radius-bottom-left:0px;--awb-flex-wrap:wrap;\" ><div class=\"fusion-builder-row fusion-row fusion-flex-align-items-stretch fusion-flex-content-wrap\" style=\"max-width:1144px;margin-left: calc(-4% \/ 2 );margin-right: calc(-4% \/ 2 );\"><div class=\"fusion-layout-column fusion_builder_column fusion-builder-column-3 fusion_builder_column_1_1 1_1 fusion-flex-column\" style=\"--awb-bg-blend:overlay;--awb-bg-size:cover;--awb-width-large:100%;--awb-margin-top-large:0px;--awb-spacing-right-large:1.92%;--awb-margin-bottom-large:20px;--awb-spacing-left-large:1.92%;--awb-width-medium:100%;--awb-spacing-right-medium:1.92%;--awb-spacing-left-medium:1.92%;--awb-width-small:100%;--awb-spacing-right-small:1.92%;--awb-spacing-left-small:1.92%;\"><div class=\"fusion-column-wrapper fusion-flex-justify-content-center fusion-content-layout-column\"><div class=\"fusion-text fusion-text-3\"><h1 class=\"JobsBlankState__title\" style=\"--fontsize: 25; line-height: 1.5; --minfontsize: 25;\" data-fontsize=\"25\" data-lineheight=\"37.5px\">Conseiller principal en programmes<\/h1>\n<p>Vous recherchez une occasion de mettre \u00e0 profit votre expertise en mati\u00e8re de lacs et de qualit\u00e9 de l&#8217;eau pour soutenir une collaboration entre les municipalit\u00e9s de la r\u00e9gion du Grand Toronto afin de prot\u00e9ger les prises d&#8217;eau potable dans le lac Ontario ? L&#8217;opportunit\u00e9 de travailler avec une organisation nationale \u00e0 but non lucratif qui op\u00e8re \u00e0 la crois\u00e9e des domaines de l&#8217;eau, des communaut\u00e9s, du climat et de la sant\u00e9 vous int\u00e9resse ?<\/p>\n<p>Le RCE recherche un conseiller principal de programme poss\u00e9dant une expertise av\u00e9r\u00e9e dans les domaines de la qualit\u00e9 de l&#8217;eau, de la mod\u00e9lisation des lacs et de la collecte continue de donn\u00e9es, ainsi qu&#8217;une exp\u00e9rience dans la facilitation d&#8217;un programme de grande envergure pour le compte des partenaires du programme. Ce poste contribuera \u00e0 faire progresser le RCE en tant qu&#8217;organisateur de confiance soutenant la collaboration interjuridictionnelle et en tant qu&#8217;interm\u00e9diaire d&#8217;informations dans le secteur de l&#8217;eau au Canada.<\/p>\n<p>Rejoignez-nous si vous \u00eates motiv\u00e9 par :<\/p>\n<ul>\n<li>La gestion et la coordination de programmes.<\/li>\n<li>La protection du lac Ontario en tant que source d&#8217;eau potable.<\/li>\n<li>Le soutien \u00e0 la collaboration entre de nombreux acteurs cl\u00e9s.<\/li>\n<li>La mise en place de collaborations entre divers secteurs et juridictions.<\/li>\n<li>Le travail dans un environnement dynamique, rapide et agile.<\/li>\n<\/ul>\n<\/div><div style=\"text-align:left;\"><a class=\"fusion-button button-flat button-xlarge button-default fusion-button-default button-1 fusion-button-default-span fusion-button-default-type\" style=\"--button_margin-bottom:20px;\" target=\"_blank\" rel=\"noopener noreferrer\" href=\"https:\/\/cwn-rce.ca\/wp-content\/uploads\/CWN_JD_LOCG-Limnologist-FINAL-FR.pdf\"><span class=\"fusion-button-text awb-button__text awb-button__text--default\">lire la description compl\u00e8te du poste<\/span><\/a><\/div><\/div><\/div><\/div><\/div><\/p>\n","protected":false},"excerpt":{"rendered":"","protected":false},"author":1,"featured_media":17887,"parent":0,"menu_order":48,"comment_status":"closed","ping_status":"closed","template":"100-width.php","meta":{"_acf_changed":false,"footnotes":""},"categories":[],"tags":[],"class_list":["post-5175","page","type-page","status-publish","has-post-thumbnail","hentry"],"acf":[],"yoast_head":"<!-- This site is optimized with the Yoast SEO plugin v26.8 - https:\/\/yoast.com\/product\/yoast-seo-wordpress\/ -->\n<title>Carri\u00e8res &#8211; R\u00e9seau canadien de l\u2019eau<\/title>\n<meta name=\"robots\" content=\"index, follow, max-snippet:-1, max-image-preview:large, max-video-preview:-1\" \/>\n<link rel=\"canonical\" href=\"https:\/\/cwn-rce.ca\/fr\/carrieres\/\" \/>\n<meta property=\"og:locale\" content=\"fr_CA\" \/>\n<meta property=\"og:type\" content=\"article\" \/>\n<meta property=\"og:title\" content=\"Carri\u00e8res &#8211; R\u00e9seau canadien de l\u2019eau\" \/>\n<meta property=\"og:url\" content=\"https:\/\/cwn-rce.ca\/fr\/carrieres\/\" \/>\n<meta property=\"og:site_name\" content=\"R\u00e9seau canadien de l\u2019eau\" \/>\n<meta property=\"article:publisher\" content=\"https:\/\/www.facebook.com\/CanadianWaterNetwork\/\" \/>\n<meta property=\"article:modified_time\" content=\"2026-02-11T18:37:04+00:00\" \/>\n<meta name=\"twitter:card\" content=\"summary_large_image\" \/>\n<meta name=\"twitter:site\" content=\"@CdnWaterNetwork\" \/>\n<meta name=\"twitter:label1\" content=\"Estimation du temps de lecture\" \/>\n\t<meta name=\"twitter:data1\" content=\"2 minutes\" \/>\n<script type=\"application\/ld+json\" class=\"yoast-schema-graph\">{\"@context\":\"https:\/\/schema.org\",\"@graph\":[{\"@type\":\"WebPage\",\"@id\":\"https:\/\/cwn-rce.ca\/fr\/carrieres\/\",\"url\":\"https:\/\/cwn-rce.ca\/fr\/carrieres\/\",\"name\":\"Carri\u00e8res &#8211; R\u00e9seau canadien de l\u2019eau\",\"isPartOf\":{\"@id\":\"https:\/\/cwn-rce.ca\/fr\/#website\"},\"primaryImageOfPage\":{\"@id\":\"https:\/\/cwn-rce.ca\/fr\/carrieres\/#primaryimage\"},\"image\":{\"@id\":\"https:\/\/cwn-rce.ca\/fr\/carrieres\/#primaryimage\"},\"thumbnailUrl\":\"https:\/\/cwn-rce.ca\/wp-content\/uploads\/iStock-670342172-scaled.jpg\",\"datePublished\":\"2018-08-29T18:00:38+00:00\",\"dateModified\":\"2026-02-11T18:37:04+00:00\",\"breadcrumb\":{\"@id\":\"https:\/\/cwn-rce.ca\/fr\/carrieres\/#breadcrumb\"},\"inLanguage\":\"fr-CA\",\"potentialAction\":[{\"@type\":\"ReadAction\",\"target\":[\"https:\/\/cwn-rce.ca\/fr\/carrieres\/\"]}]},{\"@type\":\"ImageObject\",\"inLanguage\":\"fr-CA\",\"@id\":\"https:\/\/cwn-rce.ca\/fr\/carrieres\/#primaryimage\",\"url\":\"https:\/\/cwn-rce.ca\/wp-content\/uploads\/iStock-670342172-scaled.jpg\",\"contentUrl\":\"https:\/\/cwn-rce.ca\/wp-content\/uploads\/iStock-670342172-scaled.jpg\",\"width\":2560,\"height\":1707,\"caption\":\"Rippled pattern on blue water surface. Natural pattern.\"},{\"@type\":\"BreadcrumbList\",\"@id\":\"https:\/\/cwn-rce.ca\/fr\/carrieres\/#breadcrumb\",\"itemListElement\":[{\"@type\":\"ListItem\",\"position\":1,\"name\":\"Home\",\"item\":\"https:\/\/cwn-rce.ca\/fr\/\"},{\"@type\":\"ListItem\",\"position\":2,\"name\":\"Carri\u00e8res\"}]},{\"@type\":\"WebSite\",\"@id\":\"https:\/\/cwn-rce.ca\/fr\/#website\",\"url\":\"https:\/\/cwn-rce.ca\/fr\/\",\"name\":\"R\u00e9seau canadien de l\u2019eau\",\"description\":\"\",\"publisher\":{\"@id\":\"https:\/\/cwn-rce.ca\/fr\/#organization\"},\"potentialAction\":[{\"@type\":\"SearchAction\",\"target\":{\"@type\":\"EntryPoint\",\"urlTemplate\":\"https:\/\/cwn-rce.ca\/fr\/?s={search_term_string}\"},\"query-input\":{\"@type\":\"PropertyValueSpecification\",\"valueRequired\":true,\"valueName\":\"search_term_string\"}}],\"inLanguage\":\"fr-CA\"},{\"@type\":\"Organization\",\"@id\":\"https:\/\/cwn-rce.ca\/fr\/#organization\",\"name\":\"Canadian Water Network\",\"url\":\"https:\/\/cwn-rce.ca\/fr\/\",\"logo\":{\"@type\":\"ImageObject\",\"inLanguage\":\"fr-CA\",\"@id\":\"https:\/\/cwn-rce.ca\/fr\/#\/schema\/logo\/image\/\",\"url\":\"https:\/\/cwn-rce.ca\/wp-content\/uploads\/2016\/02\/CWN-Logo-English.png\",\"contentUrl\":\"https:\/\/cwn-rce.ca\/wp-content\/uploads\/2016\/02\/CWN-Logo-English.png\",\"width\":1503,\"height\":525,\"caption\":\"Canadian Water Network\"},\"image\":{\"@id\":\"https:\/\/cwn-rce.ca\/fr\/#\/schema\/logo\/image\/\"},\"sameAs\":[\"https:\/\/www.facebook.com\/CanadianWaterNetwork\/\",\"https:\/\/x.com\/CdnWaterNetwork\",\"https:\/\/www.linkedin.com\/company\/canadian-water-network\/\",\"https:\/\/www.youtube.com\/channel\/UCEjwENtS0hTmIO1BQGQqUEw\"]}]}<\/script>\n<!-- \/ Yoast SEO plugin. -->","yoast_head_json":{"title":"Carri\u00e8res &#8211; R\u00e9seau canadien de l\u2019eau","robots":{"index":"index","follow":"follow","max-snippet":"max-snippet:-1","max-image-preview":"max-image-preview:large","max-video-preview":"max-video-preview:-1"},"canonical":"https:\/\/cwn-rce.ca\/fr\/carrieres\/","og_locale":"fr_CA","og_type":"article","og_title":"Carri\u00e8res &#8211; R\u00e9seau canadien de l\u2019eau","og_url":"https:\/\/cwn-rce.ca\/fr\/carrieres\/","og_site_name":"R\u00e9seau canadien de l\u2019eau","article_publisher":"https:\/\/www.facebook.com\/CanadianWaterNetwork\/","article_modified_time":"2026-02-11T18:37:04+00:00","twitter_card":"summary_large_image","twitter_site":"@CdnWaterNetwork","twitter_misc":{"Estimation du temps de lecture":"2 minutes"},"schema":{"@context":"https:\/\/schema.org","@graph":[{"@type":"WebPage","@id":"https:\/\/cwn-rce.ca\/fr\/carrieres\/","url":"https:\/\/cwn-rce.ca\/fr\/carrieres\/","name":"Carri\u00e8res &#8211; R\u00e9seau canadien de l\u2019eau","isPartOf":{"@id":"https:\/\/cwn-rce.ca\/fr\/#website"},"primaryImageOfPage":{"@id":"https:\/\/cwn-rce.ca\/fr\/carrieres\/#primaryimage"},"image":{"@id":"https:\/\/cwn-rce.ca\/fr\/carrieres\/#primaryimage"},"thumbnailUrl":"https:\/\/cwn-rce.ca\/wp-content\/uploads\/iStock-670342172-scaled.jpg","datePublished":"2018-08-29T18:00:38+00:00","dateModified":"2026-02-11T18:37:04+00:00","breadcrumb":{"@id":"https:\/\/cwn-rce.ca\/fr\/carrieres\/#breadcrumb"},"inLanguage":"fr-CA","potentialAction":[{"@type":"ReadAction","target":["https:\/\/cwn-rce.ca\/fr\/carrieres\/"]}]},{"@type":"ImageObject","inLanguage":"fr-CA","@id":"https:\/\/cwn-rce.ca\/fr\/carrieres\/#primaryimage","url":"https:\/\/cwn-rce.ca\/wp-content\/uploads\/iStock-670342172-scaled.jpg","contentUrl":"https:\/\/cwn-rce.ca\/wp-content\/uploads\/iStock-670342172-scaled.jpg","width":2560,"height":1707,"caption":"Rippled pattern on blue water surface. Natural pattern."},{"@type":"BreadcrumbList","@id":"https:\/\/cwn-rce.ca\/fr\/carrieres\/#breadcrumb","itemListElement":[{"@type":"ListItem","position":1,"name":"Home","item":"https:\/\/cwn-rce.ca\/fr\/"},{"@type":"ListItem","position":2,"name":"Carri\u00e8res"}]},{"@type":"WebSite","@id":"https:\/\/cwn-rce.ca\/fr\/#website","url":"https:\/\/cwn-rce.ca\/fr\/","name":"R\u00e9seau canadien de l\u2019eau","description":"","publisher":{"@id":"https:\/\/cwn-rce.ca\/fr\/#organization"},"potentialAction":[{"@type":"SearchAction","target":{"@type":"EntryPoint","urlTemplate":"https:\/\/cwn-rce.ca\/fr\/?s={search_term_string}"},"query-input":{"@type":"PropertyValueSpecification","valueRequired":true,"valueName":"search_term_string"}}],"inLanguage":"fr-CA"},{"@type":"Organization","@id":"https:\/\/cwn-rce.ca\/fr\/#organization","name":"Canadian Water Network","url":"https:\/\/cwn-rce.ca\/fr\/","logo":{"@type":"ImageObject","inLanguage":"fr-CA","@id":"https:\/\/cwn-rce.ca\/fr\/#\/schema\/logo\/image\/","url":"https:\/\/cwn-rce.ca\/wp-content\/uploads\/2016\/02\/CWN-Logo-English.png","contentUrl":"https:\/\/cwn-rce.ca\/wp-content\/uploads\/2016\/02\/CWN-Logo-English.png","width":1503,"height":525,"caption":"Canadian Water Network"},"image":{"@id":"https:\/\/cwn-rce.ca\/fr\/#\/schema\/logo\/image\/"},"sameAs":["https:\/\/www.facebook.com\/CanadianWaterNetwork\/","https:\/\/x.com\/CdnWaterNetwork","https:\/\/www.linkedin.com\/company\/canadian-water-network\/","https:\/\/www.youtube.com\/channel\/UCEjwENtS0hTmIO1BQGQqUEw"]}]}},"_links":{"self":[{"href":"https:\/\/cwn-rce.ca\/fr\/wp-json\/wp\/v2\/pages\/5175","targetHints":{"allow":["GET"]}}],"collection":[{"href":"https:\/\/cwn-rce.ca\/fr\/wp-json\/wp\/v2\/pages"}],"about":[{"href":"https:\/\/cwn-rce.ca\/fr\/wp-json\/wp\/v2\/types\/page"}],"author":[{"embeddable":true,"href":"https:\/\/cwn-rce.ca\/fr\/wp-json\/wp\/v2\/users\/1"}],"replies":[{"embeddable":true,"href":"https:\/\/cwn-rce.ca\/fr\/wp-json\/wp\/v2\/comments?post=5175"}],"version-history":[{"count":55,"href":"https:\/\/cwn-rce.ca\/fr\/wp-json\/wp\/v2\/pages\/5175\/revisions"}],"predecessor-version":[{"id":23087,"href":"https:\/\/cwn-rce.ca\/fr\/wp-json\/wp\/v2\/pages\/5175\/revisions\/23087"}],"wp:featuredmedia":[{"embeddable":true,"href":"https:\/\/cwn-rce.ca\/fr\/wp-json\/wp\/v2\/media\/17887"}],"wp:attachment":[{"href":"https:\/\/cwn-rce.ca\/fr\/wp-json\/wp\/v2\/media?parent=5175"}],"wp:term":[{"taxonomy":"category","embeddable":true,"href":"https:\/\/cwn-rce.ca\/fr\/wp-json\/wp\/v2\/categories?post=5175"},{"taxonomy":"post_tag","embeddable":true,"href":"https:\/\/cwn-rce.ca\/fr\/wp-json\/wp\/v2\/tags?post=5175"}],"curies":[{"name":"wp","href":"https:\/\/api.w.org\/{rel}","templated":true}]}}