{"id":5932,"date":"2018-01-31T20:09:50","date_gmt":"2018-01-31T20:09:50","guid":{"rendered":"http:\/\/new.cwn-rce.ca\/about-us\/global-water-research-coalition\/"},"modified":"2025-09-16T20:32:17","modified_gmt":"2025-09-17T00:32:17","slug":"global-water-research-coalition","status":"publish","type":"page","link":"https:\/\/cwn-rce.ca\/fr\/global-water-research-coalition\/","title":{"rendered":"Global Water Research Coalition"},"content":{"rendered":"<p><div class=\"fusion-fullwidth fullwidth-box fusion-builder-row-1 fusion-flex-container has-pattern-background has-mask-background nonhundred-percent-fullwidth non-hundred-percent-height-scrolling\" style=\"--awb-border-radius-top-left:0px;--awb-border-radius-top-right:0px;--awb-border-radius-bottom-right:0px;--awb-border-radius-bottom-left:0px;--awb-margin-top:19px;--awb-margin-bottom:0px;--awb-margin-top-medium:0px;--awb-flex-wrap:wrap;\" ><div class=\"fusion-builder-row fusion-row fusion-flex-align-items-center fusion-flex-content-wrap\" style=\"max-width:calc( 1100px + 5px );margin-left: calc(-5px \/ 2 );margin-right: calc(-5px \/ 2 );\"><div class=\"fusion-layout-column fusion_builder_column fusion-builder-column-0 fusion_builder_column_1_2 1_2 fusion-flex-column\" style=\"--awb-bg-size:cover;--awb-transform:translateX(0px);--awb-transform-hover:translateX(15px);--awb-width-large:50%;--awb-margin-top-large:0px;--awb-spacing-right-large:2.5px;--awb-margin-bottom-large:0px;--awb-spacing-left-large:2.5px;--awb-width-medium:100%;--awb-order-medium:0;--awb-spacing-right-medium:2.5px;--awb-spacing-left-medium:2.5px;--awb-width-small:100%;--awb-order-small:2;--awb-spacing-right-small:2.5px;--awb-spacing-left-small:2.5px;\"><div class=\"fusion-column-wrapper fusion-column-has-shadow fusion-flex-justify-content-flex-start fusion-content-layout-column\"><div class=\"fusion-image-element fusion-no-small-visibility fusion-no-medium-visibility\" style=\"--awb-aspect-ratio: 100 \/ 102;--awb-object-position:52% 22%;--awb-caption-title-color:hsla(var(--awb-color1-h),var(--awb-color1-s),var(--awb-color1-l),calc(var(--awb-color1-a) - 100%));--awb-caption-overlay-color:hsla(var(--awb-color1-h),var(--awb-color1-s),calc(var(--awb-color1-l) - 100%),calc(var(--awb-color1-a) - 50%));--awb-caption-title-font-family:var(--h2_typography-font-family);--awb-caption-title-font-weight:var(--h2_typography-font-weight);--awb-caption-title-font-style:var(--h2_typography-font-style);--awb-caption-title-size:var(--h2_typography-font-size);--awb-caption-title-transform:var(--h2_typography-text-transform);--awb-caption-title-line-height:var(--h2_typography-line-height);--awb-caption-title-letter-spacing:var(--h2_typography-letter-spacing);\"><span class=\" fusion-imageframe imageframe-none imageframe-1 hover-type-none has-aspect-ratio\" style=\"border-radius:0px 0px 50px 0px;\"><img decoding=\"async\" width=\"1024\" height=\"639\" title=\"bg-orbital-perspective\" src=\"https:\/\/cwn-rce.ca\/wp-content\/uploads\/2016\/08\/bg-orbital-perspective-1024x639.jpg\" class=\"img-responsive wp-image-7023 img-with-aspect-ratio\" data-parent-fit=\"cover\" data-parent-container=\".fusion-image-element\" alt srcset=\"https:\/\/cwn-rce.ca\/wp-content\/uploads\/2016\/08\/bg-orbital-perspective-200x125.jpg 200w, https:\/\/cwn-rce.ca\/wp-content\/uploads\/2016\/08\/bg-orbital-perspective-400x250.jpg 400w, https:\/\/cwn-rce.ca\/wp-content\/uploads\/2016\/08\/bg-orbital-perspective-600x375.jpg 600w, https:\/\/cwn-rce.ca\/wp-content\/uploads\/2016\/08\/bg-orbital-perspective-800x500.jpg 800w, https:\/\/cwn-rce.ca\/wp-content\/uploads\/2016\/08\/bg-orbital-perspective-1200x749.jpg 1200w, https:\/\/cwn-rce.ca\/wp-content\/uploads\/2016\/08\/bg-orbital-perspective.jpg 1920w\" sizes=\"(max-width: 1024px) 100vw, (max-width: 640px) 100vw, 600px\" \/><\/span><\/div><\/div><\/div><div class=\"fusion-layout-column fusion_builder_column fusion-builder-column-1 fusion_builder_column_1_2 1_2 fusion-flex-column fusion-flex-align-self-center\" style=\"--awb-padding-left:50px;--awb-padding-right-small:0px;--awb-padding-left-small:0px;--awb-bg-size:cover;--awb-width-large:50%;--awb-margin-top-large:0px;--awb-spacing-right-large:2.5px;--awb-margin-bottom-large:0px;--awb-spacing-left-large:2.5px;--awb-width-medium:100%;--awb-order-medium:0;--awb-spacing-right-medium:2.5px;--awb-spacing-left-medium:2.5px;--awb-width-small:100%;--awb-order-small:1;--awb-spacing-right-small:2.5px;--awb-margin-bottom-small:0px;--awb-spacing-left-small:2.5px;\"><div class=\"fusion-column-wrapper fusion-column-has-shadow fusion-flex-justify-content-flex-start fusion-content-layout-column\"><div class=\"fusion-title title fusion-title-1 fusion-sep-none fusion-title-text fusion-title-size-one\" style=\"--awb-margin-top:20px;--awb-margin-bottom:15px;\"><h1 class=\"fusion-title-heading title-heading-left fusion-responsive-typography-calculated\" style=\"margin:0;--fontSize:34;line-height:1.2;\"><h2>Une collaboration mondiale pour des retomb\u00e9es canadiennes<\/h2><\/h1><\/div><div class=\"fusion-text fusion-text-1 fusion-text-no-margin\" style=\"--awb-margin-bottom:20px;\"><p>En tant que repr\u00e9sentant du Canada au sein de la Global Water Research Coalition (GWRC), le RCE met le leadership canadien au service des efforts de recherche mondiaux et rapporte au pays des perspectives mondiales afin d\u2019\u00e9clairer les solutions locales. Notre participation garantit que les priorit\u00e9s canadiennes sont prises en compte dans les programmes de recherche internationaux, tout en nous donnant acc\u00e8s aux connaissances scientifiques et techniques de pointe du monde entier.<\/p>\n<h2 class=\"fusion-responsive-typography-calculated\" style=\"--fontsize: 25; line-height: 1.3; --minfontsize: 25;\" data-fontsize=\"25\" data-lineheight=\"32.5px\"><strong>Pourquoi est-ce important<\/strong><\/h2>\n<p>Les d\u00e9fis li\u00e9s \u00e0 l\u2019eau ne s\u2019arr\u00eatent pas aux fronti\u00e8res. Par l\u2019interm\u00e9diaire de la GWRC, le RCE contribue \u00e0 fa\u00e7onner un programme de recherche mondial qui favorise une meilleure prise de d\u00e9cision, \u00e9claire les politiques et la r\u00e9glementation et promeut des pratiques de gestion durable de l\u2019eau dans le monde entier.<\/p>\n<\/div><\/div><\/div><\/div><\/div><div class=\"fusion-fullwidth fullwidth-box fusion-builder-row-2 nonhundred-percent-fullwidth non-hundred-percent-height-scrolling\" style=\"--awb-border-radius-top-left:0px;--awb-border-radius-top-right:0px;--awb-border-radius-bottom-right:0px;--awb-border-radius-bottom-left:0px;--awb-flex-wrap:wrap;\" ><div class=\"fusion-builder-row fusion-row\"><div class=\"fusion-layout-column fusion_builder_column fusion-builder-column-2 fusion_builder_column_1_1 1_1 fusion-one-full fusion-column-first fusion-column-last\" style=\"--awb-bg-size:cover;\"><div class=\"fusion-column-wrapper fusion-column-has-shadow fusion-flex-column-wrapper-legacy\"><div class=\"fusion-image-element fusion-image-align-left in-legacy-container\" style=\"text-align:left;--awb-margin-bottom:30px;--awb-caption-title-color:hsla(var(--awb-color1-h),var(--awb-color1-s),var(--awb-color1-l),calc(var(--awb-color1-a) - 100%));--awb-caption-overlay-color:hsla(var(--awb-color1-h),var(--awb-color1-s),calc(var(--awb-color1-l) - 100%),calc(var(--awb-color1-a) - 50%));--awb-caption-title-font-family:var(--h2_typography-font-family);--awb-caption-title-font-weight:var(--h2_typography-font-weight);--awb-caption-title-font-style:var(--h2_typography-font-style);--awb-caption-title-size:var(--h2_typography-font-size);--awb-caption-title-transform:var(--h2_typography-text-transform);--awb-caption-title-line-height:var(--h2_typography-line-height);--awb-caption-title-letter-spacing:var(--h2_typography-letter-spacing);\"><span class=\" fusion-imageframe imageframe-none imageframe-2 hover-type-none\" style=\"border-radius:0px 0px 50px 0px;margin-right:25px;float:left;\"><img decoding=\"async\" width=\"600\" height=\"146\" title=\"gwrc-logo\" src=\"https:\/\/cwn-rce.ca\/wp-content\/uploads\/2016\/02\/GWRC-logo.png\" alt class=\"img-responsive wp-image-5874\" srcset=\"https:\/\/cwn-rce.ca\/wp-content\/uploads\/2016\/02\/GWRC-logo-200x49.png 200w, https:\/\/cwn-rce.ca\/wp-content\/uploads\/2016\/02\/GWRC-logo-400x97.png 400w, https:\/\/cwn-rce.ca\/wp-content\/uploads\/2016\/02\/GWRC-logo.png 600w\" sizes=\"(max-width: 800px) 100vw, 600px\" \/><\/span><\/div><div class=\"fusion-clearfix\"><\/div><\/div><\/div><div class=\"fusion-layout-column fusion_builder_column fusion-builder-column-3 fusion_builder_column_1_1 1_1 fusion-one-full fusion-column-first fusion-column-last\" style=\"--awb-bg-blend:overlay;--awb-bg-size:cover;\"><div class=\"fusion-column-wrapper fusion-flex-column-wrapper-legacy\"><div class=\"fusion-text fusion-text-2\"><h1 class=\"fusion-responsive-typography-calculated\" style=\"--fontsize: 34; line-height: 1.41;\" data-fontsize=\"34\" data-lineheight=\"47.94px\">\u00c0 propos de la GWRC<\/h1>\n<p>Cr\u00e9\u00e9 en 2002, la GWRC rassemble 12\u00a0organismes de recherche nationaux qui s\u2019attaquent aux d\u00e9fis mondiaux li\u00e9s \u00e0 l\u2019eau, tout au long du cycle de l\u2019eau \u2014 de l\u2019approvisionnement en eau jusqu\u2019aux eaux us\u00e9es en passant par les ressources en eau renouvelables. En mettant en commun leurs connaissances, les membres de la GWRC renforcent leur capacit\u00e9 \u00e0 r\u00e9pondre aux probl\u00e8mes complexes et communs dans le secteur de l\u2019eau et soutiennent la diffusion mondiale des connaissances essentielles<\/p>\n<\/div><div class=\"fusion-image-element in-legacy-container\" style=\"--awb-caption-title-font-family:var(--h2_typography-font-family);--awb-caption-title-font-weight:var(--h2_typography-font-weight);--awb-caption-title-font-style:var(--h2_typography-font-style);--awb-caption-title-size:var(--h2_typography-font-size);--awb-caption-title-transform:var(--h2_typography-text-transform);--awb-caption-title-line-height:var(--h2_typography-line-height);--awb-caption-title-letter-spacing:var(--h2_typography-letter-spacing);\"><span class=\" fusion-imageframe imageframe-none imageframe-3 hover-type-none\"><img decoding=\"async\" width=\"1200\" height=\"700\" title=\"GWRC 2025 1200&#215;700\" src=\"https:\/\/cwn-rce.ca\/wp-content\/uploads\/GWRC-2025-1200x700-1.jpg\" alt class=\"img-responsive wp-image-20699\" srcset=\"https:\/\/cwn-rce.ca\/wp-content\/uploads\/GWRC-2025-1200x700-1-200x117.jpg 200w, https:\/\/cwn-rce.ca\/wp-content\/uploads\/GWRC-2025-1200x700-1-400x233.jpg 400w, https:\/\/cwn-rce.ca\/wp-content\/uploads\/GWRC-2025-1200x700-1-600x350.jpg 600w, https:\/\/cwn-rce.ca\/wp-content\/uploads\/GWRC-2025-1200x700-1-800x467.jpg 800w, https:\/\/cwn-rce.ca\/wp-content\/uploads\/GWRC-2025-1200x700-1.jpg 1200w\" sizes=\"(max-width: 800px) 100vw, 1200px\" \/><\/span><\/div><div class=\"fusion-text fusion-text-3\" style=\"--awb-margin-top:20px;\"><h2 class=\"fusion-responsive-typography-calculated\" style=\"--fontsize: 25; line-height: 1.3; --minfontsize: 25;\" data-fontsize=\"25\" data-lineheight=\"32.5px\">Member organizations:<\/h2>\n<\/p>\n<ul>\n<li>R\u00e9seau canadien de l\u2019eau<\/li>\n<li>DVGW TZW \u2014 Water Technology Center (Allemagne)<\/li>\n<li>Kiwa Water Cycle Research Institute (Pays-Bas)<\/li>\n<li>PUB (Singapour)<\/li>\n<li>Stowa \u2013 Foundation for Applied Water Research (Pays-Bas)<\/li>\n<li>Suez Environmental \u2013 CIRSEE (France)<\/li>\n<li>United Kingdom Water Industry Research (Royaume-Uni)<\/li>\n<li>Veolia Environnement \u2014 VERI (France)<\/li>\n<li>Water Research Australia<\/li>\n<li>Water Research Commission (Afrique du Sud)<\/li>\n<li>Water Research Foundation (\u00c9tats-Unis)<\/li>\n<li>Water Services Association of Australia<\/li>\n<\/ul>\n<\/div><div class=\"fusion-text fusion-text-4\"><h2 class=\"\" style=\"--fontsize: 25; line-height: 1.5; --minfontsize: 25;\" data-fontsize=\"25\" data-lineheight=\"37.5px\">Ressources de la GWRC :<\/h2>\n<ul>\n<li><a href=\"https:\/\/cwn-rce.ca\/wp-content\/uploads\/GWRC-Overview-of-Activities-2023-2024-Final.pdf\" target=\"_blank\" rel=\"noopener noreferrer\">Aper\u00e7u des activit\u00e9s 2023-24 de la GWRC (en anglais seulement)<\/a><\/li>\n<li><a href=\"https:\/\/cwn-rce.ca\/wp-content\/uploads\/Effect-Based-Monitoring-in-Water-Safety-Planning.pdf\">Rapport : Surveillance bas\u00e9e sur les effets dans le domaine de la s\u00e9curit\u00e9 de l&#8217;eau Planification (en anglais seulement)<\/a><\/li>\n<li><a href=\"\/wp-content\/uploads\/GWRC-Annual-Review-2018.pdf\" target=\"_blank\" rel=\"noopener noreferrer\">Rapport annuel 2018 de la GWRC (en anglais seulement)<\/a><\/li>\n<li style=\"text-align: left;\"><a href=\"\/wp-content\/uploads\/Phosphorus-Recovery-Factsheet-January-2019.pdf\" target=\"_blank\" rel=\"noopener noreferrer\">Phosphorus Recovery Factsheet (en anglais seulement)<\/a><\/li>\n<\/ul>\n<\/div><div class=\"fusion-align-block\"><a class=\"fusion-button button-flat button-xlarge button-default fusion-button-default button-1 fusion-button-span-yes fusion-button-default-type\" style=\"--button-border-radius-bottom-right:20px;--button_margin-bottom:15px;\" target=\"_blank\" rel=\"noopener noreferrer\" href=\"https:\/\/globalwaterresearchcoalition.net\/\"><span class=\"fusion-button-text awb-button__text awb-button__text--default\">Consultez le site Web de la GWRC<\/span><\/a><\/div><div class=\"fusion-clearfix\"><\/div><\/div><\/div><\/div><\/div><\/p>\n","protected":false},"excerpt":{"rendered":"","protected":false},"author":1,"featured_media":17887,"parent":0,"menu_order":59,"comment_status":"closed","ping_status":"closed","template":"","meta":{"_acf_changed":false,"footnotes":""},"categories":[],"tags":[],"class_list":["post-5932","page","type-page","status-publish","has-post-thumbnail","hentry"],"acf":[],"yoast_head":"<!-- This site is optimized with the Yoast SEO plugin v26.8 - https:\/\/yoast.com\/product\/yoast-seo-wordpress\/ -->\n<title>Global Water Research Coalition &#8211; R\u00e9seau canadien de l\u2019eau<\/title>\n<meta name=\"robots\" content=\"index, follow, max-snippet:-1, max-image-preview:large, max-video-preview:-1\" \/>\n<link rel=\"canonical\" href=\"https:\/\/cwn-rce.ca\/fr\/global-water-research-coalition\/\" \/>\n<meta property=\"og:locale\" content=\"fr_CA\" \/>\n<meta property=\"og:type\" content=\"article\" \/>\n<meta property=\"og:title\" content=\"Global Water Research Coalition &#8211; R\u00e9seau canadien de l\u2019eau\" \/>\n<meta property=\"og:url\" content=\"https:\/\/cwn-rce.ca\/fr\/global-water-research-coalition\/\" \/>\n<meta property=\"og:site_name\" content=\"R\u00e9seau canadien de l\u2019eau\" \/>\n<meta property=\"article:publisher\" content=\"https:\/\/www.facebook.com\/CanadianWaterNetwork\/\" \/>\n<meta property=\"article:modified_time\" content=\"2025-09-17T00:32:17+00:00\" \/>\n<meta property=\"og:image\" content=\"https:\/\/cwn-rce.ca\/wp-content\/uploads\/iStock-670342172-scaled.jpg\" \/>\n\t<meta property=\"og:image:width\" content=\"2560\" \/>\n\t<meta property=\"og:image:height\" content=\"1707\" \/>\n\t<meta property=\"og:image:type\" content=\"image\/jpeg\" \/>\n<meta name=\"twitter:card\" content=\"summary_large_image\" \/>\n<meta name=\"twitter:site\" content=\"@CdnWaterNetwork\" \/>\n<meta name=\"twitter:label1\" content=\"Estimation du temps de lecture\" \/>\n\t<meta name=\"twitter:data1\" content=\"11 minutes\" \/>\n<script type=\"application\/ld+json\" class=\"yoast-schema-graph\">{\"@context\":\"https:\/\/schema.org\",\"@graph\":[{\"@type\":\"WebPage\",\"@id\":\"https:\/\/cwn-rce.ca\/fr\/global-water-research-coalition\/\",\"url\":\"https:\/\/cwn-rce.ca\/fr\/global-water-research-coalition\/\",\"name\":\"Global Water Research Coalition &#8211; R\u00e9seau canadien de l\u2019eau\",\"isPartOf\":{\"@id\":\"https:\/\/cwn-rce.ca\/fr\/#website\"},\"primaryImageOfPage\":{\"@id\":\"https:\/\/cwn-rce.ca\/fr\/global-water-research-coalition\/#primaryimage\"},\"image\":{\"@id\":\"https:\/\/cwn-rce.ca\/fr\/global-water-research-coalition\/#primaryimage\"},\"thumbnailUrl\":\"https:\/\/cwn-rce.ca\/wp-content\/uploads\/iStock-670342172-scaled.jpg\",\"datePublished\":\"2018-01-31T20:09:50+00:00\",\"dateModified\":\"2025-09-17T00:32:17+00:00\",\"breadcrumb\":{\"@id\":\"https:\/\/cwn-rce.ca\/fr\/global-water-research-coalition\/#breadcrumb\"},\"inLanguage\":\"fr-CA\",\"potentialAction\":[{\"@type\":\"ReadAction\",\"target\":[\"https:\/\/cwn-rce.ca\/fr\/global-water-research-coalition\/\"]}]},{\"@type\":\"ImageObject\",\"inLanguage\":\"fr-CA\",\"@id\":\"https:\/\/cwn-rce.ca\/fr\/global-water-research-coalition\/#primaryimage\",\"url\":\"https:\/\/cwn-rce.ca\/wp-content\/uploads\/iStock-670342172-scaled.jpg\",\"contentUrl\":\"https:\/\/cwn-rce.ca\/wp-content\/uploads\/iStock-670342172-scaled.jpg\",\"width\":2560,\"height\":1707,\"caption\":\"Rippled pattern on blue water surface. Natural pattern.\"},{\"@type\":\"BreadcrumbList\",\"@id\":\"https:\/\/cwn-rce.ca\/fr\/global-water-research-coalition\/#breadcrumb\",\"itemListElement\":[{\"@type\":\"ListItem\",\"position\":1,\"name\":\"Home\",\"item\":\"https:\/\/cwn-rce.ca\/fr\/\"},{\"@type\":\"ListItem\",\"position\":2,\"name\":\"Global Water Research Coalition\"}]},{\"@type\":\"WebSite\",\"@id\":\"https:\/\/cwn-rce.ca\/fr\/#website\",\"url\":\"https:\/\/cwn-rce.ca\/fr\/\",\"name\":\"R\u00e9seau canadien de l\u2019eau\",\"description\":\"\",\"publisher\":{\"@id\":\"https:\/\/cwn-rce.ca\/fr\/#organization\"},\"potentialAction\":[{\"@type\":\"SearchAction\",\"target\":{\"@type\":\"EntryPoint\",\"urlTemplate\":\"https:\/\/cwn-rce.ca\/fr\/?s={search_term_string}\"},\"query-input\":{\"@type\":\"PropertyValueSpecification\",\"valueRequired\":true,\"valueName\":\"search_term_string\"}}],\"inLanguage\":\"fr-CA\"},{\"@type\":\"Organization\",\"@id\":\"https:\/\/cwn-rce.ca\/fr\/#organization\",\"name\":\"Canadian Water Network\",\"url\":\"https:\/\/cwn-rce.ca\/fr\/\",\"logo\":{\"@type\":\"ImageObject\",\"inLanguage\":\"fr-CA\",\"@id\":\"https:\/\/cwn-rce.ca\/fr\/#\/schema\/logo\/image\/\",\"url\":\"https:\/\/cwn-rce.ca\/wp-content\/uploads\/2016\/02\/CWN-Logo-English.png\",\"contentUrl\":\"https:\/\/cwn-rce.ca\/wp-content\/uploads\/2016\/02\/CWN-Logo-English.png\",\"width\":1503,\"height\":525,\"caption\":\"Canadian Water Network\"},\"image\":{\"@id\":\"https:\/\/cwn-rce.ca\/fr\/#\/schema\/logo\/image\/\"},\"sameAs\":[\"https:\/\/www.facebook.com\/CanadianWaterNetwork\/\",\"https:\/\/x.com\/CdnWaterNetwork\",\"https:\/\/www.linkedin.com\/company\/canadian-water-network\/\",\"https:\/\/www.youtube.com\/channel\/UCEjwENtS0hTmIO1BQGQqUEw\"]}]}<\/script>\n<!-- \/ Yoast SEO plugin. -->","yoast_head_json":{"title":"Global Water Research Coalition &#8211; R\u00e9seau canadien de l\u2019eau","robots":{"index":"index","follow":"follow","max-snippet":"max-snippet:-1","max-image-preview":"max-image-preview:large","max-video-preview":"max-video-preview:-1"},"canonical":"https:\/\/cwn-rce.ca\/fr\/global-water-research-coalition\/","og_locale":"fr_CA","og_type":"article","og_title":"Global Water Research Coalition &#8211; R\u00e9seau canadien de l\u2019eau","og_url":"https:\/\/cwn-rce.ca\/fr\/global-water-research-coalition\/","og_site_name":"R\u00e9seau canadien de l\u2019eau","article_publisher":"https:\/\/www.facebook.com\/CanadianWaterNetwork\/","article_modified_time":"2025-09-17T00:32:17+00:00","og_image":[{"width":2560,"height":1707,"url":"https:\/\/cwn-rce.ca\/wp-content\/uploads\/iStock-670342172-scaled.jpg","type":"image\/jpeg"}],"twitter_card":"summary_large_image","twitter_site":"@CdnWaterNetwork","twitter_misc":{"Estimation du temps de lecture":"11 minutes"},"schema":{"@context":"https:\/\/schema.org","@graph":[{"@type":"WebPage","@id":"https:\/\/cwn-rce.ca\/fr\/global-water-research-coalition\/","url":"https:\/\/cwn-rce.ca\/fr\/global-water-research-coalition\/","name":"Global Water Research Coalition &#8211; R\u00e9seau canadien de l\u2019eau","isPartOf":{"@id":"https:\/\/cwn-rce.ca\/fr\/#website"},"primaryImageOfPage":{"@id":"https:\/\/cwn-rce.ca\/fr\/global-water-research-coalition\/#primaryimage"},"image":{"@id":"https:\/\/cwn-rce.ca\/fr\/global-water-research-coalition\/#primaryimage"},"thumbnailUrl":"https:\/\/cwn-rce.ca\/wp-content\/uploads\/iStock-670342172-scaled.jpg","datePublished":"2018-01-31T20:09:50+00:00","dateModified":"2025-09-17T00:32:17+00:00","breadcrumb":{"@id":"https:\/\/cwn-rce.ca\/fr\/global-water-research-coalition\/#breadcrumb"},"inLanguage":"fr-CA","potentialAction":[{"@type":"ReadAction","target":["https:\/\/cwn-rce.ca\/fr\/global-water-research-coalition\/"]}]},{"@type":"ImageObject","inLanguage":"fr-CA","@id":"https:\/\/cwn-rce.ca\/fr\/global-water-research-coalition\/#primaryimage","url":"https:\/\/cwn-rce.ca\/wp-content\/uploads\/iStock-670342172-scaled.jpg","contentUrl":"https:\/\/cwn-rce.ca\/wp-content\/uploads\/iStock-670342172-scaled.jpg","width":2560,"height":1707,"caption":"Rippled pattern on blue water surface. Natural pattern."},{"@type":"BreadcrumbList","@id":"https:\/\/cwn-rce.ca\/fr\/global-water-research-coalition\/#breadcrumb","itemListElement":[{"@type":"ListItem","position":1,"name":"Home","item":"https:\/\/cwn-rce.ca\/fr\/"},{"@type":"ListItem","position":2,"name":"Global Water Research Coalition"}]},{"@type":"WebSite","@id":"https:\/\/cwn-rce.ca\/fr\/#website","url":"https:\/\/cwn-rce.ca\/fr\/","name":"R\u00e9seau canadien de l\u2019eau","description":"","publisher":{"@id":"https:\/\/cwn-rce.ca\/fr\/#organization"},"potentialAction":[{"@type":"SearchAction","target":{"@type":"EntryPoint","urlTemplate":"https:\/\/cwn-rce.ca\/fr\/?s={search_term_string}"},"query-input":{"@type":"PropertyValueSpecification","valueRequired":true,"valueName":"search_term_string"}}],"inLanguage":"fr-CA"},{"@type":"Organization","@id":"https:\/\/cwn-rce.ca\/fr\/#organization","name":"Canadian Water Network","url":"https:\/\/cwn-rce.ca\/fr\/","logo":{"@type":"ImageObject","inLanguage":"fr-CA","@id":"https:\/\/cwn-rce.ca\/fr\/#\/schema\/logo\/image\/","url":"https:\/\/cwn-rce.ca\/wp-content\/uploads\/2016\/02\/CWN-Logo-English.png","contentUrl":"https:\/\/cwn-rce.ca\/wp-content\/uploads\/2016\/02\/CWN-Logo-English.png","width":1503,"height":525,"caption":"Canadian Water Network"},"image":{"@id":"https:\/\/cwn-rce.ca\/fr\/#\/schema\/logo\/image\/"},"sameAs":["https:\/\/www.facebook.com\/CanadianWaterNetwork\/","https:\/\/x.com\/CdnWaterNetwork","https:\/\/www.linkedin.com\/company\/canadian-water-network\/","https:\/\/www.youtube.com\/channel\/UCEjwENtS0hTmIO1BQGQqUEw"]}]}},"_links":{"self":[{"href":"https:\/\/cwn-rce.ca\/fr\/wp-json\/wp\/v2\/pages\/5932","targetHints":{"allow":["GET"]}}],"collection":[{"href":"https:\/\/cwn-rce.ca\/fr\/wp-json\/wp\/v2\/pages"}],"about":[{"href":"https:\/\/cwn-rce.ca\/fr\/wp-json\/wp\/v2\/types\/page"}],"author":[{"embeddable":true,"href":"https:\/\/cwn-rce.ca\/fr\/wp-json\/wp\/v2\/users\/1"}],"replies":[{"embeddable":true,"href":"https:\/\/cwn-rce.ca\/fr\/wp-json\/wp\/v2\/comments?post=5932"}],"version-history":[{"count":14,"href":"https:\/\/cwn-rce.ca\/fr\/wp-json\/wp\/v2\/pages\/5932\/revisions"}],"predecessor-version":[{"id":21852,"href":"https:\/\/cwn-rce.ca\/fr\/wp-json\/wp\/v2\/pages\/5932\/revisions\/21852"}],"wp:featuredmedia":[{"embeddable":true,"href":"https:\/\/cwn-rce.ca\/fr\/wp-json\/wp\/v2\/media\/17887"}],"wp:attachment":[{"href":"https:\/\/cwn-rce.ca\/fr\/wp-json\/wp\/v2\/media?parent=5932"}],"wp:term":[{"taxonomy":"category","embeddable":true,"href":"https:\/\/cwn-rce.ca\/fr\/wp-json\/wp\/v2\/categories?post=5932"},{"taxonomy":"post_tag","embeddable":true,"href":"https:\/\/cwn-rce.ca\/fr\/wp-json\/wp\/v2\/tags?post=5932"}],"curies":[{"name":"wp","href":"https:\/\/api.w.org\/{rel}","templated":true}]}}